{"id":3001,"date":"2022-05-16T15:15:17","date_gmt":"2022-05-16T13:15:17","guid":{"rendered":"https:\/\/3bbiotech.com\/observational-and-late-phase-research\/clinical-observational-research\/"},"modified":"2025-03-24T11:55:00","modified_gmt":"2025-03-24T10:55:00","slug":"clinical-observational-research","status":"publish","type":"page","link":"https:\/\/3bbiotech.com\/it\/studi-osservazionali-e-di-fase-avanzata\/clinical-observational-research\/","title":{"rendered":"Patient Support Programs"},"content":{"rendered":"\t\t<div data-elementor-type=\"wp-page\" data-elementor-id=\"3001\" class=\"elementor elementor-3001 elementor-1868\">\n\t\t\t\t\t\t<section class=\"elementor-section elementor-top-section elementor-element elementor-element-209740f elementor-section-stretched intro-page elementor-section-full_width elementor-section-height-default elementor-section-height-default\" data-id=\"209740f\" data-element_type=\"section\" data-e-type=\"section\" data-settings=\"{&quot;stretch_section&quot;:&quot;section-stretched&quot;}\">\n\t\t\t\t\t\t<div class=\"elementor-container elementor-column-gap-default\">\n\t\t\t\t\t<div class=\"elementor-column elementor-col-100 elementor-top-column elementor-element elementor-element-4a5cff5\" data-id=\"4a5cff5\" data-element_type=\"column\" data-e-type=\"column\">\n\t\t\t<div class=\"elementor-widget-wrap elementor-element-populated\">\n\t\t\t\t\t\t<section class=\"elementor-section elementor-inner-section elementor-element elementor-element-592fd4e elementor-section-full_width elementor-section-height-default elementor-section-height-default\" data-id=\"592fd4e\" data-element_type=\"section\" data-e-type=\"section\">\n\t\t\t\t\t\t<div class=\"elementor-container elementor-column-gap-default\">\n\t\t\t\t\t<div class=\"elementor-column elementor-col-50 elementor-inner-column elementor-element elementor-element-16769fe animated-slow elementor-invisible\" data-id=\"16769fe\" data-element_type=\"column\" data-e-type=\"column\" data-settings=\"{&quot;animation&quot;:&quot;fadeInUp&quot;}\">\n\t\t\t<div class=\"elementor-widget-wrap elementor-element-populated\">\n\t\t\t\t\t\t<div class=\"elementor-element elementor-element-5eea623 elementor-widget elementor-widget-shortcode\" data-id=\"5eea623\" data-element_type=\"widget\" data-e-type=\"widget\" data-widget_type=\"shortcode.default\">\n\t\t\t\t<div class=\"elementor-widget-container\">\n\t\t\t\t\t\t\t<div class=\"elementor-shortcode\"><span><span><a href=\"https:\/\/3bbiotech.com\/it\/\">Home<\/a><\/span><\/span><\/div>\n\t\t\t\t\t\t<\/div>\n\t\t\t\t<\/div>\n\t\t\t\t\t<\/div>\n\t\t<\/div>\n\t\t\t\t<div class=\"elementor-column elementor-col-50 elementor-inner-column elementor-element elementor-element-25ffdcd animated-slow elementor-invisible\" data-id=\"25ffdcd\" data-element_type=\"column\" data-e-type=\"column\" data-settings=\"{&quot;animation&quot;:&quot;fadeInUp&quot;,&quot;animation_delay&quot;:500}\">\n\t\t\t<div class=\"elementor-widget-wrap elementor-element-populated\">\n\t\t\t\t\t\t<div class=\"elementor-element elementor-element-f49dd49 elementor-widget elementor-widget-heading\" data-id=\"f49dd49\" data-element_type=\"widget\" data-e-type=\"widget\" data-widget_type=\"heading.default\">\n\t\t\t\t<div class=\"elementor-widget-container\">\n\t\t\t\t\t<h1 class=\"elementor-heading-title elementor-size-default\">PATIENT SUPPORT PROGRAMS<\/h1>\t\t\t\t<\/div>\n\t\t\t\t<\/div>\n\t\t\t\t<div class=\"elementor-element elementor-element-ba324c9 elementor-widget elementor-widget-heading\" data-id=\"ba324c9\" data-element_type=\"widget\" data-e-type=\"widget\" data-widget_type=\"heading.default\">\n\t\t\t\t<div class=\"elementor-widget-container\">\n\t\t\t\t\t<h2 class=\"elementor-heading-title elementor-size-default\">3B Biotech si propone come partner  nella progettazione ed esecuzione di Programmi di Supporto ai Pazienti  con un ottimo  rapporto costo-efficacia<\/h2>\t\t\t\t<\/div>\n\t\t\t\t<\/div>\n\t\t\t\t<div class=\"elementor-element elementor-element-d9c7da9 elementor-widget elementor-widget-text-editor\" data-id=\"d9c7da9\" data-element_type=\"widget\" data-e-type=\"widget\" data-widget_type=\"text-editor.default\">\n\t\t\t\t<div class=\"elementor-widget-container\">\n\t\t\t\t\t\t\t\t\t<h5>Garantiamo la piena conformit\u00e0 alla Farmacovigilanza associata ai PSP in base alla legislazione vigente.<\/h5>\t\t\t\t\t\t\t\t<\/div>\n\t\t\t\t<\/div>\n\t\t\t\t\t<\/div>\n\t\t<\/div>\n\t\t\t\t\t<\/div>\n\t\t<\/section>\n\t\t\t\t<div class=\"elementor-element elementor-element-0b87740 animated-slow elementor-invisible elementor-widget elementor-widget-image\" data-id=\"0b87740\" data-element_type=\"widget\" data-e-type=\"widget\" data-settings=\"{&quot;_animation&quot;:&quot;fadeIn&quot;,&quot;_animation_delay&quot;:800}\" data-widget_type=\"image.default\">\n\t\t\t\t<div class=\"elementor-widget-container\">\n\t\t\t\t\t\t\t\t\t\t\t\t\t\t\t<img fetchpriority=\"high\" decoding=\"async\" width=\"1920\" height=\"650\" src=\"https:\/\/3bbiotech.com\/wp-content\/uploads\/2022\/07\/Patient-Support-Programs-head-def.jpg\" class=\"attachment-full size-full wp-image-3177\" alt=\"\" srcset=\"https:\/\/3bbiotech.com\/wp-content\/uploads\/2022\/07\/Patient-Support-Programs-head-def.jpg 1920w, https:\/\/3bbiotech.com\/wp-content\/uploads\/2022\/07\/Patient-Support-Programs-head-def-300x102.jpg 300w, https:\/\/3bbiotech.com\/wp-content\/uploads\/2022\/07\/Patient-Support-Programs-head-def-1024x347.jpg 1024w, https:\/\/3bbiotech.com\/wp-content\/uploads\/2022\/07\/Patient-Support-Programs-head-def-768x260.jpg 768w, https:\/\/3bbiotech.com\/wp-content\/uploads\/2022\/07\/Patient-Support-Programs-head-def-1536x520.jpg 1536w\" sizes=\"(max-width: 1920px) 100vw, 1920px\" \/>\t\t\t\t\t\t\t\t\t\t\t\t\t\t\t<\/div>\n\t\t\t\t<\/div>\n\t\t\t\t<section class=\"elementor-section elementor-inner-section elementor-element elementor-element-f9a566b elementor-section-full_width elementor-section-height-default elementor-section-height-default\" data-id=\"f9a566b\" data-element_type=\"section\" data-e-type=\"section\">\n\t\t\t\t\t\t<div class=\"elementor-container elementor-column-gap-default\">\n\t\t\t\t\t<div class=\"elementor-column elementor-col-100 elementor-inner-column elementor-element elementor-element-a8b282c animated-slow elementor-invisible\" data-id=\"a8b282c\" data-element_type=\"column\" data-e-type=\"column\" data-settings=\"{&quot;animation&quot;:&quot;fadeInUp&quot;,&quot;animation_delay&quot;:500}\">\n\t\t\t<div class=\"elementor-widget-wrap elementor-element-populated\">\n\t\t\t\t\t\t<div class=\"elementor-element elementor-element-aaf0021 elementor-widget elementor-widget-text-editor\" data-id=\"aaf0021\" data-element_type=\"widget\" data-e-type=\"widget\" data-widget_type=\"text-editor.default\">\n\t\t\t\t<div class=\"elementor-widget-container\">\n\t\t\t\t\t\t\t\t\t<p>In un contesto sanitario in continua evoluzione e con pazienti in grado di avere sempre maggiori informazioni sulle proprie patologie e sui percorsi terapeutici, i Programmi di Supporto al Paziente (PSP) hanno acquisito un&#8217;importanza fondamentale per gestire al meglio il percorso diagnostico\/terapeutico, gestendo le differenze tra i vari pazienti e le loro aspettative.<\/p><p>Progettare e condurre i PSP diventa fondamentale per supportare il paziente a seguire correttamente una terapia, ridurre gli spostamenti dello stesso dal proprio domicilio, utilizzare pi\u00f9 correttamente le risorse sanitarie.<\/p><p>3B Biotech si propone come partner nell&#8217;analisi dei bisogni e nella progettazione di PSP con un adeguato rapporto costo\/efficacia.<\/p><p>3B Biotech \u00e8 inoltre in grado di garantire la conformit\u00e0 alla Farmacovigilanza associata ai PSP in accordo con la legislazione locale ed europea.<\/p><p>Il modulo VI delle Buone Pratiche di Vigilanza (GVP) tratta i requisiti legali applicabili alle parti interessate per quanto riguarda la raccolta, la gestione dei dati e la segnalazione di sospette reazioni avverse associate ai medicinali per uso umano autorizzati nell&#8217;Unione Europea (UE). Questo modulo contiene anche i requisiti applicabili ai titolari di autorizzazioni all&#8217;immissione in commercio (MAH) per la gestione e la segnalazione dei dati sulla sicurezza derivanti dai PSP.<\/p><p>I casi gravi e non gravi di sospette reazioni avverse che hanno origine in questi programmi devono essere segnalati dai titolari di autorizzazione all&#8217;immissione in commercio come segnalazioni sollecitate.<\/p><p>Il PSP comprende servizi che comportano un&#8217;interazione diretta con i pazienti e\/o con chi li assiste allo scopo di<\/p><ul><li>aiutare a gestire i farmaci e\/o i risultati della malattia del paziente (ad esempio, aderenza, consapevolezza, educazione)<\/li><li>fornire agli operatori sanitari un supporto per i loro pazienti<\/li><\/ul><p>Nell&#8217;ambito di questi programmi vengono raccolte le informazioni di sicurezza relative all&#8217;uso dei suoi medicinali.<\/p><p>I pazienti\/caregiver possono segnalare eventi che si sono verificati in concomitanza con l&#8217;uso del medicinale e che potrebbero essere sospettati di essere reazioni avverse.<\/p>\t\t\t\t\t\t\t\t<\/div>\n\t\t\t\t<\/div>\n\t\t\t\t\t<\/div>\n\t\t<\/div>\n\t\t\t\t\t<\/div>\n\t\t<\/section>\n\t\t\t\t<section class=\"elementor-section elementor-inner-section elementor-element elementor-element-997516e elementor-section-full_width elementor-section-content-middle elementor-section-height-default elementor-section-height-default\" data-id=\"997516e\" data-element_type=\"section\" data-e-type=\"section\">\n\t\t\t\t\t\t<div class=\"elementor-container elementor-column-gap-default\">\n\t\t\t\t\t<div class=\"elementor-column elementor-col-50 elementor-inner-column elementor-element elementor-element-7d2aaaa animated-slow elementor-invisible\" data-id=\"7d2aaaa\" data-element_type=\"column\" data-e-type=\"column\" data-settings=\"{&quot;animation&quot;:&quot;fadeInUp&quot;,&quot;animation_delay&quot;:500}\">\n\t\t\t<div class=\"elementor-widget-wrap elementor-element-populated\">\n\t\t\t\t\t\t<div class=\"elementor-element elementor-element-d1b9ce2 elementor-widget elementor-widget-heading\" data-id=\"d1b9ce2\" data-element_type=\"widget\" data-e-type=\"widget\" data-widget_type=\"heading.default\">\n\t\t\t\t<div class=\"elementor-widget-container\">\n\t\t\t\t\t<h3 class=\"elementor-heading-title elementor-size-default\">Il valore aggiunto delle informazioni e dei dati risultanti dai PSPs<\/h3>\t\t\t\t<\/div>\n\t\t\t\t<\/div>\n\t\t\t\t<div class=\"elementor-element elementor-element-819cc31 elementor-widget elementor-widget-text-editor\" data-id=\"819cc31\" data-element_type=\"widget\" data-e-type=\"widget\" data-widget_type=\"text-editor.default\">\n\t\t\t\t<div class=\"elementor-widget-container\">\n\t\t\t\t\t\t\t\t\t<ul><li>Il Programma fornisce\u00a0 buone indicazioni su ci\u00f2 che \u00e8 importante per i pazienti in relazione alla loro malattia o alla terapia e ne ottimizza i benefici.\u00a0<\/li><li>Pu\u00f2 aiutare a indirizzare i pazienti verso la ricerca di un aiuto medico o aumentare la consapevolezza\u00a0 per evitare di interrompere il trattamento in modo inappropriato.<\/li><li>Conferma ci\u00f2 che \u00e8 gi\u00e0 noto<\/li><\/ul>\t\t\t\t\t\t\t\t<\/div>\n\t\t\t\t<\/div>\n\t\t\t\t\t<\/div>\n\t\t<\/div>\n\t\t\t\t<div class=\"elementor-column elementor-col-50 elementor-inner-column elementor-element elementor-element-52dbf07 animated-slow img-col elementor-invisible\" data-id=\"52dbf07\" data-element_type=\"column\" data-e-type=\"column\" data-settings=\"{&quot;animation&quot;:&quot;fadeInUp&quot;,&quot;animation_delay&quot;:800,&quot;background_background&quot;:&quot;classic&quot;}\">\n\t\t\t<div class=\"elementor-widget-wrap\">\n\t\t\t\t\t\t\t<\/div>\n\t\t<\/div>\n\t\t\t\t\t<\/div>\n\t\t<\/section>\n\t\t\t\t\t<\/div>\n\t\t<\/div>\n\t\t\t\t\t<\/div>\n\t\t<\/section>\n\t\t\t\t<\/div>\n\t\t","protected":false},"excerpt":{"rendered":"<p>3B Biotech Research, with a comprehensive portfolio of clinical services offers a long lasting experience in driving the Client into the clinical development program.<\/p>\n","protected":false},"author":1,"featured_media":2960,"parent":2993,"menu_order":1,"comment_status":"closed","ping_status":"closed","template":"","meta":{"content-type":"","footnotes":""},"categories":[],"tags":[61],"class_list":{"0":"post-3001","1":"page","2":"type-page","3":"status-publish","4":"has-post-thumbnail","6":"tag-patient-support-programs"},"yoast_head":"<!-- This site is optimized with the Yoast SEO plugin v27.0 - https:\/\/yoast.com\/product\/yoast-seo-wordpress\/ -->\n<title>Patient Support Programs | 3B Biotech Programmi di Supporto ai Pazienti<\/title>\n<meta name=\"description\" content=\"3B Biotech si propone come partner nella progettazione di Programmi di Supporto ai Pazienti (patient support programs).\" \/>\n<meta name=\"robots\" content=\"index, follow, max-snippet:-1, max-image-preview:large, max-video-preview:-1\" \/>\n<link rel=\"canonical\" href=\"https:\/\/3bbiotech.com\/it\/studi-osservazionali-e-di-fase-avanzata\/clinical-observational-research\/\" \/>\n<meta property=\"og:locale\" content=\"it_IT\" \/>\n<meta property=\"og:type\" content=\"article\" \/>\n<meta property=\"og:title\" content=\"Patient Support Programs | 3B Biotech Programmi di Supporto ai Pazienti\" \/>\n<meta property=\"og:description\" content=\"3B Biotech si propone come partner nella progettazione di Programmi di Supporto ai Pazienti (patient support programs).\" \/>\n<meta property=\"og:url\" content=\"https:\/\/3bbiotech.com\/it\/studi-osservazionali-e-di-fase-avanzata\/clinical-observational-research\/\" \/>\n<meta property=\"og:site_name\" content=\"3B Biotech\" \/>\n<meta property=\"article:modified_time\" content=\"2025-03-24T10:55:00+00:00\" \/>\n<meta property=\"og:image\" content=\"https:\/\/3bbiotech.com\/wp-content\/uploads\/2022\/05\/clinical-observational-research-def.jpg\" \/>\n\t<meta property=\"og:image:width\" content=\"1920\" \/>\n\t<meta property=\"og:image:height\" content=\"650\" \/>\n\t<meta property=\"og:image:type\" content=\"image\/jpeg\" \/>\n<meta name=\"twitter:card\" content=\"summary_large_image\" \/>\n<meta name=\"twitter:label1\" content=\"Tempo di lettura stimato\" \/>\n\t<meta name=\"twitter:data1\" content=\"3 minuti\" \/>\n<script type=\"application\/ld+json\" class=\"yoast-schema-graph\">{\"@context\":\"https:\/\/schema.org\",\"@graph\":[{\"@type\":\"WebPage\",\"@id\":\"https:\/\/3bbiotech.com\/it\/studi-osservazionali-e-di-fase-avanzata\/clinical-observational-research\/\",\"url\":\"https:\/\/3bbiotech.com\/it\/studi-osservazionali-e-di-fase-avanzata\/clinical-observational-research\/\",\"name\":\"Patient Support Programs | 3B Biotech Programmi di Supporto ai Pazienti\",\"isPartOf\":{\"@id\":\"https:\/\/3bbiotech.com\/it\/#website\"},\"primaryImageOfPage\":{\"@id\":\"https:\/\/3bbiotech.com\/it\/studi-osservazionali-e-di-fase-avanzata\/clinical-observational-research\/#primaryimage\"},\"image\":{\"@id\":\"https:\/\/3bbiotech.com\/it\/studi-osservazionali-e-di-fase-avanzata\/clinical-observational-research\/#primaryimage\"},\"thumbnailUrl\":\"https:\/\/3bbiotech.com\/wp-content\/uploads\/2022\/05\/clinical-observational-research-def.jpg\",\"datePublished\":\"2022-05-16T13:15:17+00:00\",\"dateModified\":\"2025-03-24T10:55:00+00:00\",\"description\":\"3B Biotech si propone come partner nella progettazione di Programmi di Supporto ai Pazienti (patient support programs).\",\"breadcrumb\":{\"@id\":\"https:\/\/3bbiotech.com\/it\/studi-osservazionali-e-di-fase-avanzata\/clinical-observational-research\/#breadcrumb\"},\"inLanguage\":\"it-IT\",\"potentialAction\":[{\"@type\":\"ReadAction\",\"target\":[\"https:\/\/3bbiotech.com\/it\/studi-osservazionali-e-di-fase-avanzata\/clinical-observational-research\/\"]}]},{\"@type\":\"ImageObject\",\"inLanguage\":\"it-IT\",\"@id\":\"https:\/\/3bbiotech.com\/it\/studi-osservazionali-e-di-fase-avanzata\/clinical-observational-research\/#primaryimage\",\"url\":\"https:\/\/3bbiotech.com\/wp-content\/uploads\/2022\/05\/clinical-observational-research-def.jpg\",\"contentUrl\":\"https:\/\/3bbiotech.com\/wp-content\/uploads\/2022\/05\/clinical-observational-research-def.jpg\",\"width\":1920,\"height\":650},{\"@type\":\"BreadcrumbList\",\"@id\":\"https:\/\/3bbiotech.com\/it\/studi-osservazionali-e-di-fase-avanzata\/clinical-observational-research\/#breadcrumb\",\"itemListElement\":[{\"@type\":\"ListItem\",\"position\":1,\"name\":\"Home\",\"item\":\"https:\/\/3bbiotech.com\/it\/\"},{\"@type\":\"ListItem\",\"position\":2,\"name\":\"Studi osservazionali e di fase avanzata\",\"item\":\"https:\/\/3bbiotech.com\/it\/observational-and-late-phase-research\/\"},{\"@type\":\"ListItem\",\"position\":3,\"name\":\"Patient Support Programs\"}]},{\"@type\":\"WebSite\",\"@id\":\"https:\/\/3bbiotech.com\/it\/#website\",\"url\":\"https:\/\/3bbiotech.com\/it\/\",\"name\":\"3B Biotech\",\"description\":\"Biotech Research\",\"publisher\":{\"@id\":\"https:\/\/3bbiotech.com\/it\/#organization\"},\"potentialAction\":[{\"@type\":\"SearchAction\",\"target\":{\"@type\":\"EntryPoint\",\"urlTemplate\":\"https:\/\/3bbiotech.com\/it\/?s={search_term_string}\"},\"query-input\":{\"@type\":\"PropertyValueSpecification\",\"valueRequired\":true,\"valueName\":\"search_term_string\"}}],\"inLanguage\":\"it-IT\"},{\"@type\":\"Organization\",\"@id\":\"https:\/\/3bbiotech.com\/it\/#organization\",\"name\":\"3B Biotech\",\"url\":\"https:\/\/3bbiotech.com\/it\/\",\"logo\":{\"@type\":\"ImageObject\",\"inLanguage\":\"it-IT\",\"@id\":\"https:\/\/3bbiotech.com\/it\/#\/schema\/logo\/image\/\",\"url\":\"https:\/\/3bbiotech.com\/wp-content\/uploads\/2021\/12\/logo.png\",\"contentUrl\":\"https:\/\/3bbiotech.com\/wp-content\/uploads\/2021\/12\/logo.png\",\"width\":120,\"height\":100,\"caption\":\"3B Biotech\"},\"image\":{\"@id\":\"https:\/\/3bbiotech.com\/it\/#\/schema\/logo\/image\/\"}}]}<\/script>\n<!-- \/ Yoast SEO plugin. -->","yoast_head_json":{"title":"Patient Support Programs | 3B Biotech Programmi di Supporto ai Pazienti","description":"3B Biotech si propone come partner nella progettazione di Programmi di Supporto ai Pazienti (patient support programs).","robots":{"index":"index","follow":"follow","max-snippet":"max-snippet:-1","max-image-preview":"max-image-preview:large","max-video-preview":"max-video-preview:-1"},"canonical":"https:\/\/3bbiotech.com\/it\/studi-osservazionali-e-di-fase-avanzata\/clinical-observational-research\/","og_locale":"it_IT","og_type":"article","og_title":"Patient Support Programs | 3B Biotech Programmi di Supporto ai Pazienti","og_description":"3B Biotech si propone come partner nella progettazione di Programmi di Supporto ai Pazienti (patient support programs).","og_url":"https:\/\/3bbiotech.com\/it\/studi-osservazionali-e-di-fase-avanzata\/clinical-observational-research\/","og_site_name":"3B Biotech","article_modified_time":"2025-03-24T10:55:00+00:00","og_image":[{"width":1920,"height":650,"url":"https:\/\/3bbiotech.com\/wp-content\/uploads\/2022\/05\/clinical-observational-research-def.jpg","type":"image\/jpeg"}],"twitter_card":"summary_large_image","twitter_misc":{"Tempo di lettura stimato":"3 minuti"},"schema":{"@context":"https:\/\/schema.org","@graph":[{"@type":"WebPage","@id":"https:\/\/3bbiotech.com\/it\/studi-osservazionali-e-di-fase-avanzata\/clinical-observational-research\/","url":"https:\/\/3bbiotech.com\/it\/studi-osservazionali-e-di-fase-avanzata\/clinical-observational-research\/","name":"Patient Support Programs | 3B Biotech Programmi di Supporto ai Pazienti","isPartOf":{"@id":"https:\/\/3bbiotech.com\/it\/#website"},"primaryImageOfPage":{"@id":"https:\/\/3bbiotech.com\/it\/studi-osservazionali-e-di-fase-avanzata\/clinical-observational-research\/#primaryimage"},"image":{"@id":"https:\/\/3bbiotech.com\/it\/studi-osservazionali-e-di-fase-avanzata\/clinical-observational-research\/#primaryimage"},"thumbnailUrl":"https:\/\/3bbiotech.com\/wp-content\/uploads\/2022\/05\/clinical-observational-research-def.jpg","datePublished":"2022-05-16T13:15:17+00:00","dateModified":"2025-03-24T10:55:00+00:00","description":"3B Biotech si propone come partner nella progettazione di Programmi di Supporto ai Pazienti (patient support programs).","breadcrumb":{"@id":"https:\/\/3bbiotech.com\/it\/studi-osservazionali-e-di-fase-avanzata\/clinical-observational-research\/#breadcrumb"},"inLanguage":"it-IT","potentialAction":[{"@type":"ReadAction","target":["https:\/\/3bbiotech.com\/it\/studi-osservazionali-e-di-fase-avanzata\/clinical-observational-research\/"]}]},{"@type":"ImageObject","inLanguage":"it-IT","@id":"https:\/\/3bbiotech.com\/it\/studi-osservazionali-e-di-fase-avanzata\/clinical-observational-research\/#primaryimage","url":"https:\/\/3bbiotech.com\/wp-content\/uploads\/2022\/05\/clinical-observational-research-def.jpg","contentUrl":"https:\/\/3bbiotech.com\/wp-content\/uploads\/2022\/05\/clinical-observational-research-def.jpg","width":1920,"height":650},{"@type":"BreadcrumbList","@id":"https:\/\/3bbiotech.com\/it\/studi-osservazionali-e-di-fase-avanzata\/clinical-observational-research\/#breadcrumb","itemListElement":[{"@type":"ListItem","position":1,"name":"Home","item":"https:\/\/3bbiotech.com\/it\/"},{"@type":"ListItem","position":2,"name":"Studi osservazionali e di fase avanzata","item":"https:\/\/3bbiotech.com\/it\/observational-and-late-phase-research\/"},{"@type":"ListItem","position":3,"name":"Patient Support Programs"}]},{"@type":"WebSite","@id":"https:\/\/3bbiotech.com\/it\/#website","url":"https:\/\/3bbiotech.com\/it\/","name":"3B Biotech","description":"Biotech Research","publisher":{"@id":"https:\/\/3bbiotech.com\/it\/#organization"},"potentialAction":[{"@type":"SearchAction","target":{"@type":"EntryPoint","urlTemplate":"https:\/\/3bbiotech.com\/it\/?s={search_term_string}"},"query-input":{"@type":"PropertyValueSpecification","valueRequired":true,"valueName":"search_term_string"}}],"inLanguage":"it-IT"},{"@type":"Organization","@id":"https:\/\/3bbiotech.com\/it\/#organization","name":"3B Biotech","url":"https:\/\/3bbiotech.com\/it\/","logo":{"@type":"ImageObject","inLanguage":"it-IT","@id":"https:\/\/3bbiotech.com\/it\/#\/schema\/logo\/image\/","url":"https:\/\/3bbiotech.com\/wp-content\/uploads\/2021\/12\/logo.png","contentUrl":"https:\/\/3bbiotech.com\/wp-content\/uploads\/2021\/12\/logo.png","width":120,"height":100,"caption":"3B Biotech"},"image":{"@id":"https:\/\/3bbiotech.com\/it\/#\/schema\/logo\/image\/"}}]}},"_links":{"self":[{"href":"https:\/\/3bbiotech.com\/it\/wp-json\/wp\/v2\/pages\/3001","targetHints":{"allow":["GET"]}}],"collection":[{"href":"https:\/\/3bbiotech.com\/it\/wp-json\/wp\/v2\/pages"}],"about":[{"href":"https:\/\/3bbiotech.com\/it\/wp-json\/wp\/v2\/types\/page"}],"author":[{"embeddable":true,"href":"https:\/\/3bbiotech.com\/it\/wp-json\/wp\/v2\/users\/1"}],"replies":[{"embeddable":true,"href":"https:\/\/3bbiotech.com\/it\/wp-json\/wp\/v2\/comments?post=3001"}],"version-history":[{"count":22,"href":"https:\/\/3bbiotech.com\/it\/wp-json\/wp\/v2\/pages\/3001\/revisions"}],"predecessor-version":[{"id":4019,"href":"https:\/\/3bbiotech.com\/it\/wp-json\/wp\/v2\/pages\/3001\/revisions\/4019"}],"up":[{"embeddable":true,"href":"https:\/\/3bbiotech.com\/it\/wp-json\/wp\/v2\/pages\/2993"}],"wp:featuredmedia":[{"embeddable":true,"href":"https:\/\/3bbiotech.com\/it\/wp-json\/wp\/v2\/media\/2960"}],"wp:attachment":[{"href":"https:\/\/3bbiotech.com\/it\/wp-json\/wp\/v2\/media?parent=3001"}],"wp:term":[{"taxonomy":"category","embeddable":true,"href":"https:\/\/3bbiotech.com\/it\/wp-json\/wp\/v2\/categories?post=3001"},{"taxonomy":"post_tag","embeddable":true,"href":"https:\/\/3bbiotech.com\/it\/wp-json\/wp\/v2\/tags?post=3001"}],"curies":[{"name":"wp","href":"https:\/\/api.w.org\/{rel}","templated":true}]}}