{"id":2986,"date":"2021-12-06T08:54:49","date_gmt":"2021-12-06T07:54:49","guid":{"rendered":"https:\/\/3bbiotech.com\/privacy-policy\/"},"modified":"2023-11-28T14:22:44","modified_gmt":"2023-11-28T13:22:44","slug":"privacy-policy","status":"publish","type":"page","link":"https:\/\/3bbiotech.com\/it\/privacy-policy\/","title":{"rendered":"Privacy policy"},"content":{"rendered":"\t\t<div data-elementor-type=\"wp-page\" data-elementor-id=\"2986\" class=\"elementor elementor-2986 elementor-3\">\n\t\t\t\t\t\t<section class=\"elementor-section elementor-top-section elementor-element elementor-element-59d660a2 elementor-section-boxed elementor-section-height-default elementor-section-height-default\" data-id=\"59d660a2\" data-element_type=\"section\" data-e-type=\"section\">\n\t\t\t\t\t\t<div class=\"elementor-container elementor-column-gap-default\">\n\t\t\t\t\t<div class=\"elementor-column elementor-col-100 elementor-top-column elementor-element elementor-element-60e0a897\" data-id=\"60e0a897\" data-element_type=\"column\" data-e-type=\"column\">\n\t\t\t<div class=\"elementor-widget-wrap elementor-element-populated\">\n\t\t\t\t\t\t<div class=\"elementor-element elementor-element-b60e1de elementor-widget elementor-widget-heading\" data-id=\"b60e1de\" data-element_type=\"widget\" data-e-type=\"widget\" data-widget_type=\"heading.default\">\n\t\t\t\t<div class=\"elementor-widget-container\">\n\t\t\t\t\t<h1 class=\"elementor-heading-title elementor-size-default\">Privacy Policy<\/h1>\t\t\t\t<\/div>\n\t\t\t\t<\/div>\n\t\t\t\t<div class=\"elementor-element elementor-element-18740cf1 elementor-widget elementor-widget-text-editor\" data-id=\"18740cf1\" data-element_type=\"widget\" data-e-type=\"widget\" data-widget_type=\"text-editor.default\">\n\t\t\t\t<div class=\"elementor-widget-container\">\n\t\t\t\t\t\t\t\t\t<p>La presente informativa sul trattamento dei dati personali (\u201c<strong>Informativa<\/strong>\u201d) rispetta quanto previsto dalla Legge Federale sulla Protezione dei dati (\u00ab<strong>LPD<\/strong>\u00bb). In questa Informativa sono riportate in maniera adeguata e trasparente le informazioni sul trattamento dei dati dell\u2019utente effettuato dal Titolare del trattamento (in seguito meglio definito) che, segnatamente, tramite il nostro sito web comunica con noi o, in qualsiasi modo, interagisce con noi.<\/p><h2>DEFINIZIONI:<\/h2><p><u>Persona interessata<\/u>: la persona fisica i cui dati personali sono oggetto di trattamento;<\/p><p><u>Dati personali<\/u>: tutte le informazioni concernenti una persona fisica identificata o identificabile;<\/p><p><u>Dati personali degni di particolare protezione<\/u>: (i) i dati concernenti le opinioni o attivit\u00e0 religiose, filosofiche, politiche o sindacali; (ii) i dati concernenti la salute, la sfera intima o l\u2019appartenenza a una razza o a un\u2019etnia, (iii) i dati genetici, (iv) i dati biometrici che identificano in modo univoco una persona fisica, (v) i dati concernenti perseguimenti e sanzioni amministrative e penali, (vi) i dati concernenti le misure d\u2019assistenza sociale.<\/p><p><u>Trattamento<\/u>: qualsiasi operazione relativa a dati personali, indipendentemente dai mezzi e dalle procedure impiegati, segnatamente la raccolta, la registrazione, la conservazione, l\u2019utilizzazione, la modificazione, la comunicazione, l\u2019archiviazione, la cancellazione o il fatto di renderli accessibili;<\/p><p><u>Comunicazione<\/u>: la trasmissione di dati personali o il fatto di renderli accessibili;<\/p><p><u>Titolare del trattamento<\/u>: il privato che, singolarmente o insieme ad altri, determina lo scopo e i mezzi del trattamento;<\/p><p><u>Responsabile del trattamento<\/u>: il privato che tratta dati personali per conto del Titolare del trattamento.<\/p><h2>TITOLARE DEL TRATTAMENTO:<\/h2><p>L\u2019entit\u00e0 che effettua il Trattamento dei dati personali degli utenti \u00e8 <strong>3B Biotech Research SAGL<\/strong>, societ\u00e0 di diritto svizzero (CHE-306.517.065), la cui sede si trova in Balerna Via Sottobisio 30 \u2013 6828 (CH) Switzerland.<\/p><p>Il Titolare del trattamento detiene il sito https:\/\/3bbiotech.com\/<\/p><p>I dati di contatto del Titolare del trattamento sono i seguenti:<\/p><p><a href=\"tel:+41 (0) 91 6957542\">+41 (0) 91 6957542<\/a><br \/><a href=\"mailto:privacy@3bbiotech.com\">privacy@3bbiotech.com<\/a><\/p><h2>SICUREZZA DEI DATI PERSONALI<\/h2><p>Il Titolare del trattamento si impegna ad adottare le misure di sicurezza tecniche e organizzative adeguate conformemente agli obblighi legali e contrattuali che gli incombono per proteggere i\u00a0 Dati personali della Persona interessata. In qualit\u00e0 di Titolare del trattamento ci impegniamo a monitorare regolarmente le misure di sicurezza attuate, al fine di mantenerle in linea con il passare del tempo e l\u2019evoluzione della tecnologia. La trasmissione di informazioni tramite una rete aperta come Internet o altri mezzi di comunicazione elettronici comporta tuttavia alcuni rischi per la sicurezza, non \u00e8 quindi \u00a0possibile garantire in maniera assoluta la sicurezza delle informazioni trasmesse in questo modo, in altri termini non \u00e8 possibile assicurare il \u201crischio zero\u201d.<\/p><h2>SCOPO DEL TRATTAMENTO E CATEGORIE DI DATI PERSONALI<\/h2><p>Formulari di contatto e corrispondenza<\/p><p>I Dati personali dell\u2019utente, comunicati dallo stesso tramite i formulari figuranti sul Sito e tramite i diversi e comuni mezzi di comunicazione, sono trattati con lo scopo di dare seguito alle richieste di informazioni della Persona interessata in merito a prodotti e servizi.<\/p><p>I dati trattati possono essere i seguenti: (i) nome e cognome, (ii) indirizzo, (iii) indirizzo e-mail, (iv) numero di telefono, (v) nazionalit\u00e0, \u2026<\/p><p>Il Titolare del trattamento conserva i dati dell\u2019utente sino a che lo scopo del trattamento non sar\u00e0 raggiunto o non potr\u00e0 pi\u00f9 essere raggiunto, riservati i diritti della Persona interessata di cui si dir\u00e0 in seguito.<\/p><h2>Cookie e dati di navigazione<\/h2><p>Questo sito utilizza i cookie per migliorare l\u2019esperienza di navigazione degli utenti. I cookie sono dei file di testo di dimensioni minime che, installati sul nostro Sito, vengono conservati per le visite successive e ci permettono di ottenere informazioni circa l\u2019attivit\u00e0 che l\u2019utente svolge su una determinata pagina web, la profilazione dell\u2019utente, l\u2019analisi del traffico sul Sito; un\u2019offerta di pubblicit\u00e0 o contenuti personalizzati in base alle preferenze dell\u2019utente. L\u2019utente pu\u00f2 acconsentire al nostro utilizzo di tutti i cookie installati tramite il tasto \u201cAccettare tutti\u201d, cos\u00ec come pu\u00f2 rifiutare tramite il tasto \u201cRifiuta tutti\u201d o scegliere le preferenze di consenso attraverso il tasto \u201cPersonalizza\u201d o utilizzando la popup attivabile tramite l\u2019icona presente in tutte le pagine del sito in basso a sinistra.<\/p><p><picture class=\"alignnone wp-image-10670 size-full\"><source srcset=\"https:\/\/bluwater.ch\/wp-content\/uploads\/2023\/09\/cookie-yes.png.webp\" type=\"image\/webp\" \/><img decoding=\"async\" src=\"https:\/\/bluwater.ch\/wp-content\/uploads\/2023\/09\/cookie-yes.png\" alt=\"\" width=\"60\" height=\"59\" \/><\/picture><\/p><h2>CATEGORIE DI DESTINATARI DEL TRATTAMENTO<\/h2><p>Per raggiungere gli scopi del trattamento menzionati in precedenza, il Titolare del trattamento potrebbe effettuare la trasmissione di dati personali dell\u2019utente ad alcune categorie di destinatari del trattamento, che possono cos\u00ec essere elencati:<\/p><ul><li>Partner commerciali;<\/li><li>Entit\u00e0 giuridiche incaricate della consulenza e della gestione del Sito;<\/li><li>Soggetti che si occupano della fornitura di servizi di telecomunicazioni (compreso il servizio di posta elettronica);<\/li><li>Soggetti che si occupano del servizio di invio newsletter;<\/li><li>Le competenti autorit\u00e0 a cui vanno trasmessi i dati in virt\u00f9 di obblighi legali e contrattuali.<\/li><\/ul><h2>COMUNICAZIONE ALL\u2019ESTERO<\/h2><p>Di principio i Dati personali della persona interessata vengono trattati dal Titolare del trattamento e dai suoi ausiliari, rispettivamente dai destinatari del trattamento summenzionati.<\/p><p>I dati dell\u2019utente possono tuttavia essere comunicati all\u2019estero, laddove necessario in funzione dello scopo del trattamento, previa verifica da parte del Titolare del trattamento dell\u2019esistenza di un regime di protezione adeguato nel Paese di comunicazione (con riferimento all\u2019Allegato 1 dell\u2019Ordinanza federale sulla protezione dei dati). Il Titolare del trattamento si impegna a verificare con regolarit\u00e0 il contenuto del suddetto Allegato.<\/p><h2>DIRITTI DELLA PERSONA INTERESSATA<\/h2><p>Alla Persona interessata vengono garantiti i seguenti diritti (lista non esaustiva), i quali possono essere esercitati in ogni momento mediante richiesta effettuata in forma scritta ai contatti del Titolare del trattamento sopraindicati:<\/p><ul><li>Potete in qualsiasi momento e gratuitamente essere informati sui vostri dati personali che stiamo trattando cos\u00ec come ricevere da noi, in formato leggibile, i dati personali forniti.<\/li><li>Se trattiamo vostri dati personali incompleti o inesatti, potete in qualsiasi momento farli rettificare ed essere eventualmente informati sul processo di rettifica. Se non comporta uno sforzo sproporzionato, anche i destinatari verranno informati della rettifica dei dati personali.<\/li><li>Avete il diritto di chiedere al Titolare del trattamento la cancellazione dei dati personali trattati, cos\u00ec come chiederne la limitazione a quanto necessario per lo scopo del trattamento.<\/li><\/ul><p>Ci impegniamo a dare seguito ad ogni richiesta della Persona interessata senza ritardo ma, in ogni caso, entro un termine di 30 giorni dalla ricezione di eventuale documentazione necessaria per il completamento di tale richiesta.<\/p><h2>VERSIONE IN VIGORE, MODIFICHE ED AGGIORNAMENTI<\/h2><p>Al fine di garantire che la nostra Informativa sia sempre conforme alle disposizioni di legge vigenti, ci riserviamo il diritto di apportare modifiche in qualsiasi momento.<\/p><p><u>Ultimo aggiornamento<\/u>: 11 settembre 2023.<\/p>\t\t\t\t\t\t\t\t<\/div>\n\t\t\t\t<\/div>\n\t\t\t\t\t<\/div>\n\t\t<\/div>\n\t\t\t\t\t<\/div>\n\t\t<\/section>\n\t\t\t\t<\/div>\n\t\t","protected":false},"excerpt":{"rendered":"<p>Privacy Policy La presente informativa sul trattamento dei dati personali (\u201cInformativa\u201d) rispetta quanto previsto dalla Legge Federale sulla Protezione dei dati (\u00abLPD\u00bb). In questa Informativa sono riportate in maniera adeguata e trasparente le informazioni sul trattamento dei dati dell\u2019utente effettuato dal Titolare del trattamento (in seguito meglio definito) che, segnatamente, tramite il nostro sito web &#8230; <a title=\"Privacy policy\" class=\"read-more\" href=\"https:\/\/3bbiotech.com\/it\/privacy-policy\/\" aria-label=\"Read more about Privacy policy\">Leggi tutto<\/a><\/p>\n","protected":false},"author":1,"featured_media":0,"parent":0,"menu_order":0,"comment_status":"closed","ping_status":"open","template":"","meta":{"content-type":"","footnotes":""},"categories":[],"tags":[],"class_list":["post-2986","page","type-page","status-publish"],"yoast_head":"<!-- This site is optimized with the Yoast SEO plugin v27.0 - https:\/\/yoast.com\/product\/yoast-seo-wordpress\/ -->\n<title>Privacy policy - 3B Biotech<\/title>\n<meta name=\"robots\" content=\"index, follow, max-snippet:-1, max-image-preview:large, max-video-preview:-1\" \/>\n<link rel=\"canonical\" href=\"https:\/\/3bbiotech.com\/it\/privacy-policy\/\" \/>\n<meta property=\"og:locale\" content=\"it_IT\" \/>\n<meta property=\"og:type\" content=\"article\" \/>\n<meta property=\"og:title\" content=\"Privacy policy - 3B Biotech\" \/>\n<meta property=\"og:description\" content=\"Privacy Policy La presente informativa sul trattamento dei dati personali (\u201cInformativa\u201d) rispetta quanto previsto dalla Legge Federale sulla Protezione dei dati (\u00abLPD\u00bb). In questa Informativa sono riportate in maniera adeguata e trasparente le informazioni sul trattamento dei dati dell\u2019utente effettuato dal Titolare del trattamento (in seguito meglio definito) che, segnatamente, tramite il nostro sito web ... Leggi tutto\" \/>\n<meta property=\"og:url\" content=\"https:\/\/3bbiotech.com\/it\/privacy-policy\/\" \/>\n<meta property=\"og:site_name\" content=\"3B Biotech\" \/>\n<meta property=\"article:modified_time\" content=\"2023-11-28T13:22:44+00:00\" \/>\n<meta property=\"og:image\" content=\"https:\/\/bluwater.ch\/wp-content\/uploads\/2023\/09\/cookie-yes.png\" \/>\n<meta name=\"twitter:card\" content=\"summary_large_image\" \/>\n<meta name=\"twitter:label1\" content=\"Tempo di lettura stimato\" \/>\n\t<meta name=\"twitter:data1\" content=\"6 minuti\" \/>\n<script type=\"application\/ld+json\" class=\"yoast-schema-graph\">{\"@context\":\"https:\/\/schema.org\",\"@graph\":[{\"@type\":\"WebPage\",\"@id\":\"https:\/\/3bbiotech.com\/it\/privacy-policy\/\",\"url\":\"https:\/\/3bbiotech.com\/it\/privacy-policy\/\",\"name\":\"Privacy policy - 3B Biotech\",\"isPartOf\":{\"@id\":\"https:\/\/3bbiotech.com\/it\/#website\"},\"primaryImageOfPage\":{\"@id\":\"https:\/\/3bbiotech.com\/it\/privacy-policy\/#primaryimage\"},\"image\":{\"@id\":\"https:\/\/3bbiotech.com\/it\/privacy-policy\/#primaryimage\"},\"thumbnailUrl\":\"https:\/\/bluwater.ch\/wp-content\/uploads\/2023\/09\/cookie-yes.png\",\"datePublished\":\"2021-12-06T07:54:49+00:00\",\"dateModified\":\"2023-11-28T13:22:44+00:00\",\"breadcrumb\":{\"@id\":\"https:\/\/3bbiotech.com\/it\/privacy-policy\/#breadcrumb\"},\"inLanguage\":\"it-IT\",\"potentialAction\":[{\"@type\":\"ReadAction\",\"target\":[\"https:\/\/3bbiotech.com\/it\/privacy-policy\/\"]}]},{\"@type\":\"ImageObject\",\"inLanguage\":\"it-IT\",\"@id\":\"https:\/\/3bbiotech.com\/it\/privacy-policy\/#primaryimage\",\"url\":\"https:\/\/bluwater.ch\/wp-content\/uploads\/2023\/09\/cookie-yes.png\",\"contentUrl\":\"https:\/\/bluwater.ch\/wp-content\/uploads\/2023\/09\/cookie-yes.png\"},{\"@type\":\"BreadcrumbList\",\"@id\":\"https:\/\/3bbiotech.com\/it\/privacy-policy\/#breadcrumb\",\"itemListElement\":[{\"@type\":\"ListItem\",\"position\":1,\"name\":\"Home\",\"item\":\"https:\/\/3bbiotech.com\/it\/\"},{\"@type\":\"ListItem\",\"position\":2,\"name\":\"Privacy policy\"}]},{\"@type\":\"WebSite\",\"@id\":\"https:\/\/3bbiotech.com\/it\/#website\",\"url\":\"https:\/\/3bbiotech.com\/it\/\",\"name\":\"3B Biotech\",\"description\":\"Biotech Research\",\"publisher\":{\"@id\":\"https:\/\/3bbiotech.com\/it\/#organization\"},\"potentialAction\":[{\"@type\":\"SearchAction\",\"target\":{\"@type\":\"EntryPoint\",\"urlTemplate\":\"https:\/\/3bbiotech.com\/it\/?s={search_term_string}\"},\"query-input\":{\"@type\":\"PropertyValueSpecification\",\"valueRequired\":true,\"valueName\":\"search_term_string\"}}],\"inLanguage\":\"it-IT\"},{\"@type\":\"Organization\",\"@id\":\"https:\/\/3bbiotech.com\/it\/#organization\",\"name\":\"3B Biotech\",\"url\":\"https:\/\/3bbiotech.com\/it\/\",\"logo\":{\"@type\":\"ImageObject\",\"inLanguage\":\"it-IT\",\"@id\":\"https:\/\/3bbiotech.com\/it\/#\/schema\/logo\/image\/\",\"url\":\"https:\/\/3bbiotech.com\/wp-content\/uploads\/2021\/12\/logo.png\",\"contentUrl\":\"https:\/\/3bbiotech.com\/wp-content\/uploads\/2021\/12\/logo.png\",\"width\":120,\"height\":100,\"caption\":\"3B Biotech\"},\"image\":{\"@id\":\"https:\/\/3bbiotech.com\/it\/#\/schema\/logo\/image\/\"}}]}<\/script>\n<!-- \/ Yoast SEO plugin. -->","yoast_head_json":{"title":"Privacy policy - 3B Biotech","robots":{"index":"index","follow":"follow","max-snippet":"max-snippet:-1","max-image-preview":"max-image-preview:large","max-video-preview":"max-video-preview:-1"},"canonical":"https:\/\/3bbiotech.com\/it\/privacy-policy\/","og_locale":"it_IT","og_type":"article","og_title":"Privacy policy - 3B Biotech","og_description":"Privacy Policy La presente informativa sul trattamento dei dati personali (\u201cInformativa\u201d) rispetta quanto previsto dalla Legge Federale sulla Protezione dei dati (\u00abLPD\u00bb). In questa Informativa sono riportate in maniera adeguata e trasparente le informazioni sul trattamento dei dati dell\u2019utente effettuato dal Titolare del trattamento (in seguito meglio definito) che, segnatamente, tramite il nostro sito web ... Leggi tutto","og_url":"https:\/\/3bbiotech.com\/it\/privacy-policy\/","og_site_name":"3B Biotech","article_modified_time":"2023-11-28T13:22:44+00:00","og_image":[{"url":"https:\/\/bluwater.ch\/wp-content\/uploads\/2023\/09\/cookie-yes.png","type":"","width":"","height":""}],"twitter_card":"summary_large_image","twitter_misc":{"Tempo di lettura stimato":"6 minuti"},"schema":{"@context":"https:\/\/schema.org","@graph":[{"@type":"WebPage","@id":"https:\/\/3bbiotech.com\/it\/privacy-policy\/","url":"https:\/\/3bbiotech.com\/it\/privacy-policy\/","name":"Privacy policy - 3B Biotech","isPartOf":{"@id":"https:\/\/3bbiotech.com\/it\/#website"},"primaryImageOfPage":{"@id":"https:\/\/3bbiotech.com\/it\/privacy-policy\/#primaryimage"},"image":{"@id":"https:\/\/3bbiotech.com\/it\/privacy-policy\/#primaryimage"},"thumbnailUrl":"https:\/\/bluwater.ch\/wp-content\/uploads\/2023\/09\/cookie-yes.png","datePublished":"2021-12-06T07:54:49+00:00","dateModified":"2023-11-28T13:22:44+00:00","breadcrumb":{"@id":"https:\/\/3bbiotech.com\/it\/privacy-policy\/#breadcrumb"},"inLanguage":"it-IT","potentialAction":[{"@type":"ReadAction","target":["https:\/\/3bbiotech.com\/it\/privacy-policy\/"]}]},{"@type":"ImageObject","inLanguage":"it-IT","@id":"https:\/\/3bbiotech.com\/it\/privacy-policy\/#primaryimage","url":"https:\/\/bluwater.ch\/wp-content\/uploads\/2023\/09\/cookie-yes.png","contentUrl":"https:\/\/bluwater.ch\/wp-content\/uploads\/2023\/09\/cookie-yes.png"},{"@type":"BreadcrumbList","@id":"https:\/\/3bbiotech.com\/it\/privacy-policy\/#breadcrumb","itemListElement":[{"@type":"ListItem","position":1,"name":"Home","item":"https:\/\/3bbiotech.com\/it\/"},{"@type":"ListItem","position":2,"name":"Privacy policy"}]},{"@type":"WebSite","@id":"https:\/\/3bbiotech.com\/it\/#website","url":"https:\/\/3bbiotech.com\/it\/","name":"3B Biotech","description":"Biotech Research","publisher":{"@id":"https:\/\/3bbiotech.com\/it\/#organization"},"potentialAction":[{"@type":"SearchAction","target":{"@type":"EntryPoint","urlTemplate":"https:\/\/3bbiotech.com\/it\/?s={search_term_string}"},"query-input":{"@type":"PropertyValueSpecification","valueRequired":true,"valueName":"search_term_string"}}],"inLanguage":"it-IT"},{"@type":"Organization","@id":"https:\/\/3bbiotech.com\/it\/#organization","name":"3B Biotech","url":"https:\/\/3bbiotech.com\/it\/","logo":{"@type":"ImageObject","inLanguage":"it-IT","@id":"https:\/\/3bbiotech.com\/it\/#\/schema\/logo\/image\/","url":"https:\/\/3bbiotech.com\/wp-content\/uploads\/2021\/12\/logo.png","contentUrl":"https:\/\/3bbiotech.com\/wp-content\/uploads\/2021\/12\/logo.png","width":120,"height":100,"caption":"3B Biotech"},"image":{"@id":"https:\/\/3bbiotech.com\/it\/#\/schema\/logo\/image\/"}}]}},"_links":{"self":[{"href":"https:\/\/3bbiotech.com\/it\/wp-json\/wp\/v2\/pages\/2986","targetHints":{"allow":["GET"]}}],"collection":[{"href":"https:\/\/3bbiotech.com\/it\/wp-json\/wp\/v2\/pages"}],"about":[{"href":"https:\/\/3bbiotech.com\/it\/wp-json\/wp\/v2\/types\/page"}],"author":[{"embeddable":true,"href":"https:\/\/3bbiotech.com\/it\/wp-json\/wp\/v2\/users\/1"}],"replies":[{"embeddable":true,"href":"https:\/\/3bbiotech.com\/it\/wp-json\/wp\/v2\/comments?post=2986"}],"version-history":[{"count":4,"href":"https:\/\/3bbiotech.com\/it\/wp-json\/wp\/v2\/pages\/2986\/revisions"}],"predecessor-version":[{"id":3766,"href":"https:\/\/3bbiotech.com\/it\/wp-json\/wp\/v2\/pages\/2986\/revisions\/3766"}],"wp:attachment":[{"href":"https:\/\/3bbiotech.com\/it\/wp-json\/wp\/v2\/media?parent=2986"}],"wp:term":[{"taxonomy":"category","embeddable":true,"href":"https:\/\/3bbiotech.com\/it\/wp-json\/wp\/v2\/categories?post=2986"},{"taxonomy":"post_tag","embeddable":true,"href":"https:\/\/3bbiotech.com\/it\/wp-json\/wp\/v2\/tags?post=2986"}],"curies":[{"name":"wp","href":"https:\/\/api.w.org\/{rel}","templated":true}]}}