{"id":2951,"date":"2022-07-07T09:49:19","date_gmt":"2022-07-07T07:49:19","guid":{"rendered":"https:\/\/3bbiotech.com\/artificial-intelligence\/"},"modified":"2025-03-24T11:34:33","modified_gmt":"2025-03-24T10:34:33","slug":"intelligenza-artificiale","status":"publish","type":"page","link":"https:\/\/3bbiotech.com\/it\/intelligenza-artificiale\/","title":{"rendered":"Intelligenza artificiale"},"content":{"rendered":"\t\t<div data-elementor-type=\"wp-page\" data-elementor-id=\"2951\" class=\"elementor elementor-2951 elementor-2415\">\n\t\t\t\t\t\t<section class=\"elementor-section elementor-top-section elementor-element elementor-element-209740f elementor-section-stretched intro-page elementor-section-full_width elementor-section-height-default elementor-section-height-default\" data-id=\"209740f\" data-element_type=\"section\" data-e-type=\"section\" data-settings=\"{&quot;stretch_section&quot;:&quot;section-stretched&quot;}\">\n\t\t\t\t\t\t<div class=\"elementor-container elementor-column-gap-default\">\n\t\t\t\t\t<div class=\"elementor-column elementor-col-100 elementor-top-column elementor-element elementor-element-4a5cff5\" data-id=\"4a5cff5\" data-element_type=\"column\" data-e-type=\"column\">\n\t\t\t<div class=\"elementor-widget-wrap elementor-element-populated\">\n\t\t\t\t\t\t<section class=\"elementor-section elementor-inner-section elementor-element elementor-element-592fd4e elementor-section-full_width elementor-section-height-default elementor-section-height-default\" data-id=\"592fd4e\" data-element_type=\"section\" data-e-type=\"section\">\n\t\t\t\t\t\t<div class=\"elementor-container elementor-column-gap-default\">\n\t\t\t\t\t<div class=\"elementor-column elementor-col-50 elementor-inner-column elementor-element elementor-element-16769fe animated-slow elementor-invisible\" data-id=\"16769fe\" data-element_type=\"column\" data-e-type=\"column\" data-settings=\"{&quot;animation&quot;:&quot;fadeInUp&quot;}\">\n\t\t\t<div class=\"elementor-widget-wrap elementor-element-populated\">\n\t\t\t\t\t\t<div class=\"elementor-element elementor-element-5eea623 elementor-widget elementor-widget-shortcode\" data-id=\"5eea623\" data-element_type=\"widget\" data-e-type=\"widget\" data-widget_type=\"shortcode.default\">\n\t\t\t\t<div class=\"elementor-widget-container\">\n\t\t\t\t\t\t\t<div class=\"elementor-shortcode\"><span><span><a href=\"https:\/\/3bbiotech.com\/it\/\">Home<\/a><\/span><\/span><\/div>\n\t\t\t\t\t\t<\/div>\n\t\t\t\t<\/div>\n\t\t\t\t\t<\/div>\n\t\t<\/div>\n\t\t\t\t<div class=\"elementor-column elementor-col-50 elementor-inner-column elementor-element elementor-element-25ffdcd animated-slow elementor-invisible\" data-id=\"25ffdcd\" data-element_type=\"column\" data-e-type=\"column\" data-settings=\"{&quot;animation&quot;:&quot;fadeInUp&quot;,&quot;animation_delay&quot;:500}\">\n\t\t\t<div class=\"elementor-widget-wrap elementor-element-populated\">\n\t\t\t\t\t\t<div class=\"elementor-element elementor-element-f49dd49 elementor-widget elementor-widget-heading\" data-id=\"f49dd49\" data-element_type=\"widget\" data-e-type=\"widget\" data-widget_type=\"heading.default\">\n\t\t\t\t<div class=\"elementor-widget-container\">\n\t\t\t\t\t<h1 class=\"elementor-heading-title elementor-size-default\">INTELLIGENZA ARTIFICIALE<\/h1>\t\t\t\t<\/div>\n\t\t\t\t<\/div>\n\t\t\t\t<div class=\"elementor-element elementor-element-ba324c9 elementor-widget elementor-widget-heading\" data-id=\"ba324c9\" data-element_type=\"widget\" data-e-type=\"widget\" data-widget_type=\"heading.default\">\n\t\t\t\t<div class=\"elementor-widget-container\">\n\t\t\t\t\t<h2 class=\"elementor-heading-title elementor-size-default\">3B Biotech Research collabora con partner qualificati che padroneggiano soluzioni tecnologiche e software per l'applicazione dell'Intelligenza Artificiale<\/h2>\t\t\t\t<\/div>\n\t\t\t\t<\/div>\n\t\t\t\t\t<\/div>\n\t\t<\/div>\n\t\t\t\t\t<\/div>\n\t\t<\/section>\n\t\t\t\t<div class=\"elementor-element elementor-element-0b87740 animated-slow elementor-invisible elementor-widget elementor-widget-image\" data-id=\"0b87740\" data-element_type=\"widget\" data-e-type=\"widget\" data-settings=\"{&quot;_animation&quot;:&quot;fadeIn&quot;,&quot;_animation_delay&quot;:800}\" data-widget_type=\"image.default\">\n\t\t\t\t<div class=\"elementor-widget-container\">\n\t\t\t\t\t\t\t\t\t\t\t\t\t\t\t<img fetchpriority=\"high\" decoding=\"async\" width=\"1920\" height=\"650\" src=\"https:\/\/3bbiotech.com\/wp-content\/uploads\/2022\/07\/artificial-intelligence-def.jpg\" class=\"attachment-full size-full wp-image-2952\" alt=\"\" srcset=\"https:\/\/3bbiotech.com\/wp-content\/uploads\/2022\/07\/artificial-intelligence-def.jpg 1920w, https:\/\/3bbiotech.com\/wp-content\/uploads\/2022\/07\/artificial-intelligence-def-300x102.jpg 300w, https:\/\/3bbiotech.com\/wp-content\/uploads\/2022\/07\/artificial-intelligence-def-1024x347.jpg 1024w, https:\/\/3bbiotech.com\/wp-content\/uploads\/2022\/07\/artificial-intelligence-def-768x260.jpg 768w, https:\/\/3bbiotech.com\/wp-content\/uploads\/2022\/07\/artificial-intelligence-def-1536x520.jpg 1536w\" sizes=\"(max-width: 1920px) 100vw, 1920px\" \/>\t\t\t\t\t\t\t\t\t\t\t\t\t\t\t<\/div>\n\t\t\t\t<\/div>\n\t\t\t\t<section class=\"elementor-section elementor-inner-section elementor-element elementor-element-f9a566b elementor-section-full_width elementor-section-height-default elementor-section-height-default\" data-id=\"f9a566b\" data-element_type=\"section\" data-e-type=\"section\">\n\t\t\t\t\t\t<div class=\"elementor-container elementor-column-gap-default\">\n\t\t\t\t\t<div class=\"elementor-column elementor-col-100 elementor-inner-column elementor-element elementor-element-a8b282c animated-slow elementor-invisible\" data-id=\"a8b282c\" data-element_type=\"column\" data-e-type=\"column\" data-settings=\"{&quot;animation&quot;:&quot;fadeInUp&quot;,&quot;animation_delay&quot;:500}\">\n\t\t\t<div class=\"elementor-widget-wrap elementor-element-populated\">\n\t\t\t\t\t\t<div class=\"elementor-element elementor-element-166bdad elementor-widget elementor-widget-heading\" data-id=\"166bdad\" data-element_type=\"widget\" data-e-type=\"widget\" data-widget_type=\"heading.default\">\n\t\t\t\t<div class=\"elementor-widget-container\">\n\t\t\t\t\t<h2 class=\"elementor-heading-title elementor-size-default\">L'intelligenza artificiale (IA) pu\u00f2 essere attualmente descritta come \"un insieme di diverse tecnologie che interagiscono per consentire alle macchine di percepire, comprendere, agire e apprendere con un livello di intelligenza simile a quello umano\".<\/h2>\t\t\t\t<\/div>\n\t\t\t\t<\/div>\n\t\t\t\t\t<\/div>\n\t\t<\/div>\n\t\t\t\t\t<\/div>\n\t\t<\/section>\n\t\t\t\t<section class=\"elementor-section elementor-inner-section elementor-element elementor-element-997516e elementor-section-full_width elementor-section-content-middle elementor-section-height-default elementor-section-height-default\" data-id=\"997516e\" data-element_type=\"section\" data-e-type=\"section\">\n\t\t\t\t\t\t<div class=\"elementor-container elementor-column-gap-default\">\n\t\t\t\t\t<div class=\"elementor-column elementor-col-50 elementor-inner-column elementor-element elementor-element-7d2aaaa animated-slow elementor-invisible\" data-id=\"7d2aaaa\" data-element_type=\"column\" data-e-type=\"column\" data-settings=\"{&quot;animation&quot;:&quot;fadeInUp&quot;,&quot;animation_delay&quot;:500}\">\n\t\t\t<div class=\"elementor-widget-wrap elementor-element-populated\">\n\t\t\t\t\t\t<div class=\"elementor-element elementor-element-819cc31 elementor-widget elementor-widget-text-editor\" data-id=\"819cc31\" data-element_type=\"widget\" data-e-type=\"widget\" data-widget_type=\"text-editor.default\">\n\t\t\t\t<div class=\"elementor-widget-container\">\n\t\t\t\t\t\t\t\t\t<p>Si possono distinguere due tipi di Intelligenza Artificiale:<\/p><ul><li>NARROW o WEAK AI: progettata specificamente per essere focalizzata su un compito ristretto in un&#8217;area specifica, relativa a singoli compiti spesso molto consequenziali. L&#8217;obiettivo primario, in questo tipo di applicazioni, \u00e8 quello di aumentare l&#8217;efficienza di tutti i processi; <\/li><li>STRONG AI: una certa mentalit\u00e0 di sviluppo dell&#8217;intelligenza artificiale. L&#8217;obiettivo di Strong AI \u00e8 sviluppare l&#8217;intelligenza artificiale al punto che la capacit\u00e0 intellettuale della macchina sia funzionalmente pari a quella umana, sistemi in grado di &#8220;pensare&#8221; in modo strategico, astratto e creativo, &#8220;con la capacit\u00e0 di gestire una serie di compiti complessi&#8221;.<\/li><\/ul><p>Le applicazioni dell&#8217;IA nel settore sanitario coinvolgono entrambe le parti.<\/p>\t\t\t\t\t\t\t\t<\/div>\n\t\t\t\t<\/div>\n\t\t\t\t\t<\/div>\n\t\t<\/div>\n\t\t\t\t<div class=\"elementor-column elementor-col-50 elementor-inner-column elementor-element elementor-element-52dbf07 animated-slow img-col elementor-invisible\" data-id=\"52dbf07\" data-element_type=\"column\" data-e-type=\"column\" data-settings=\"{&quot;animation&quot;:&quot;fadeInUp&quot;,&quot;animation_delay&quot;:800,&quot;background_background&quot;:&quot;classic&quot;}\">\n\t\t\t<div class=\"elementor-widget-wrap\">\n\t\t\t\t\t\t\t<\/div>\n\t\t<\/div>\n\t\t\t\t\t<\/div>\n\t\t<\/section>\n\t\t\t\t<section class=\"elementor-section elementor-inner-section elementor-element elementor-element-cc6ea26 elementor-section-full_width bg-color elementor-section-height-default elementor-section-height-default\" data-id=\"cc6ea26\" data-element_type=\"section\" data-e-type=\"section\" data-settings=\"{&quot;background_background&quot;:&quot;classic&quot;}\">\n\t\t\t\t\t\t<div class=\"elementor-container elementor-column-gap-default\">\n\t\t\t\t\t<div class=\"elementor-column elementor-col-50 elementor-inner-column elementor-element elementor-element-773dbea animated-slow elementor-invisible\" data-id=\"773dbea\" data-element_type=\"column\" data-e-type=\"column\" data-settings=\"{&quot;animation&quot;:&quot;fadeInUp&quot;,&quot;animation_delay&quot;:500}\">\n\t\t\t<div class=\"elementor-widget-wrap elementor-element-populated\">\n\t\t\t\t\t\t<div class=\"elementor-element elementor-element-1f1c3c5 elementor-widget elementor-widget-text-editor\" data-id=\"1f1c3c5\" data-element_type=\"widget\" data-e-type=\"widget\" data-widget_type=\"text-editor.default\">\n\t\t\t\t<div class=\"elementor-widget-container\">\n\t\t\t\t\t\t\t\t\t<p>L&#8217;intelligenza artificiale, ad esempio, consente di consolidare le risorse di dati provenienti da studi clinici e non solo, aiutando i ricercatori a identificare i modelli e a trarre conclusioni. Offre inoltre la possibilit\u00e0 di collaborare, analizzare le informazioni e concentrarsi sulle intuizioni che consentono di fare scoperte salvavita.<\/p><p>In particolare, i nuovi metodi di analisi dei dati possono aumentare la capacit\u00e0 dei medici di interpretare e agire su serie di dati complessi e di grandi dimensioni.<\/p><p>La tecnologia svolge oggi un ruolo importante nel migliorare i risultati, aumentare la sicurezza e ridurre i costi dell&#8217;assistenza sanitaria.<\/p>\t\t\t\t\t\t\t\t<\/div>\n\t\t\t\t<\/div>\n\t\t\t\t\t<\/div>\n\t\t<\/div>\n\t\t\t\t<div class=\"elementor-column elementor-col-50 elementor-inner-column elementor-element elementor-element-add39de animated-slow elementor-invisible\" data-id=\"add39de\" data-element_type=\"column\" data-e-type=\"column\" data-settings=\"{&quot;animation&quot;:&quot;fadeInUp&quot;,&quot;animation_delay&quot;:500}\">\n\t\t\t<div class=\"elementor-widget-wrap elementor-element-populated\">\n\t\t\t\t\t\t<div class=\"elementor-element elementor-element-833a1d6 elementor-widget elementor-widget-text-editor\" data-id=\"833a1d6\" data-element_type=\"widget\" data-e-type=\"widget\" data-widget_type=\"text-editor.default\">\n\t\t\t\t<div class=\"elementor-widget-container\">\n\t\t\t\t\t\t\t\t\t<p>Dispositivi di supporto come promemoria, avvisi e dati clinici direttamente derivati dalle cartelle cliniche elettroniche guideranno il processo decisionale del medico. In questo scenario clinico, medici e manager dovrebbero applicare, nella pratica, la tecnologia convalidata dalle aziende che offrono software di intelligenza artificiale per assistere i medici nella diagnosi delle malattie e negli algoritmi di trattamento.<\/p><p>\u00c8 importante sottolineare l&#8217;importante contributo che l&#8217;intelligenza artificiale sta offrendo ai ricercatori in campo farmacologico e biomedico, consentendo analisi e previsioni inimmaginabili fino allo scorso decennio.<\/p>\t\t\t\t\t\t\t\t<\/div>\n\t\t\t\t<\/div>\n\t\t\t\t\t<\/div>\n\t\t<\/div>\n\t\t\t\t\t<\/div>\n\t\t<\/section>\n\t\t\t\t\t<\/div>\n\t\t<\/div>\n\t\t\t\t\t<\/div>\n\t\t<\/section>\n\t\t\t\t<\/div>\n\t\t","protected":false},"excerpt":{"rendered":"<p>INTELLIGENZA ARTIFICIALE 3B Biotech Research collabora con partner qualificati che padroneggiano soluzioni tecnologiche e software per l&#8217;applicazione dell&#8217;Intelligenza Artificiale L&#8217;intelligenza artificiale (IA) pu\u00f2 essere attualmente descritta come &#8220;un insieme di diverse tecnologie che interagiscono per consentire alle macchine di percepire, comprendere, agire e apprendere con un livello di intelligenza simile a quello umano&#8221;. Si possono &#8230; <a title=\"Intelligenza artificiale\" class=\"read-more\" href=\"https:\/\/3bbiotech.com\/it\/intelligenza-artificiale\/\" aria-label=\"Read more about Intelligenza artificiale\">Leggi tutto<\/a><\/p>\n","protected":false},"author":1,"featured_media":0,"parent":0,"menu_order":0,"comment_status":"closed","ping_status":"closed","template":"","meta":{"content-type":"","footnotes":""},"categories":[],"tags":[67],"class_list":{"0":"post-2951","1":"page","2":"type-page","3":"status-publish","5":"tag-intelligenza-artificiale"},"yoast_head":"<!-- This site is optimized with the Yoast SEO plugin v27.0 - https:\/\/yoast.com\/product\/yoast-seo-wordpress\/ -->\n<title>Intelligenza artificiale | 3B Biotech | Soluzioni Tecnologiche<\/title>\n<meta name=\"description\" content=\"3B Biotech Research collabora con partner qualificati che padroneggiano soluzioni tecnologiche e software di Intelligenza Artificiale.\" \/>\n<meta name=\"robots\" content=\"index, follow, max-snippet:-1, max-image-preview:large, max-video-preview:-1\" \/>\n<link rel=\"canonical\" href=\"https:\/\/3bbiotech.com\/it\/intelligenza-artificiale\/\" \/>\n<meta property=\"og:locale\" content=\"it_IT\" \/>\n<meta property=\"og:type\" content=\"article\" \/>\n<meta property=\"og:title\" content=\"Intelligenza artificiale | 3B Biotech | Soluzioni Tecnologiche\" \/>\n<meta property=\"og:description\" content=\"3B Biotech Research collabora con partner qualificati che padroneggiano soluzioni tecnologiche e software di Intelligenza Artificiale.\" \/>\n<meta property=\"og:url\" content=\"https:\/\/3bbiotech.com\/it\/intelligenza-artificiale\/\" \/>\n<meta property=\"og:site_name\" content=\"3B Biotech\" \/>\n<meta property=\"article:modified_time\" content=\"2025-03-24T10:34:33+00:00\" \/>\n<meta property=\"og:image\" content=\"https:\/\/3bbiotech.com\/wp-content\/uploads\/2022\/07\/artificial-intelligence-def.jpg\" \/>\n<meta name=\"twitter:card\" content=\"summary_large_image\" \/>\n<meta name=\"twitter:label1\" content=\"Tempo di lettura stimato\" \/>\n\t<meta name=\"twitter:data1\" content=\"2 minuti\" \/>\n<script type=\"application\/ld+json\" class=\"yoast-schema-graph\">{\"@context\":\"https:\/\/schema.org\",\"@graph\":[{\"@type\":\"WebPage\",\"@id\":\"https:\/\/3bbiotech.com\/it\/intelligenza-artificiale\/\",\"url\":\"https:\/\/3bbiotech.com\/it\/intelligenza-artificiale\/\",\"name\":\"Intelligenza artificiale | 3B Biotech | Soluzioni Tecnologiche\",\"isPartOf\":{\"@id\":\"https:\/\/3bbiotech.com\/it\/#website\"},\"primaryImageOfPage\":{\"@id\":\"https:\/\/3bbiotech.com\/it\/intelligenza-artificiale\/#primaryimage\"},\"image\":{\"@id\":\"https:\/\/3bbiotech.com\/it\/intelligenza-artificiale\/#primaryimage\"},\"thumbnailUrl\":\"https:\/\/3bbiotech.com\/wp-content\/uploads\/2022\/07\/artificial-intelligence-def.jpg\",\"datePublished\":\"2022-07-07T07:49:19+00:00\",\"dateModified\":\"2025-03-24T10:34:33+00:00\",\"description\":\"3B Biotech Research collabora con partner qualificati che padroneggiano soluzioni tecnologiche e software di Intelligenza Artificiale.\",\"breadcrumb\":{\"@id\":\"https:\/\/3bbiotech.com\/it\/intelligenza-artificiale\/#breadcrumb\"},\"inLanguage\":\"it-IT\",\"potentialAction\":[{\"@type\":\"ReadAction\",\"target\":[\"https:\/\/3bbiotech.com\/it\/intelligenza-artificiale\/\"]}]},{\"@type\":\"ImageObject\",\"inLanguage\":\"it-IT\",\"@id\":\"https:\/\/3bbiotech.com\/it\/intelligenza-artificiale\/#primaryimage\",\"url\":\"https:\/\/3bbiotech.com\/wp-content\/uploads\/2022\/07\/artificial-intelligence-def.jpg\",\"contentUrl\":\"https:\/\/3bbiotech.com\/wp-content\/uploads\/2022\/07\/artificial-intelligence-def.jpg\"},{\"@type\":\"BreadcrumbList\",\"@id\":\"https:\/\/3bbiotech.com\/it\/intelligenza-artificiale\/#breadcrumb\",\"itemListElement\":[{\"@type\":\"ListItem\",\"position\":1,\"name\":\"Home\",\"item\":\"https:\/\/3bbiotech.com\/it\/\"},{\"@type\":\"ListItem\",\"position\":2,\"name\":\"Intelligenza artificiale\"}]},{\"@type\":\"WebSite\",\"@id\":\"https:\/\/3bbiotech.com\/it\/#website\",\"url\":\"https:\/\/3bbiotech.com\/it\/\",\"name\":\"3B Biotech\",\"description\":\"Biotech Research\",\"publisher\":{\"@id\":\"https:\/\/3bbiotech.com\/it\/#organization\"},\"potentialAction\":[{\"@type\":\"SearchAction\",\"target\":{\"@type\":\"EntryPoint\",\"urlTemplate\":\"https:\/\/3bbiotech.com\/it\/?s={search_term_string}\"},\"query-input\":{\"@type\":\"PropertyValueSpecification\",\"valueRequired\":true,\"valueName\":\"search_term_string\"}}],\"inLanguage\":\"it-IT\"},{\"@type\":\"Organization\",\"@id\":\"https:\/\/3bbiotech.com\/it\/#organization\",\"name\":\"3B Biotech\",\"url\":\"https:\/\/3bbiotech.com\/it\/\",\"logo\":{\"@type\":\"ImageObject\",\"inLanguage\":\"it-IT\",\"@id\":\"https:\/\/3bbiotech.com\/it\/#\/schema\/logo\/image\/\",\"url\":\"https:\/\/3bbiotech.com\/wp-content\/uploads\/2021\/12\/logo.png\",\"contentUrl\":\"https:\/\/3bbiotech.com\/wp-content\/uploads\/2021\/12\/logo.png\",\"width\":120,\"height\":100,\"caption\":\"3B Biotech\"},\"image\":{\"@id\":\"https:\/\/3bbiotech.com\/it\/#\/schema\/logo\/image\/\"}}]}<\/script>\n<!-- \/ Yoast SEO plugin. -->","yoast_head_json":{"title":"Intelligenza artificiale | 3B Biotech | Soluzioni Tecnologiche","description":"3B Biotech Research collabora con partner qualificati che padroneggiano soluzioni tecnologiche e software di Intelligenza Artificiale.","robots":{"index":"index","follow":"follow","max-snippet":"max-snippet:-1","max-image-preview":"max-image-preview:large","max-video-preview":"max-video-preview:-1"},"canonical":"https:\/\/3bbiotech.com\/it\/intelligenza-artificiale\/","og_locale":"it_IT","og_type":"article","og_title":"Intelligenza artificiale | 3B Biotech | Soluzioni Tecnologiche","og_description":"3B Biotech Research collabora con partner qualificati che padroneggiano soluzioni tecnologiche e software di Intelligenza Artificiale.","og_url":"https:\/\/3bbiotech.com\/it\/intelligenza-artificiale\/","og_site_name":"3B Biotech","article_modified_time":"2025-03-24T10:34:33+00:00","og_image":[{"url":"https:\/\/3bbiotech.com\/wp-content\/uploads\/2022\/07\/artificial-intelligence-def.jpg","type":"","width":"","height":""}],"twitter_card":"summary_large_image","twitter_misc":{"Tempo di lettura stimato":"2 minuti"},"schema":{"@context":"https:\/\/schema.org","@graph":[{"@type":"WebPage","@id":"https:\/\/3bbiotech.com\/it\/intelligenza-artificiale\/","url":"https:\/\/3bbiotech.com\/it\/intelligenza-artificiale\/","name":"Intelligenza artificiale | 3B Biotech | Soluzioni Tecnologiche","isPartOf":{"@id":"https:\/\/3bbiotech.com\/it\/#website"},"primaryImageOfPage":{"@id":"https:\/\/3bbiotech.com\/it\/intelligenza-artificiale\/#primaryimage"},"image":{"@id":"https:\/\/3bbiotech.com\/it\/intelligenza-artificiale\/#primaryimage"},"thumbnailUrl":"https:\/\/3bbiotech.com\/wp-content\/uploads\/2022\/07\/artificial-intelligence-def.jpg","datePublished":"2022-07-07T07:49:19+00:00","dateModified":"2025-03-24T10:34:33+00:00","description":"3B Biotech Research collabora con partner qualificati che padroneggiano soluzioni tecnologiche e software di Intelligenza Artificiale.","breadcrumb":{"@id":"https:\/\/3bbiotech.com\/it\/intelligenza-artificiale\/#breadcrumb"},"inLanguage":"it-IT","potentialAction":[{"@type":"ReadAction","target":["https:\/\/3bbiotech.com\/it\/intelligenza-artificiale\/"]}]},{"@type":"ImageObject","inLanguage":"it-IT","@id":"https:\/\/3bbiotech.com\/it\/intelligenza-artificiale\/#primaryimage","url":"https:\/\/3bbiotech.com\/wp-content\/uploads\/2022\/07\/artificial-intelligence-def.jpg","contentUrl":"https:\/\/3bbiotech.com\/wp-content\/uploads\/2022\/07\/artificial-intelligence-def.jpg"},{"@type":"BreadcrumbList","@id":"https:\/\/3bbiotech.com\/it\/intelligenza-artificiale\/#breadcrumb","itemListElement":[{"@type":"ListItem","position":1,"name":"Home","item":"https:\/\/3bbiotech.com\/it\/"},{"@type":"ListItem","position":2,"name":"Intelligenza artificiale"}]},{"@type":"WebSite","@id":"https:\/\/3bbiotech.com\/it\/#website","url":"https:\/\/3bbiotech.com\/it\/","name":"3B Biotech","description":"Biotech Research","publisher":{"@id":"https:\/\/3bbiotech.com\/it\/#organization"},"potentialAction":[{"@type":"SearchAction","target":{"@type":"EntryPoint","urlTemplate":"https:\/\/3bbiotech.com\/it\/?s={search_term_string}"},"query-input":{"@type":"PropertyValueSpecification","valueRequired":true,"valueName":"search_term_string"}}],"inLanguage":"it-IT"},{"@type":"Organization","@id":"https:\/\/3bbiotech.com\/it\/#organization","name":"3B Biotech","url":"https:\/\/3bbiotech.com\/it\/","logo":{"@type":"ImageObject","inLanguage":"it-IT","@id":"https:\/\/3bbiotech.com\/it\/#\/schema\/logo\/image\/","url":"https:\/\/3bbiotech.com\/wp-content\/uploads\/2021\/12\/logo.png","contentUrl":"https:\/\/3bbiotech.com\/wp-content\/uploads\/2021\/12\/logo.png","width":120,"height":100,"caption":"3B Biotech"},"image":{"@id":"https:\/\/3bbiotech.com\/it\/#\/schema\/logo\/image\/"}}]}},"_links":{"self":[{"href":"https:\/\/3bbiotech.com\/it\/wp-json\/wp\/v2\/pages\/2951","targetHints":{"allow":["GET"]}}],"collection":[{"href":"https:\/\/3bbiotech.com\/it\/wp-json\/wp\/v2\/pages"}],"about":[{"href":"https:\/\/3bbiotech.com\/it\/wp-json\/wp\/v2\/types\/page"}],"author":[{"embeddable":true,"href":"https:\/\/3bbiotech.com\/it\/wp-json\/wp\/v2\/users\/1"}],"replies":[{"embeddable":true,"href":"https:\/\/3bbiotech.com\/it\/wp-json\/wp\/v2\/comments?post=2951"}],"version-history":[{"count":5,"href":"https:\/\/3bbiotech.com\/it\/wp-json\/wp\/v2\/pages\/2951\/revisions"}],"predecessor-version":[{"id":4024,"href":"https:\/\/3bbiotech.com\/it\/wp-json\/wp\/v2\/pages\/2951\/revisions\/4024"}],"wp:attachment":[{"href":"https:\/\/3bbiotech.com\/it\/wp-json\/wp\/v2\/media?parent=2951"}],"wp:term":[{"taxonomy":"category","embeddable":true,"href":"https:\/\/3bbiotech.com\/it\/wp-json\/wp\/v2\/categories?post=2951"},{"taxonomy":"post_tag","embeddable":true,"href":"https:\/\/3bbiotech.com\/it\/wp-json\/wp\/v2\/tags?post=2951"}],"curies":[{"name":"wp","href":"https:\/\/api.w.org\/{rel}","templated":true}]}}