{"id":2939,"date":"2022-03-14T11:45:40","date_gmt":"2022-03-14T10:45:40","guid":{"rendered":"https:\/\/3bbiotech.com\/global-cro\/"},"modified":"2025-03-24T11:29:34","modified_gmt":"2025-03-24T10:29:34","slug":"network-globale","status":"publish","type":"page","link":"https:\/\/3bbiotech.com\/it\/network-globale\/","title":{"rendered":"Network globale (CRO)"},"content":{"rendered":"\t\t<div data-elementor-type=\"wp-page\" data-elementor-id=\"2939\" class=\"elementor elementor-2939 elementor-595\">\n\t\t\t\t\t\t<section class=\"elementor-section elementor-top-section elementor-element elementor-element-209740f elementor-section-stretched intro-page elementor-section-full_width elementor-section-height-default elementor-section-height-default\" data-id=\"209740f\" data-element_type=\"section\" data-e-type=\"section\" data-settings=\"{&quot;stretch_section&quot;:&quot;section-stretched&quot;}\">\n\t\t\t\t\t\t<div class=\"elementor-container elementor-column-gap-default\">\n\t\t\t\t\t<div class=\"elementor-column elementor-col-100 elementor-top-column elementor-element elementor-element-4a5cff5\" data-id=\"4a5cff5\" data-element_type=\"column\" data-e-type=\"column\">\n\t\t\t<div class=\"elementor-widget-wrap elementor-element-populated\">\n\t\t\t\t\t\t<section class=\"elementor-section elementor-inner-section elementor-element elementor-element-592fd4e elementor-section-full_width elementor-section-height-default elementor-section-height-default\" data-id=\"592fd4e\" data-element_type=\"section\" data-e-type=\"section\">\n\t\t\t\t\t\t<div class=\"elementor-container elementor-column-gap-default\">\n\t\t\t\t\t<div class=\"elementor-column elementor-col-50 elementor-inner-column elementor-element elementor-element-16769fe animated-slow elementor-invisible\" data-id=\"16769fe\" data-element_type=\"column\" data-e-type=\"column\" data-settings=\"{&quot;animation&quot;:&quot;fadeInUp&quot;}\">\n\t\t\t<div class=\"elementor-widget-wrap elementor-element-populated\">\n\t\t\t\t\t\t<div class=\"elementor-element elementor-element-5eea623 elementor-widget elementor-widget-shortcode\" data-id=\"5eea623\" data-element_type=\"widget\" data-e-type=\"widget\" data-widget_type=\"shortcode.default\">\n\t\t\t\t<div class=\"elementor-widget-container\">\n\t\t\t\t\t\t\t<div class=\"elementor-shortcode\"><span><span><a href=\"https:\/\/3bbiotech.com\/it\/\">Home<\/a><\/span><\/span><\/div>\n\t\t\t\t\t\t<\/div>\n\t\t\t\t<\/div>\n\t\t\t\t\t<\/div>\n\t\t<\/div>\n\t\t\t\t<div class=\"elementor-column elementor-col-50 elementor-inner-column elementor-element elementor-element-25ffdcd animated-slow elementor-invisible\" data-id=\"25ffdcd\" data-element_type=\"column\" data-e-type=\"column\" data-settings=\"{&quot;animation&quot;:&quot;fadeInUp&quot;,&quot;animation_delay&quot;:500}\">\n\t\t\t<div class=\"elementor-widget-wrap elementor-element-populated\">\n\t\t\t\t\t\t<div class=\"elementor-element elementor-element-f49dd49 elementor-widget elementor-widget-heading\" data-id=\"f49dd49\" data-element_type=\"widget\" data-e-type=\"widget\" data-widget_type=\"heading.default\">\n\t\t\t\t<div class=\"elementor-widget-container\">\n\t\t\t\t\t<h1 class=\"elementor-heading-title elementor-size-default\">SERVIZI CRO GLOBALI<\/h1>\t\t\t\t<\/div>\n\t\t\t\t<\/div>\n\t\t\t\t<div class=\"elementor-element elementor-element-ba324c9 elementor-widget elementor-widget-heading\" data-id=\"ba324c9\" data-element_type=\"widget\" data-e-type=\"widget\" data-widget_type=\"heading.default\">\n\t\t\t\t<div class=\"elementor-widget-container\">\n\t\t\t\t\t<h2 class=\"elementor-heading-title elementor-size-default\">3B Biotech \u00e8 il vostro unico interlocutore responsabile per tutte le attivit\u00e0 di ricerca clinica multicountries.<\/h2>\t\t\t\t<\/div>\n\t\t\t\t<\/div>\n\t\t\t\t\t<\/div>\n\t\t<\/div>\n\t\t\t\t\t<\/div>\n\t\t<\/section>\n\t\t\t\t<div class=\"elementor-element elementor-element-0b87740 animated-slow elementor-invisible elementor-widget elementor-widget-image\" data-id=\"0b87740\" data-element_type=\"widget\" data-e-type=\"widget\" data-settings=\"{&quot;_animation&quot;:&quot;fadeIn&quot;,&quot;_animation_delay&quot;:800}\" data-widget_type=\"image.default\">\n\t\t\t\t<div class=\"elementor-widget-container\">\n\t\t\t\t\t\t\t\t\t\t\t\t\t\t\t<img fetchpriority=\"high\" decoding=\"async\" width=\"1920\" height=\"650\" src=\"https:\/\/3bbiotech.com\/wp-content\/uploads\/2022\/05\/Global-CRO-Services-head-def.jpg\" class=\"attachment-full size-full wp-image-2944\" alt=\"\" srcset=\"https:\/\/3bbiotech.com\/wp-content\/uploads\/2022\/05\/Global-CRO-Services-head-def.jpg 1920w, https:\/\/3bbiotech.com\/wp-content\/uploads\/2022\/05\/Global-CRO-Services-head-def-300x102.jpg 300w, https:\/\/3bbiotech.com\/wp-content\/uploads\/2022\/05\/Global-CRO-Services-head-def-1024x347.jpg 1024w, https:\/\/3bbiotech.com\/wp-content\/uploads\/2022\/05\/Global-CRO-Services-head-def-768x260.jpg 768w, https:\/\/3bbiotech.com\/wp-content\/uploads\/2022\/05\/Global-CRO-Services-head-def-1536x520.jpg 1536w\" sizes=\"(max-width: 1920px) 100vw, 1920px\" \/>\t\t\t\t\t\t\t\t\t\t\t\t\t\t\t<\/div>\n\t\t\t\t<\/div>\n\t\t\t\t<section class=\"elementor-section elementor-inner-section elementor-element elementor-element-f9a566b elementor-section-full_width elementor-section-height-default elementor-section-height-default\" data-id=\"f9a566b\" data-element_type=\"section\" data-e-type=\"section\">\n\t\t\t\t\t\t<div class=\"elementor-container elementor-column-gap-default\">\n\t\t\t\t\t<div class=\"elementor-column elementor-col-100 elementor-inner-column elementor-element elementor-element-a8b282c animated-slow elementor-invisible\" data-id=\"a8b282c\" data-element_type=\"column\" data-e-type=\"column\" data-settings=\"{&quot;animation&quot;:&quot;fadeInUp&quot;,&quot;animation_delay&quot;:500}\">\n\t\t\t<div class=\"elementor-widget-wrap elementor-element-populated\">\n\t\t\t\t\t\t<div class=\"elementor-element elementor-element-166bdad elementor-widget elementor-widget-heading\" data-id=\"166bdad\" data-element_type=\"widget\" data-e-type=\"widget\" data-widget_type=\"heading.default\">\n\t\t\t\t<div class=\"elementor-widget-container\">\n\t\t\t\t\t<h2 class=\"elementor-heading-title elementor-size-default\">Gestire i diversi soggetti coinvolti  e coordinare i professionisti interni pu\u00f2 non essere un compito facile per un'azienda impegnata in un progetto di sviluppo : noi siamo il vostro unico punto di riferimento per arrivare all'obiettivo.  Il nostro stile organizzativo efficace e  lo stretto contatto con il cliente assicurano processi efficaci e a basso costo. <\/h2>\t\t\t\t<\/div>\n\t\t\t\t<\/div>\n\t\t\t\t\t<\/div>\n\t\t<\/div>\n\t\t\t\t\t<\/div>\n\t\t<\/section>\n\t\t\t\t<section class=\"elementor-section elementor-inner-section elementor-element elementor-element-997516e elementor-section-full_width elementor-section-content-middle elementor-section-height-default elementor-section-height-default\" data-id=\"997516e\" data-element_type=\"section\" data-e-type=\"section\">\n\t\t\t\t\t\t<div class=\"elementor-container elementor-column-gap-default\">\n\t\t\t\t\t<div class=\"elementor-column elementor-col-50 elementor-inner-column elementor-element elementor-element-7d2aaaa animated-slow elementor-invisible\" data-id=\"7d2aaaa\" data-element_type=\"column\" data-e-type=\"column\" data-settings=\"{&quot;animation&quot;:&quot;fadeInUp&quot;,&quot;animation_delay&quot;:500}\">\n\t\t\t<div class=\"elementor-widget-wrap elementor-element-populated\">\n\t\t\t\t\t\t<div class=\"elementor-element elementor-element-d1b9ce2 elementor-widget elementor-widget-heading\" data-id=\"d1b9ce2\" data-element_type=\"widget\" data-e-type=\"widget\" data-widget_type=\"heading.default\">\n\t\t\t\t<div class=\"elementor-widget-container\">\n\t\t\t\t\t<h3 class=\"elementor-heading-title elementor-size-default\">CRO Network<\/h3>\t\t\t\t<\/div>\n\t\t\t\t<\/div>\n\t\t\t\t<div class=\"elementor-element elementor-element-819cc31 elementor-widget elementor-widget-text-editor\" data-id=\"819cc31\" data-element_type=\"widget\" data-e-type=\"widget\" data-widget_type=\"text-editor.default\">\n\t\t\t\t<div class=\"elementor-widget-container\">\n\t\t\t\t\t\t\t\t\t<p>Negli ultimi anni abbiamo selezionato CRO in tutto il mondo. Tutte le CRO che fanno parte della nostra rete condividono la stessa missione: fornire un servizio con il massimo livello di competenza a livello locale e a un prezzo competitivo. Alcuni vantaggi del nostro Network CRO:\u00a0<\/p><ul><li>Cooperazione a lungo termine tra le CROs partner;<\/li><li>Linee di comunicazione brevi ed efficienti, approccio pratico<\/li><li>Personale madrelingua con conoscenze in tutte le principali indicazioni;<\/li><li>Elevata competenza locale (ad es. affari regolatori clinici)<\/li><li>Alto livello di attivit\u00e0 ripetute all&#8217;interno della rete<\/li><\/ul><p>Questa rete altamente specializzata in operazioni cliniche si sta espandendo rapidamente. Ad oggi la nostra copertura globale raggiunge i seguenti Paesi:<\/p><p><strong>Svizzera, Europa, Regno Unito e altri Paesi extraeuropei.<\/strong><\/p>\t\t\t\t\t\t\t\t<\/div>\n\t\t\t\t<\/div>\n\t\t\t\t\t<\/div>\n\t\t<\/div>\n\t\t\t\t<div class=\"elementor-column elementor-col-50 elementor-inner-column elementor-element elementor-element-52dbf07 animated-slow img-col  elementor-invisible\" data-id=\"52dbf07\" data-element_type=\"column\" data-e-type=\"column\" data-settings=\"{&quot;animation&quot;:&quot;fadeInUp&quot;,&quot;animation_delay&quot;:800,&quot;background_background&quot;:&quot;classic&quot;}\">\n\t\t\t<div class=\"elementor-widget-wrap\">\n\t\t\t\t\t\t\t<\/div>\n\t\t<\/div>\n\t\t\t\t\t<\/div>\n\t\t<\/section>\n\t\t\t\t<section class=\"elementor-section elementor-inner-section elementor-element elementor-element-7498524 elementor-section-full_width bg-color elementor-section-height-default elementor-section-height-default\" data-id=\"7498524\" data-element_type=\"section\" data-e-type=\"section\" data-settings=\"{&quot;background_background&quot;:&quot;classic&quot;}\">\n\t\t\t\t\t\t<div class=\"elementor-container elementor-column-gap-default\">\n\t\t\t\t\t<div class=\"elementor-column elementor-col-50 elementor-inner-column elementor-element elementor-element-0d6ef40 animated-slow elementor-invisible\" data-id=\"0d6ef40\" data-element_type=\"column\" data-e-type=\"column\" data-settings=\"{&quot;animation&quot;:&quot;fadeInUp&quot;,&quot;animation_delay&quot;:500}\">\n\t\t\t<div class=\"elementor-widget-wrap elementor-element-populated\">\n\t\t\t\t\t\t<div class=\"elementor-element elementor-element-6c4fb82 elementor-widget elementor-widget-heading\" data-id=\"6c4fb82\" data-element_type=\"widget\" data-e-type=\"widget\" data-widget_type=\"heading.default\">\n\t\t\t\t<div class=\"elementor-widget-container\">\n\t\t\t\t\t<h5 class=\"elementor-heading-title elementor-size-default\">All'interno di questa rete, 3B Biotech<\/h5>\t\t\t\t<\/div>\n\t\t\t\t<\/div>\n\t\t\t\t<div class=\"elementor-element elementor-element-3ff370b elementor-widget elementor-widget-text-editor\" data-id=\"3ff370b\" data-element_type=\"widget\" data-e-type=\"widget\" data-widget_type=\"text-editor.default\">\n\t\t\t\t<div class=\"elementor-widget-container\">\n\t\t\t\t\t\t\t\t\t<ul><li>\u00e8 il titolare del contratto,<br \/>\u00e8 l&#8217;unico interlocutore responsabile per lo Sponsor,<\/li><li>svolge attivit\u00e0 locali direttamente in Svizzera e in Italia;<\/li><li>fornisce servizi centrali come l&#8217;implementazione della eCRF, la redazione di testi medici, la farmacovigilanza, la gestione dei dati, la statistica e il project management dello studio.<\/li><li>\u00e8 responsabile della gestione e della supervisione generale dello studio.<\/li><\/ul>\t\t\t\t\t\t\t\t<\/div>\n\t\t\t\t<\/div>\n\t\t\t\t\t<\/div>\n\t\t<\/div>\n\t\t\t\t<div class=\"elementor-column elementor-col-50 elementor-inner-column elementor-element elementor-element-b278669 animated-slow elementor-invisible\" data-id=\"b278669\" data-element_type=\"column\" data-e-type=\"column\" data-settings=\"{&quot;animation&quot;:&quot;fadeInUp&quot;,&quot;animation_delay&quot;:500}\">\n\t\t\t<div class=\"elementor-widget-wrap elementor-element-populated\">\n\t\t\t\t\t\t<div class=\"elementor-element elementor-element-995fdec elementor-widget elementor-widget-heading\" data-id=\"995fdec\" data-element_type=\"widget\" data-e-type=\"widget\" data-widget_type=\"heading.default\">\n\t\t\t\t<div class=\"elementor-widget-container\">\n\t\t\t\t\t<h5 class=\"elementor-heading-title elementor-size-default\">I partner svolgono tutti i servizi che richiedono una presenza locale<\/h5>\t\t\t\t<\/div>\n\t\t\t\t<\/div>\n\t\t\t\t<div class=\"elementor-element elementor-element-490636c elementor-widget elementor-widget-text-editor\" data-id=\"490636c\" data-element_type=\"widget\" data-e-type=\"widget\" data-widget_type=\"text-editor.default\">\n\t\t\t\t<div class=\"elementor-widget-container\">\n\t\t\t\t\t\t\t\t\t<ul><li>monitoraggio dei centri\u00a0 locali<br \/>selezione e gestione dei siti locali<\/li><li>sottomissioni e\u00a0 corrispondenza con le CA e le CE\/IRB locali (se richiesto)<\/li><li>traduzioni<\/li><li>preparazione di documenti locali<\/li><\/ul>\t\t\t\t\t\t\t\t<\/div>\n\t\t\t\t<\/div>\n\t\t\t\t\t<\/div>\n\t\t<\/div>\n\t\t\t\t\t<\/div>\n\t\t<\/section>\n\t\t\t\t\t<\/div>\n\t\t<\/div>\n\t\t\t\t\t<\/div>\n\t\t<\/section>\n\t\t\t\t<\/div>\n\t\t","protected":false},"excerpt":{"rendered":"<p>SERVIZI CRO GLOBALI 3B Biotech \u00e8 il vostro unico interlocutore responsabile per tutte le attivit\u00e0 di ricerca clinica multicountries. Gestire i diversi soggetti coinvolti e coordinare i professionisti interni pu\u00f2 non essere un compito facile per un&#8217;azienda impegnata in un progetto di sviluppo : noi siamo il vostro unico punto di riferimento per arrivare all&#8217;obiettivo. &#8230; <a title=\"Network globale (CRO)\" class=\"read-more\" href=\"https:\/\/3bbiotech.com\/it\/network-globale\/\" aria-label=\"Read more about Network globale (CRO)\">Leggi tutto<\/a><\/p>\n","protected":false},"author":1,"featured_media":0,"parent":0,"menu_order":0,"comment_status":"closed","ping_status":"closed","template":"","meta":{"content-type":"","footnotes":""},"categories":[],"tags":[59],"class_list":{"0":"post-2939","1":"page","2":"type-page","3":"status-publish","5":"tag-network-globale-cro"},"yoast_head":"<!-- This site is optimized with the Yoast SEO plugin v27.0 - https:\/\/yoast.com\/product\/yoast-seo-wordpress\/ -->\n<title>Network globale (CRO) - 3B Biotech Ricerca Clinica<\/title>\n<meta name=\"description\" content=\"3B Biotech \u00e8 il vostro unico interlocutore responsabile per tutte le attivit\u00e0 di ricerca clinica multicountries.\" \/>\n<meta name=\"robots\" content=\"index, follow, max-snippet:-1, max-image-preview:large, max-video-preview:-1\" \/>\n<link rel=\"canonical\" href=\"https:\/\/3bbiotech.com\/it\/network-globale\/\" \/>\n<meta property=\"og:locale\" content=\"it_IT\" \/>\n<meta property=\"og:type\" content=\"article\" \/>\n<meta property=\"og:title\" content=\"Network globale (CRO) - 3B Biotech Ricerca Clinica\" \/>\n<meta property=\"og:description\" content=\"3B Biotech \u00e8 il vostro unico interlocutore responsabile per tutte le attivit\u00e0 di ricerca clinica multicountries.\" \/>\n<meta property=\"og:url\" content=\"https:\/\/3bbiotech.com\/it\/network-globale\/\" \/>\n<meta property=\"og:site_name\" content=\"3B Biotech\" \/>\n<meta property=\"article:modified_time\" content=\"2025-03-24T10:29:34+00:00\" \/>\n<meta property=\"og:image\" content=\"https:\/\/3bbiotech.com\/wp-content\/uploads\/2022\/05\/Global-CRO-Services-head-def.jpg\" \/>\n<meta name=\"twitter:card\" content=\"summary_large_image\" \/>\n<meta name=\"twitter:label1\" content=\"Tempo di lettura stimato\" \/>\n\t<meta name=\"twitter:data1\" content=\"2 minuti\" \/>\n<script type=\"application\/ld+json\" class=\"yoast-schema-graph\">{\"@context\":\"https:\/\/schema.org\",\"@graph\":[{\"@type\":\"WebPage\",\"@id\":\"https:\/\/3bbiotech.com\/it\/network-globale\/\",\"url\":\"https:\/\/3bbiotech.com\/it\/network-globale\/\",\"name\":\"Network globale (CRO) - 3B Biotech Ricerca Clinica\",\"isPartOf\":{\"@id\":\"https:\/\/3bbiotech.com\/it\/#website\"},\"primaryImageOfPage\":{\"@id\":\"https:\/\/3bbiotech.com\/it\/network-globale\/#primaryimage\"},\"image\":{\"@id\":\"https:\/\/3bbiotech.com\/it\/network-globale\/#primaryimage\"},\"thumbnailUrl\":\"https:\/\/3bbiotech.com\/wp-content\/uploads\/2022\/05\/Global-CRO-Services-head-def.jpg\",\"datePublished\":\"2022-03-14T10:45:40+00:00\",\"dateModified\":\"2025-03-24T10:29:34+00:00\",\"description\":\"3B Biotech \u00e8 il vostro unico interlocutore responsabile per tutte le attivit\u00e0 di ricerca clinica multicountries.\",\"breadcrumb\":{\"@id\":\"https:\/\/3bbiotech.com\/it\/network-globale\/#breadcrumb\"},\"inLanguage\":\"it-IT\",\"potentialAction\":[{\"@type\":\"ReadAction\",\"target\":[\"https:\/\/3bbiotech.com\/it\/network-globale\/\"]}]},{\"@type\":\"ImageObject\",\"inLanguage\":\"it-IT\",\"@id\":\"https:\/\/3bbiotech.com\/it\/network-globale\/#primaryimage\",\"url\":\"https:\/\/3bbiotech.com\/wp-content\/uploads\/2022\/05\/Global-CRO-Services-head-def.jpg\",\"contentUrl\":\"https:\/\/3bbiotech.com\/wp-content\/uploads\/2022\/05\/Global-CRO-Services-head-def.jpg\"},{\"@type\":\"BreadcrumbList\",\"@id\":\"https:\/\/3bbiotech.com\/it\/network-globale\/#breadcrumb\",\"itemListElement\":[{\"@type\":\"ListItem\",\"position\":1,\"name\":\"Home\",\"item\":\"https:\/\/3bbiotech.com\/it\/\"},{\"@type\":\"ListItem\",\"position\":2,\"name\":\"Network globale (CRO)\"}]},{\"@type\":\"WebSite\",\"@id\":\"https:\/\/3bbiotech.com\/it\/#website\",\"url\":\"https:\/\/3bbiotech.com\/it\/\",\"name\":\"3B Biotech\",\"description\":\"Biotech Research\",\"publisher\":{\"@id\":\"https:\/\/3bbiotech.com\/it\/#organization\"},\"potentialAction\":[{\"@type\":\"SearchAction\",\"target\":{\"@type\":\"EntryPoint\",\"urlTemplate\":\"https:\/\/3bbiotech.com\/it\/?s={search_term_string}\"},\"query-input\":{\"@type\":\"PropertyValueSpecification\",\"valueRequired\":true,\"valueName\":\"search_term_string\"}}],\"inLanguage\":\"it-IT\"},{\"@type\":\"Organization\",\"@id\":\"https:\/\/3bbiotech.com\/it\/#organization\",\"name\":\"3B Biotech\",\"url\":\"https:\/\/3bbiotech.com\/it\/\",\"logo\":{\"@type\":\"ImageObject\",\"inLanguage\":\"it-IT\",\"@id\":\"https:\/\/3bbiotech.com\/it\/#\/schema\/logo\/image\/\",\"url\":\"https:\/\/3bbiotech.com\/wp-content\/uploads\/2021\/12\/logo.png\",\"contentUrl\":\"https:\/\/3bbiotech.com\/wp-content\/uploads\/2021\/12\/logo.png\",\"width\":120,\"height\":100,\"caption\":\"3B Biotech\"},\"image\":{\"@id\":\"https:\/\/3bbiotech.com\/it\/#\/schema\/logo\/image\/\"}}]}<\/script>\n<!-- \/ Yoast SEO plugin. -->","yoast_head_json":{"title":"Network globale (CRO) - 3B Biotech Ricerca Clinica","description":"3B Biotech \u00e8 il vostro unico interlocutore responsabile per tutte le attivit\u00e0 di ricerca clinica multicountries.","robots":{"index":"index","follow":"follow","max-snippet":"max-snippet:-1","max-image-preview":"max-image-preview:large","max-video-preview":"max-video-preview:-1"},"canonical":"https:\/\/3bbiotech.com\/it\/network-globale\/","og_locale":"it_IT","og_type":"article","og_title":"Network globale (CRO) - 3B Biotech Ricerca Clinica","og_description":"3B Biotech \u00e8 il vostro unico interlocutore responsabile per tutte le attivit\u00e0 di ricerca clinica multicountries.","og_url":"https:\/\/3bbiotech.com\/it\/network-globale\/","og_site_name":"3B Biotech","article_modified_time":"2025-03-24T10:29:34+00:00","og_image":[{"url":"https:\/\/3bbiotech.com\/wp-content\/uploads\/2022\/05\/Global-CRO-Services-head-def.jpg","type":"","width":"","height":""}],"twitter_card":"summary_large_image","twitter_misc":{"Tempo di lettura stimato":"2 minuti"},"schema":{"@context":"https:\/\/schema.org","@graph":[{"@type":"WebPage","@id":"https:\/\/3bbiotech.com\/it\/network-globale\/","url":"https:\/\/3bbiotech.com\/it\/network-globale\/","name":"Network globale (CRO) - 3B Biotech Ricerca Clinica","isPartOf":{"@id":"https:\/\/3bbiotech.com\/it\/#website"},"primaryImageOfPage":{"@id":"https:\/\/3bbiotech.com\/it\/network-globale\/#primaryimage"},"image":{"@id":"https:\/\/3bbiotech.com\/it\/network-globale\/#primaryimage"},"thumbnailUrl":"https:\/\/3bbiotech.com\/wp-content\/uploads\/2022\/05\/Global-CRO-Services-head-def.jpg","datePublished":"2022-03-14T10:45:40+00:00","dateModified":"2025-03-24T10:29:34+00:00","description":"3B Biotech \u00e8 il vostro unico interlocutore responsabile per tutte le attivit\u00e0 di ricerca clinica multicountries.","breadcrumb":{"@id":"https:\/\/3bbiotech.com\/it\/network-globale\/#breadcrumb"},"inLanguage":"it-IT","potentialAction":[{"@type":"ReadAction","target":["https:\/\/3bbiotech.com\/it\/network-globale\/"]}]},{"@type":"ImageObject","inLanguage":"it-IT","@id":"https:\/\/3bbiotech.com\/it\/network-globale\/#primaryimage","url":"https:\/\/3bbiotech.com\/wp-content\/uploads\/2022\/05\/Global-CRO-Services-head-def.jpg","contentUrl":"https:\/\/3bbiotech.com\/wp-content\/uploads\/2022\/05\/Global-CRO-Services-head-def.jpg"},{"@type":"BreadcrumbList","@id":"https:\/\/3bbiotech.com\/it\/network-globale\/#breadcrumb","itemListElement":[{"@type":"ListItem","position":1,"name":"Home","item":"https:\/\/3bbiotech.com\/it\/"},{"@type":"ListItem","position":2,"name":"Network globale (CRO)"}]},{"@type":"WebSite","@id":"https:\/\/3bbiotech.com\/it\/#website","url":"https:\/\/3bbiotech.com\/it\/","name":"3B Biotech","description":"Biotech Research","publisher":{"@id":"https:\/\/3bbiotech.com\/it\/#organization"},"potentialAction":[{"@type":"SearchAction","target":{"@type":"EntryPoint","urlTemplate":"https:\/\/3bbiotech.com\/it\/?s={search_term_string}"},"query-input":{"@type":"PropertyValueSpecification","valueRequired":true,"valueName":"search_term_string"}}],"inLanguage":"it-IT"},{"@type":"Organization","@id":"https:\/\/3bbiotech.com\/it\/#organization","name":"3B Biotech","url":"https:\/\/3bbiotech.com\/it\/","logo":{"@type":"ImageObject","inLanguage":"it-IT","@id":"https:\/\/3bbiotech.com\/it\/#\/schema\/logo\/image\/","url":"https:\/\/3bbiotech.com\/wp-content\/uploads\/2021\/12\/logo.png","contentUrl":"https:\/\/3bbiotech.com\/wp-content\/uploads\/2021\/12\/logo.png","width":120,"height":100,"caption":"3B Biotech"},"image":{"@id":"https:\/\/3bbiotech.com\/it\/#\/schema\/logo\/image\/"}}]}},"_links":{"self":[{"href":"https:\/\/3bbiotech.com\/it\/wp-json\/wp\/v2\/pages\/2939","targetHints":{"allow":["GET"]}}],"collection":[{"href":"https:\/\/3bbiotech.com\/it\/wp-json\/wp\/v2\/pages"}],"about":[{"href":"https:\/\/3bbiotech.com\/it\/wp-json\/wp\/v2\/types\/page"}],"author":[{"embeddable":true,"href":"https:\/\/3bbiotech.com\/it\/wp-json\/wp\/v2\/users\/1"}],"replies":[{"embeddable":true,"href":"https:\/\/3bbiotech.com\/it\/wp-json\/wp\/v2\/comments?post=2939"}],"version-history":[{"count":30,"href":"https:\/\/3bbiotech.com\/it\/wp-json\/wp\/v2\/pages\/2939\/revisions"}],"predecessor-version":[{"id":4017,"href":"https:\/\/3bbiotech.com\/it\/wp-json\/wp\/v2\/pages\/2939\/revisions\/4017"}],"wp:attachment":[{"href":"https:\/\/3bbiotech.com\/it\/wp-json\/wp\/v2\/media?parent=2939"}],"wp:term":[{"taxonomy":"category","embeddable":true,"href":"https:\/\/3bbiotech.com\/it\/wp-json\/wp\/v2\/categories?post=2939"},{"taxonomy":"post_tag","embeddable":true,"href":"https:\/\/3bbiotech.com\/it\/wp-json\/wp\/v2\/tags?post=2939"}],"curies":[{"name":"wp","href":"https:\/\/api.w.org\/{rel}","templated":true}]}}