{"id":2999,"date":"2022-05-16T15:15:17","date_gmt":"2022-05-16T13:15:17","guid":{"rendered":"https:\/\/3bbiotech.com\/observational-and-late-phase-research\/clinical-observational-research\/"},"modified":"2025-03-17T17:19:17","modified_gmt":"2025-03-17T16:19:17","slug":"programmes-daccompagnement-patient","status":"publish","type":"page","link":"https:\/\/3bbiotech.com\/fr\/etude-observationnelle-et-de-phase-tardive\/programmes-daccompagnement-patient\/","title":{"rendered":"PROGRAMMES D\u2019ACCOMPAGNEMENT PATIENT"},"content":{"rendered":"\t\t<div data-elementor-type=\"wp-page\" data-elementor-id=\"2999\" class=\"elementor elementor-2999 elementor-1868\">\n\t\t\t\t\t\t<section class=\"elementor-section elementor-top-section elementor-element elementor-element-209740f elementor-section-stretched intro-page elementor-section-full_width elementor-section-height-default elementor-section-height-default\" data-id=\"209740f\" data-element_type=\"section\" data-e-type=\"section\" data-settings=\"{&quot;stretch_section&quot;:&quot;section-stretched&quot;}\">\n\t\t\t\t\t\t<div class=\"elementor-container elementor-column-gap-default\">\n\t\t\t\t\t<div class=\"elementor-column elementor-col-100 elementor-top-column elementor-element elementor-element-4a5cff5\" data-id=\"4a5cff5\" data-element_type=\"column\" data-e-type=\"column\">\n\t\t\t<div class=\"elementor-widget-wrap elementor-element-populated\">\n\t\t\t\t\t\t<section class=\"elementor-section elementor-inner-section elementor-element elementor-element-592fd4e elementor-section-full_width elementor-section-height-default elementor-section-height-default\" data-id=\"592fd4e\" data-element_type=\"section\" data-e-type=\"section\">\n\t\t\t\t\t\t<div class=\"elementor-container elementor-column-gap-default\">\n\t\t\t\t\t<div class=\"elementor-column elementor-col-50 elementor-inner-column elementor-element elementor-element-16769fe animated-slow elementor-invisible\" data-id=\"16769fe\" data-element_type=\"column\" data-e-type=\"column\" data-settings=\"{&quot;animation&quot;:&quot;fadeInUp&quot;}\">\n\t\t\t<div class=\"elementor-widget-wrap elementor-element-populated\">\n\t\t\t\t\t\t<div class=\"elementor-element elementor-element-5eea623 elementor-widget elementor-widget-shortcode\" data-id=\"5eea623\" data-element_type=\"widget\" data-e-type=\"widget\" data-widget_type=\"shortcode.default\">\n\t\t\t\t<div class=\"elementor-widget-container\">\n\t\t\t\t\t\t\t<div class=\"elementor-shortcode\"><span><span><a href=\"https:\/\/3bbiotech.com\/fr\/\">Home<\/a><\/span><\/span><\/div>\n\t\t\t\t\t\t<\/div>\n\t\t\t\t<\/div>\n\t\t\t\t\t<\/div>\n\t\t<\/div>\n\t\t\t\t<div class=\"elementor-column elementor-col-50 elementor-inner-column elementor-element elementor-element-25ffdcd animated-slow elementor-invisible\" data-id=\"25ffdcd\" data-element_type=\"column\" data-e-type=\"column\" data-settings=\"{&quot;animation&quot;:&quot;fadeInUp&quot;,&quot;animation_delay&quot;:500}\">\n\t\t\t<div class=\"elementor-widget-wrap elementor-element-populated\">\n\t\t\t\t\t\t<div class=\"elementor-element elementor-element-f49dd49 elementor-widget elementor-widget-heading\" data-id=\"f49dd49\" data-element_type=\"widget\" data-e-type=\"widget\" data-widget_type=\"heading.default\">\n\t\t\t\t<div class=\"elementor-widget-container\">\n\t\t\t\t\t<h1 class=\"elementor-heading-title elementor-size-default\">PROGRAMMES D\u2019ACCOMPAGNEMENT PATIENT<\/h1>\t\t\t\t<\/div>\n\t\t\t\t<\/div>\n\t\t\t\t<div class=\"elementor-element elementor-element-ba324c9 elementor-widget elementor-widget-heading\" data-id=\"ba324c9\" data-element_type=\"widget\" data-e-type=\"widget\" data-widget_type=\"heading.default\">\n\t\t\t\t<div class=\"elementor-widget-container\">\n\t\t\t\t\t<h2 class=\"elementor-heading-title elementor-size-default\">3B Biotech se propose en tant que partenaire dans l\u2019analyse des besoins et de la conception de PSP avec un rapport co\u00fbt-efficacit\u00e9 ad\u00e9quat.<\/h2>\t\t\t\t<\/div>\n\t\t\t\t<\/div>\n\t\t\t\t<div class=\"elementor-element elementor-element-d9c7da9 elementor-widget elementor-widget-text-editor\" data-id=\"d9c7da9\" data-element_type=\"widget\" data-e-type=\"widget\" data-widget_type=\"text-editor.default\">\n\t\t\t\t<div class=\"elementor-widget-container\">\n\t\t\t\t\t\t\t\t\t<p>Nous veillons au respect total de la pharmacovigilance associ\u00e9e aux PSP conform\u00e9ment \u00e0 la l\u00e9gislation en vigueur.<\/p>\t\t\t\t\t\t\t\t<\/div>\n\t\t\t\t<\/div>\n\t\t\t\t\t<\/div>\n\t\t<\/div>\n\t\t\t\t\t<\/div>\n\t\t<\/section>\n\t\t\t\t<div class=\"elementor-element elementor-element-0b87740 animated-slow elementor-invisible elementor-widget elementor-widget-image\" data-id=\"0b87740\" data-element_type=\"widget\" data-e-type=\"widget\" data-settings=\"{&quot;_animation&quot;:&quot;fadeIn&quot;,&quot;_animation_delay&quot;:800}\" data-widget_type=\"image.default\">\n\t\t\t\t<div class=\"elementor-widget-container\">\n\t\t\t\t\t\t\t\t\t\t\t\t\t\t\t<img fetchpriority=\"high\" decoding=\"async\" width=\"1920\" height=\"650\" src=\"https:\/\/3bbiotech.com\/wp-content\/uploads\/2022\/07\/Patient-Support-Programs-head-def.jpg\" class=\"attachment-full size-full wp-image-3193\" alt=\"\" srcset=\"https:\/\/3bbiotech.com\/wp-content\/uploads\/2022\/07\/Patient-Support-Programs-head-def.jpg 1920w, https:\/\/3bbiotech.com\/wp-content\/uploads\/2022\/07\/Patient-Support-Programs-head-def-300x102.jpg 300w, https:\/\/3bbiotech.com\/wp-content\/uploads\/2022\/07\/Patient-Support-Programs-head-def-1024x347.jpg 1024w, https:\/\/3bbiotech.com\/wp-content\/uploads\/2022\/07\/Patient-Support-Programs-head-def-768x260.jpg 768w, https:\/\/3bbiotech.com\/wp-content\/uploads\/2022\/07\/Patient-Support-Programs-head-def-1536x520.jpg 1536w\" sizes=\"(max-width: 1920px) 100vw, 1920px\" \/>\t\t\t\t\t\t\t\t\t\t\t\t\t\t\t<\/div>\n\t\t\t\t<\/div>\n\t\t\t\t<section class=\"elementor-section elementor-inner-section elementor-element elementor-element-f9a566b elementor-section-full_width elementor-section-height-default elementor-section-height-default\" data-id=\"f9a566b\" data-element_type=\"section\" data-e-type=\"section\">\n\t\t\t\t\t\t<div class=\"elementor-container elementor-column-gap-default\">\n\t\t\t\t\t<div class=\"elementor-column elementor-col-100 elementor-inner-column elementor-element elementor-element-a8b282c animated-slow elementor-invisible\" data-id=\"a8b282c\" data-element_type=\"column\" data-e-type=\"column\" data-settings=\"{&quot;animation&quot;:&quot;fadeInUp&quot;,&quot;animation_delay&quot;:500}\">\n\t\t\t<div class=\"elementor-widget-wrap elementor-element-populated\">\n\t\t\t\t\t\t<div class=\"elementor-element elementor-element-aaf0021 elementor-widget elementor-widget-text-editor\" data-id=\"aaf0021\" data-element_type=\"widget\" data-e-type=\"widget\" data-widget_type=\"text-editor.default\">\n\t\t\t\t<div class=\"elementor-widget-container\">\n\t\t\t\t\t\t\t\t\t<p>Dans un environnement de soins de sant\u00e9 en constante \u00e9volution et avec des patients capables d\u2019avoir toujours plus d\u2019informations sur leurs maladies et leurs parcours th\u00e9rapeutiques, les programmes d\u2019accompagnement patient (PSP) ont acquis une importance fondamentale dans la gestion du parcours diagnostique\/th\u00e9rapeutique de la meilleure fa\u00e7on qui soit, en g\u00e9rant les diff\u00e9rences entre les diff\u00e9rents patients et leurs attentes.<\/p><p>La conception et la conduite de PSP devient essentielle pour aider le patient \u00e0 suivre correctement une th\u00e9rapie, r\u00e9duire le mouvement de celui-ci depuis son domicile, pour utiliser les ressources en sant\u00e9 de mani\u00e8re plus appropri\u00e9e.<\/p><p>3B Biotech se propose en tant que partenaire dans l\u2019analyse des besoins et de la conception de PSP avec un rapport co\u00fbt\/efficacit\u00e9 ad\u00e9quat.<\/p><p>3B Biotech est \u00e9galement en mesurer de veiller au respect de la pharmacovigilance associ\u00e9e aux PSP conform\u00e9ment \u00e0 la l\u00e9gislation locale et europ\u00e9enne.<\/p><p>Le module VI de bonnes pratiques de pharmacovigilance (GVP) traite des exigences l\u00e9gales applicables aux parties prenantes en ce qui concerne la collecte, la gestion des donn\u00e9es et la d\u00e9claration des effets ind\u00e9sirables suspect\u00e9s associ\u00e9s aux m\u00e9dicaments \u00e0 usage humain autoris\u00e9s dans l\u2019Union europ\u00e9enne (UE). Ce module contient \u00e9galement les exigences applicables aux titulaires d\u2019autorisations de mise sur le march\u00e9 (TAMM) pour la gestion et la d\u00e9claration des donn\u00e9es de s\u00e9curit\u00e9 provenant des PSP.<\/p><p>Les cas graves et non graves d\u2019effets ind\u00e9sirables suspect\u00e9s provenant de ces programmes doivent \u00eatre signal\u00e9s par les titulaires d\u2019autorisations de mise sur le march\u00e9 sous forme de rapports sollicit\u00e9s.<\/p><p>Le PSP comprend les services qui impliquent une interaction directe avec les patients et\/ou le personnel soignant aux fins de<\/p><ul><li>Aider \u00e0 g\u00e9rer la m\u00e9dication et\/ou les r\u00e9sultats de la maladie d\u2019un patient (p. ex. adh\u00e9sion, sensibilisation, \u00e9ducation)<\/li><li>Apporter un soutien aux professionnels de sant\u00e9 pour leurs patients<\/li><\/ul><p>Dans le cadre de ces programmes, les informations sur la s\u00e9curit\u00e9 relatives \u00e0 l\u2019utilisation de leurs m\u00e9dicaments sont recueillies.<\/p><p>Les patients\/soignants peuvent signaler des \u00e9v\u00e8nements qui sont survenus de fa\u00e7on concomitante \u00e0 l\u2019utilisation du m\u00e9dicament et qui pourraient constituer des effets ind\u00e9sirables suspect\u00e9s.<\/p>\t\t\t\t\t\t\t\t<\/div>\n\t\t\t\t<\/div>\n\t\t\t\t\t<\/div>\n\t\t<\/div>\n\t\t\t\t\t<\/div>\n\t\t<\/section>\n\t\t\t\t<section class=\"elementor-section elementor-inner-section elementor-element elementor-element-997516e elementor-section-full_width elementor-section-content-middle elementor-section-height-default elementor-section-height-default\" data-id=\"997516e\" data-element_type=\"section\" data-e-type=\"section\">\n\t\t\t\t\t\t<div class=\"elementor-container elementor-column-gap-default\">\n\t\t\t\t\t<div class=\"elementor-column elementor-col-50 elementor-inner-column elementor-element elementor-element-7d2aaaa animated-slow elementor-invisible\" data-id=\"7d2aaaa\" data-element_type=\"column\" data-e-type=\"column\" data-settings=\"{&quot;animation&quot;:&quot;fadeInUp&quot;,&quot;animation_delay&quot;:500}\">\n\t\t\t<div class=\"elementor-widget-wrap elementor-element-populated\">\n\t\t\t\t\t\t<div class=\"elementor-element elementor-element-d1b9ce2 elementor-widget elementor-widget-heading\" data-id=\"d1b9ce2\" data-element_type=\"widget\" data-e-type=\"widget\" data-widget_type=\"heading.default\">\n\t\t\t\t<div class=\"elementor-widget-container\">\n\t\t\t\t\t<h3 class=\"elementor-heading-title elementor-size-default\">L\u00e0 o\u00f9 les informations issues des PSP s\u2019av\u00e8rent utiles :<\/h3>\t\t\t\t<\/div>\n\t\t\t\t<\/div>\n\t\t\t\t<div class=\"elementor-element elementor-element-819cc31 elementor-widget elementor-widget-text-editor\" data-id=\"819cc31\" data-element_type=\"widget\" data-e-type=\"widget\" data-widget_type=\"text-editor.default\">\n\t\t\t\t<div class=\"elementor-widget-container\">\n\t\t\t\t\t\t\t\t\t<ul><li>Peut fournir un bon aper\u00e7u de ce qui est important pour les patients par rapport \u00e0 leur maladie ou \u00e0 leur traitement<\/li><li>G\u00e9n\u00e8re des informations sur ce qui peut avoir un impact sur la capacit\u00e9 des patients \u00e0 suivre le traitement (ex\u00a0: optimisation des b\u00e9n\u00e9fices)<\/li><li>Peut aider \u00e0 orienter lors de demandes de conseils et de soutien en ce qui concerne la recherche d\u2019une aide m\u00e9dicale ou lorsqu\u2019il y a un besoin d\u2019\u00eatre rassur\u00e9 pour \u00e9viter d\u2019interrompre le traitement de mani\u00e8re inappropri\u00e9e<\/li><li>Confirme ce qui est d\u00e9j\u00e0 connu<\/li><li>n Nutzen optimieren)<\/li><li>Sie k\u00f6nnen helfen, wenn Rat und Unterst\u00fctzung bei der Suche nach medizinischer Hilfe ben\u00f6tigt werden oder wenn der Patient beruhigt werden muss, um einen unangemessenen Abbruch der Behandlung zu vermeiden<\/li><li>Best\u00e4tigen, was bereits bekannt ist<\/li><\/ul>\t\t\t\t\t\t\t\t<\/div>\n\t\t\t\t<\/div>\n\t\t\t\t\t<\/div>\n\t\t<\/div>\n\t\t\t\t<div class=\"elementor-column elementor-col-50 elementor-inner-column elementor-element elementor-element-52dbf07 animated-slow img-col elementor-invisible\" data-id=\"52dbf07\" data-element_type=\"column\" data-e-type=\"column\" data-settings=\"{&quot;animation&quot;:&quot;fadeInUp&quot;,&quot;animation_delay&quot;:800,&quot;background_background&quot;:&quot;classic&quot;}\">\n\t\t\t<div class=\"elementor-widget-wrap\">\n\t\t\t\t\t\t\t<\/div>\n\t\t<\/div>\n\t\t\t\t\t<\/div>\n\t\t<\/section>\n\t\t\t\t\t<\/div>\n\t\t<\/div>\n\t\t\t\t\t<\/div>\n\t\t<\/section>\n\t\t\t\t<\/div>\n\t\t","protected":false},"excerpt":{"rendered":"<p>3B Biotech Research, with a comprehensive portfolio of clinical services offers a long lasting experience in driving the Client into the clinical development program.<\/p>\n","protected":false},"author":1,"featured_media":2957,"parent":2991,"menu_order":1,"comment_status":"closed","ping_status":"closed","template":"","meta":{"content-type":"","footnotes":""},"categories":[],"tags":[89],"class_list":{"0":"post-2999","1":"page","2":"type-page","3":"status-publish","4":"has-post-thumbnail","6":"tag-programmes-daccompagnement-patient"},"yoast_head":"<!-- This site is optimized with the Yoast SEO plugin v27.0 - https:\/\/yoast.com\/product\/yoast-seo-wordpress\/ -->\n<title>PROGRAMMES D\u2019ACCOMPAGNEMENT PATIENT - 3B Biotech<\/title>\n<meta name=\"description\" content=\"D\u00e9couvrez nos programmes d&#039;accompagnement patient offerts par 3B Biotech. Contactez-nous pour des initiatives personnalis\u00e9es...\" \/>\n<meta name=\"robots\" content=\"index, follow, max-snippet:-1, max-image-preview:large, max-video-preview:-1\" \/>\n<link rel=\"canonical\" href=\"https:\/\/3bbiotech.com\/fr\/etude-observationnelle-et-de-phase-tardive\/programmes-daccompagnement-patient\/\" \/>\n<meta property=\"og:locale\" content=\"fr_FR\" \/>\n<meta property=\"og:type\" content=\"article\" \/>\n<meta property=\"og:title\" content=\"PROGRAMMES D\u2019ACCOMPAGNEMENT PATIENT - 3B Biotech\" \/>\n<meta property=\"og:description\" content=\"D\u00e9couvrez nos programmes d&#039;accompagnement patient offerts par 3B Biotech. Contactez-nous pour des initiatives personnalis\u00e9es...\" \/>\n<meta property=\"og:url\" content=\"https:\/\/3bbiotech.com\/fr\/etude-observationnelle-et-de-phase-tardive\/programmes-daccompagnement-patient\/\" \/>\n<meta property=\"og:site_name\" content=\"3B Biotech\" \/>\n<meta property=\"article:modified_time\" content=\"2025-03-17T16:19:17+00:00\" \/>\n<meta property=\"og:image\" content=\"https:\/\/3bbiotech.com\/wp-content\/uploads\/2022\/05\/clinical-observational-research-def.jpg\" \/>\n\t<meta property=\"og:image:width\" content=\"1920\" \/>\n\t<meta property=\"og:image:height\" content=\"650\" \/>\n\t<meta property=\"og:image:type\" content=\"image\/jpeg\" \/>\n<meta name=\"twitter:card\" content=\"summary_large_image\" \/>\n<meta name=\"twitter:label1\" content=\"Dur\u00e9e de lecture estim\u00e9e\" \/>\n\t<meta name=\"twitter:data1\" content=\"3 minutes\" \/>\n<script type=\"application\/ld+json\" class=\"yoast-schema-graph\">{\"@context\":\"https:\/\/schema.org\",\"@graph\":[{\"@type\":\"WebPage\",\"@id\":\"https:\/\/3bbiotech.com\/fr\/etude-observationnelle-et-de-phase-tardive\/programmes-daccompagnement-patient\/\",\"url\":\"https:\/\/3bbiotech.com\/fr\/etude-observationnelle-et-de-phase-tardive\/programmes-daccompagnement-patient\/\",\"name\":\"PROGRAMMES D\u2019ACCOMPAGNEMENT PATIENT - 3B Biotech\",\"isPartOf\":{\"@id\":\"https:\/\/3bbiotech.com\/fr\/#website\"},\"primaryImageOfPage\":{\"@id\":\"https:\/\/3bbiotech.com\/fr\/etude-observationnelle-et-de-phase-tardive\/programmes-daccompagnement-patient\/#primaryimage\"},\"image\":{\"@id\":\"https:\/\/3bbiotech.com\/fr\/etude-observationnelle-et-de-phase-tardive\/programmes-daccompagnement-patient\/#primaryimage\"},\"thumbnailUrl\":\"https:\/\/3bbiotech.com\/wp-content\/uploads\/2022\/05\/clinical-observational-research-def.jpg\",\"datePublished\":\"2022-05-16T13:15:17+00:00\",\"dateModified\":\"2025-03-17T16:19:17+00:00\",\"description\":\"D\u00e9couvrez nos programmes d'accompagnement patient offerts par 3B Biotech. Contactez-nous pour des initiatives personnalis\u00e9es...\",\"breadcrumb\":{\"@id\":\"https:\/\/3bbiotech.com\/fr\/etude-observationnelle-et-de-phase-tardive\/programmes-daccompagnement-patient\/#breadcrumb\"},\"inLanguage\":\"fr-FR\",\"potentialAction\":[{\"@type\":\"ReadAction\",\"target\":[\"https:\/\/3bbiotech.com\/fr\/etude-observationnelle-et-de-phase-tardive\/programmes-daccompagnement-patient\/\"]}]},{\"@type\":\"ImageObject\",\"inLanguage\":\"fr-FR\",\"@id\":\"https:\/\/3bbiotech.com\/fr\/etude-observationnelle-et-de-phase-tardive\/programmes-daccompagnement-patient\/#primaryimage\",\"url\":\"https:\/\/3bbiotech.com\/wp-content\/uploads\/2022\/05\/clinical-observational-research-def.jpg\",\"contentUrl\":\"https:\/\/3bbiotech.com\/wp-content\/uploads\/2022\/05\/clinical-observational-research-def.jpg\",\"width\":1920,\"height\":650},{\"@type\":\"BreadcrumbList\",\"@id\":\"https:\/\/3bbiotech.com\/fr\/etude-observationnelle-et-de-phase-tardive\/programmes-daccompagnement-patient\/#breadcrumb\",\"itemListElement\":[{\"@type\":\"ListItem\",\"position\":1,\"name\":\"Home\",\"item\":\"https:\/\/3bbiotech.com\/fr\/\"},{\"@type\":\"ListItem\",\"position\":2,\"name\":\"\u00c9tude observationnelle et de phase tardive\",\"item\":\"https:\/\/3bbiotech.com\/fr\/observational-and-late-phase-research\/\"},{\"@type\":\"ListItem\",\"position\":3,\"name\":\"PROGRAMMES D\u2019ACCOMPAGNEMENT PATIENT\"}]},{\"@type\":\"WebSite\",\"@id\":\"https:\/\/3bbiotech.com\/fr\/#website\",\"url\":\"https:\/\/3bbiotech.com\/fr\/\",\"name\":\"3B Biotech\",\"description\":\"Biotech Research\",\"publisher\":{\"@id\":\"https:\/\/3bbiotech.com\/fr\/#organization\"},\"potentialAction\":[{\"@type\":\"SearchAction\",\"target\":{\"@type\":\"EntryPoint\",\"urlTemplate\":\"https:\/\/3bbiotech.com\/fr\/?s={search_term_string}\"},\"query-input\":{\"@type\":\"PropertyValueSpecification\",\"valueRequired\":true,\"valueName\":\"search_term_string\"}}],\"inLanguage\":\"fr-FR\"},{\"@type\":\"Organization\",\"@id\":\"https:\/\/3bbiotech.com\/fr\/#organization\",\"name\":\"3B Biotech\",\"url\":\"https:\/\/3bbiotech.com\/fr\/\",\"logo\":{\"@type\":\"ImageObject\",\"inLanguage\":\"fr-FR\",\"@id\":\"https:\/\/3bbiotech.com\/fr\/#\/schema\/logo\/image\/\",\"url\":\"https:\/\/3bbiotech.com\/wp-content\/uploads\/2021\/12\/logo.png\",\"contentUrl\":\"https:\/\/3bbiotech.com\/wp-content\/uploads\/2021\/12\/logo.png\",\"width\":120,\"height\":100,\"caption\":\"3B Biotech\"},\"image\":{\"@id\":\"https:\/\/3bbiotech.com\/fr\/#\/schema\/logo\/image\/\"}}]}<\/script>\n<!-- \/ Yoast SEO plugin. -->","yoast_head_json":{"title":"PROGRAMMES D\u2019ACCOMPAGNEMENT PATIENT - 3B Biotech","description":"D\u00e9couvrez nos programmes d'accompagnement patient offerts par 3B Biotech. Contactez-nous pour des initiatives personnalis\u00e9es...","robots":{"index":"index","follow":"follow","max-snippet":"max-snippet:-1","max-image-preview":"max-image-preview:large","max-video-preview":"max-video-preview:-1"},"canonical":"https:\/\/3bbiotech.com\/fr\/etude-observationnelle-et-de-phase-tardive\/programmes-daccompagnement-patient\/","og_locale":"fr_FR","og_type":"article","og_title":"PROGRAMMES D\u2019ACCOMPAGNEMENT PATIENT - 3B Biotech","og_description":"D\u00e9couvrez nos programmes d'accompagnement patient offerts par 3B Biotech. Contactez-nous pour des initiatives personnalis\u00e9es...","og_url":"https:\/\/3bbiotech.com\/fr\/etude-observationnelle-et-de-phase-tardive\/programmes-daccompagnement-patient\/","og_site_name":"3B Biotech","article_modified_time":"2025-03-17T16:19:17+00:00","og_image":[{"width":1920,"height":650,"url":"https:\/\/3bbiotech.com\/wp-content\/uploads\/2022\/05\/clinical-observational-research-def.jpg","type":"image\/jpeg"}],"twitter_card":"summary_large_image","twitter_misc":{"Dur\u00e9e de lecture estim\u00e9e":"3 minutes"},"schema":{"@context":"https:\/\/schema.org","@graph":[{"@type":"WebPage","@id":"https:\/\/3bbiotech.com\/fr\/etude-observationnelle-et-de-phase-tardive\/programmes-daccompagnement-patient\/","url":"https:\/\/3bbiotech.com\/fr\/etude-observationnelle-et-de-phase-tardive\/programmes-daccompagnement-patient\/","name":"PROGRAMMES D\u2019ACCOMPAGNEMENT PATIENT - 3B Biotech","isPartOf":{"@id":"https:\/\/3bbiotech.com\/fr\/#website"},"primaryImageOfPage":{"@id":"https:\/\/3bbiotech.com\/fr\/etude-observationnelle-et-de-phase-tardive\/programmes-daccompagnement-patient\/#primaryimage"},"image":{"@id":"https:\/\/3bbiotech.com\/fr\/etude-observationnelle-et-de-phase-tardive\/programmes-daccompagnement-patient\/#primaryimage"},"thumbnailUrl":"https:\/\/3bbiotech.com\/wp-content\/uploads\/2022\/05\/clinical-observational-research-def.jpg","datePublished":"2022-05-16T13:15:17+00:00","dateModified":"2025-03-17T16:19:17+00:00","description":"D\u00e9couvrez nos programmes d'accompagnement patient offerts par 3B Biotech. Contactez-nous pour des initiatives personnalis\u00e9es...","breadcrumb":{"@id":"https:\/\/3bbiotech.com\/fr\/etude-observationnelle-et-de-phase-tardive\/programmes-daccompagnement-patient\/#breadcrumb"},"inLanguage":"fr-FR","potentialAction":[{"@type":"ReadAction","target":["https:\/\/3bbiotech.com\/fr\/etude-observationnelle-et-de-phase-tardive\/programmes-daccompagnement-patient\/"]}]},{"@type":"ImageObject","inLanguage":"fr-FR","@id":"https:\/\/3bbiotech.com\/fr\/etude-observationnelle-et-de-phase-tardive\/programmes-daccompagnement-patient\/#primaryimage","url":"https:\/\/3bbiotech.com\/wp-content\/uploads\/2022\/05\/clinical-observational-research-def.jpg","contentUrl":"https:\/\/3bbiotech.com\/wp-content\/uploads\/2022\/05\/clinical-observational-research-def.jpg","width":1920,"height":650},{"@type":"BreadcrumbList","@id":"https:\/\/3bbiotech.com\/fr\/etude-observationnelle-et-de-phase-tardive\/programmes-daccompagnement-patient\/#breadcrumb","itemListElement":[{"@type":"ListItem","position":1,"name":"Home","item":"https:\/\/3bbiotech.com\/fr\/"},{"@type":"ListItem","position":2,"name":"\u00c9tude observationnelle et de phase tardive","item":"https:\/\/3bbiotech.com\/fr\/observational-and-late-phase-research\/"},{"@type":"ListItem","position":3,"name":"PROGRAMMES D\u2019ACCOMPAGNEMENT PATIENT"}]},{"@type":"WebSite","@id":"https:\/\/3bbiotech.com\/fr\/#website","url":"https:\/\/3bbiotech.com\/fr\/","name":"3B Biotech","description":"Biotech Research","publisher":{"@id":"https:\/\/3bbiotech.com\/fr\/#organization"},"potentialAction":[{"@type":"SearchAction","target":{"@type":"EntryPoint","urlTemplate":"https:\/\/3bbiotech.com\/fr\/?s={search_term_string}"},"query-input":{"@type":"PropertyValueSpecification","valueRequired":true,"valueName":"search_term_string"}}],"inLanguage":"fr-FR"},{"@type":"Organization","@id":"https:\/\/3bbiotech.com\/fr\/#organization","name":"3B Biotech","url":"https:\/\/3bbiotech.com\/fr\/","logo":{"@type":"ImageObject","inLanguage":"fr-FR","@id":"https:\/\/3bbiotech.com\/fr\/#\/schema\/logo\/image\/","url":"https:\/\/3bbiotech.com\/wp-content\/uploads\/2021\/12\/logo.png","contentUrl":"https:\/\/3bbiotech.com\/wp-content\/uploads\/2021\/12\/logo.png","width":120,"height":100,"caption":"3B Biotech"},"image":{"@id":"https:\/\/3bbiotech.com\/fr\/#\/schema\/logo\/image\/"}}]}},"_links":{"self":[{"href":"https:\/\/3bbiotech.com\/fr\/wp-json\/wp\/v2\/pages\/2999","targetHints":{"allow":["GET"]}}],"collection":[{"href":"https:\/\/3bbiotech.com\/fr\/wp-json\/wp\/v2\/pages"}],"about":[{"href":"https:\/\/3bbiotech.com\/fr\/wp-json\/wp\/v2\/types\/page"}],"author":[{"embeddable":true,"href":"https:\/\/3bbiotech.com\/fr\/wp-json\/wp\/v2\/users\/1"}],"replies":[{"embeddable":true,"href":"https:\/\/3bbiotech.com\/fr\/wp-json\/wp\/v2\/comments?post=2999"}],"version-history":[{"count":6,"href":"https:\/\/3bbiotech.com\/fr\/wp-json\/wp\/v2\/pages\/2999\/revisions"}],"predecessor-version":[{"id":4037,"href":"https:\/\/3bbiotech.com\/fr\/wp-json\/wp\/v2\/pages\/2999\/revisions\/4037"}],"up":[{"embeddable":true,"href":"https:\/\/3bbiotech.com\/fr\/wp-json\/wp\/v2\/pages\/2991"}],"wp:featuredmedia":[{"embeddable":true,"href":"https:\/\/3bbiotech.com\/fr\/wp-json\/wp\/v2\/media\/2957"}],"wp:attachment":[{"href":"https:\/\/3bbiotech.com\/fr\/wp-json\/wp\/v2\/media?parent=2999"}],"wp:term":[{"taxonomy":"category","embeddable":true,"href":"https:\/\/3bbiotech.com\/fr\/wp-json\/wp\/v2\/categories?post=2999"},{"taxonomy":"post_tag","embeddable":true,"href":"https:\/\/3bbiotech.com\/fr\/wp-json\/wp\/v2\/tags?post=2999"}],"curies":[{"name":"wp","href":"https:\/\/api.w.org\/{rel}","templated":true}]}}