{"id":2995,"date":"2022-07-08T10:41:04","date_gmt":"2022-07-08T08:41:04","guid":{"rendered":"https:\/\/3bbiotech.com\/observational-and-late-phase-research\/market-research\/"},"modified":"2025-03-24T11:45:18","modified_gmt":"2025-03-24T10:45:18","slug":"etude-de-marche","status":"publish","type":"page","link":"https:\/\/3bbiotech.com\/fr\/etude-observationnelle-et-de-phase-tardive\/etude-de-marche\/","title":{"rendered":"\u00c9tude de march\u00e9"},"content":{"rendered":"\t\t<div data-elementor-type=\"wp-page\" data-elementor-id=\"2995\" class=\"elementor elementor-2995 elementor-2439\">\n\t\t\t\t\t\t<section class=\"elementor-section elementor-top-section elementor-element elementor-element-209740f elementor-section-stretched intro-page elementor-section-full_width elementor-section-height-default elementor-section-height-default\" data-id=\"209740f\" data-element_type=\"section\" data-e-type=\"section\" data-settings=\"{&quot;stretch_section&quot;:&quot;section-stretched&quot;}\">\n\t\t\t\t\t\t<div class=\"elementor-container elementor-column-gap-default\">\n\t\t\t\t\t<div class=\"elementor-column elementor-col-100 elementor-top-column elementor-element elementor-element-4a5cff5\" data-id=\"4a5cff5\" data-element_type=\"column\" data-e-type=\"column\">\n\t\t\t<div class=\"elementor-widget-wrap elementor-element-populated\">\n\t\t\t\t\t\t<section class=\"elementor-section elementor-inner-section elementor-element elementor-element-592fd4e elementor-section-full_width elementor-section-height-default elementor-section-height-default\" data-id=\"592fd4e\" data-element_type=\"section\" data-e-type=\"section\">\n\t\t\t\t\t\t<div class=\"elementor-container elementor-column-gap-default\">\n\t\t\t\t\t<div class=\"elementor-column elementor-col-50 elementor-inner-column elementor-element elementor-element-16769fe animated-slow elementor-invisible\" data-id=\"16769fe\" data-element_type=\"column\" data-e-type=\"column\" data-settings=\"{&quot;animation&quot;:&quot;fadeInUp&quot;}\">\n\t\t\t<div class=\"elementor-widget-wrap elementor-element-populated\">\n\t\t\t\t\t\t<div class=\"elementor-element elementor-element-5eea623 elementor-widget elementor-widget-shortcode\" data-id=\"5eea623\" data-element_type=\"widget\" data-e-type=\"widget\" data-widget_type=\"shortcode.default\">\n\t\t\t\t<div class=\"elementor-widget-container\">\n\t\t\t\t\t\t\t<div class=\"elementor-shortcode\"><span><span><a href=\"https:\/\/3bbiotech.com\/fr\/\">Home<\/a><\/span><\/span><\/div>\n\t\t\t\t\t\t<\/div>\n\t\t\t\t<\/div>\n\t\t\t\t\t<\/div>\n\t\t<\/div>\n\t\t\t\t<div class=\"elementor-column elementor-col-50 elementor-inner-column elementor-element elementor-element-25ffdcd animated-slow elementor-invisible\" data-id=\"25ffdcd\" data-element_type=\"column\" data-e-type=\"column\" data-settings=\"{&quot;animation&quot;:&quot;fadeInUp&quot;,&quot;animation_delay&quot;:500}\">\n\t\t\t<div class=\"elementor-widget-wrap elementor-element-populated\">\n\t\t\t\t\t\t<div class=\"elementor-element elementor-element-f49dd49 elementor-widget elementor-widget-heading\" data-id=\"f49dd49\" data-element_type=\"widget\" data-e-type=\"widget\" data-widget_type=\"heading.default\">\n\t\t\t\t<div class=\"elementor-widget-container\">\n\t\t\t\t\t<h1 class=\"elementor-heading-title elementor-size-default\">\u00c9TUDE DE MARCH\u00c9<\/h1>\t\t\t\t<\/div>\n\t\t\t\t<\/div>\n\t\t\t\t<div class=\"elementor-element elementor-element-d9c7da9 elementor-widget elementor-widget-text-editor\" data-id=\"d9c7da9\" data-element_type=\"widget\" data-e-type=\"widget\" data-widget_type=\"text-editor.default\">\n\t\t\t\t<div class=\"elementor-widget-container\">\n\t\t\t\t\t\t\t\t\t<p>L\u2019\u00e9tude de march\u00e9 couvre un large \u00e9ventail d\u2019investigations visant \u00e0 \u00e9tudier et \u00e0 comprendre les motivations, les d\u00e9sirs, les attentes des patients et des m\u00e9decins dans la prise en charge de la maladie et des th\u00e9rapies associ\u00e9es.<\/p><p>Les \u00e9tudes de march\u00e9 comprennent des groupes de discussion compos\u00e9s de m\u00e9decins ou de patients, des investigations sur la perception de la pathologie, sur les motivations qui pourraient conduire \u00e0 choisir une voie th\u00e9rapeutique plut\u00f4t qu\u2019une autre.<\/p><p>Le module VI de bonnes pratiques de pharmacovigilance traite des exigences l\u00e9gales applicables aux parties prenantes en ce qui concerne la collecte, la gestion des donn\u00e9es et la d\u00e9claration des effets ind\u00e9sirables suspect\u00e9s associ\u00e9s aux m\u00e9dicaments \u00e0 usage humain autoris\u00e9s dans l\u2019Union europ\u00e9enne (UE).<\/p><p>Ce module contient \u00e9galement les exigences applicables aux titulaires d\u2019autorisations de mise sur le march\u00e9 (TAMM) pour la gestion et la d\u00e9claration des donn\u00e9es de s\u00e9curit\u00e9 provenant des proc\u00e9dures de reconnaissance mutuelle (PRM).<\/p><p>Les cas graves et non graves d\u2019effets ind\u00e9sirables suspect\u00e9s provenant de ces programmes doivent \u00eatre signal\u00e9s par les titulaires d\u2019autorisations de mise sur le march\u00e9 sous forme de rapports sollicit\u00e9s.<\/p>\t\t\t\t\t\t\t\t<\/div>\n\t\t\t\t<\/div>\n\t\t\t\t\t<\/div>\n\t\t<\/div>\n\t\t\t\t\t<\/div>\n\t\t<\/section>\n\t\t\t\t<div class=\"elementor-element elementor-element-0b87740 animated-slow elementor-invisible elementor-widget elementor-widget-image\" data-id=\"0b87740\" data-element_type=\"widget\" data-e-type=\"widget\" data-settings=\"{&quot;_animation&quot;:&quot;fadeIn&quot;,&quot;_animation_delay&quot;:800}\" data-widget_type=\"image.default\">\n\t\t\t\t<div class=\"elementor-widget-container\">\n\t\t\t\t\t\t\t\t\t\t\t\t\t\t\t<img fetchpriority=\"high\" decoding=\"async\" width=\"1920\" height=\"650\" src=\"https:\/\/3bbiotech.com\/wp-content\/uploads\/2022\/07\/Market-Research-head-def.jpg\" class=\"attachment-full size-full wp-image-2996\" alt=\"\" srcset=\"https:\/\/3bbiotech.com\/wp-content\/uploads\/2022\/07\/Market-Research-head-def.jpg 1920w, https:\/\/3bbiotech.com\/wp-content\/uploads\/2022\/07\/Market-Research-head-def-300x102.jpg 300w, https:\/\/3bbiotech.com\/wp-content\/uploads\/2022\/07\/Market-Research-head-def-1024x347.jpg 1024w, https:\/\/3bbiotech.com\/wp-content\/uploads\/2022\/07\/Market-Research-head-def-768x260.jpg 768w, https:\/\/3bbiotech.com\/wp-content\/uploads\/2022\/07\/Market-Research-head-def-1536x520.jpg 1536w\" sizes=\"(max-width: 1920px) 100vw, 1920px\" \/>\t\t\t\t\t\t\t\t\t\t\t\t\t\t\t<\/div>\n\t\t\t\t<\/div>\n\t\t\t\t<section class=\"elementor-section elementor-inner-section elementor-element elementor-element-f9a566b elementor-section-full_width elementor-section-height-default elementor-section-height-default\" data-id=\"f9a566b\" data-element_type=\"section\" data-e-type=\"section\">\n\t\t\t\t\t\t<div class=\"elementor-container elementor-column-gap-default\">\n\t\t\t\t\t<div class=\"elementor-column elementor-col-100 elementor-inner-column elementor-element elementor-element-a8b282c animated-slow elementor-invisible\" data-id=\"a8b282c\" data-element_type=\"column\" data-e-type=\"column\" data-settings=\"{&quot;animation&quot;:&quot;fadeInUp&quot;,&quot;animation_delay&quot;:500}\">\n\t\t\t<div class=\"elementor-widget-wrap elementor-element-populated\">\n\t\t\t\t\t\t<div class=\"elementor-element elementor-element-aaf0021 elementor-widget elementor-widget-text-editor\" data-id=\"aaf0021\" data-element_type=\"widget\" data-e-type=\"widget\" data-widget_type=\"text-editor.default\">\n\t\t\t\t<div class=\"elementor-widget-container\">\n\t\t\t\t\t\t\t\t\t<h2>Nous sommes votre partenaire dans la planification et la conception de l\u2019\u00e9tude de march\u00e9 et sommes \u00e9galement en mesure de garantir la conformit\u00e9 de la pharmacovigilance associ\u00e9e \u00e0 l\u2019\u00e9tude de march\u00e9 conform\u00e9ment \u00e0 la l\u00e9gislation locale et europ\u00e9enne.<\/h2>\t\t\t\t\t\t\t\t<\/div>\n\t\t\t\t<\/div>\n\t\t\t\t\t<\/div>\n\t\t<\/div>\n\t\t\t\t\t<\/div>\n\t\t<\/section>\n\t\t\t\t\t<\/div>\n\t\t<\/div>\n\t\t\t\t\t<\/div>\n\t\t<\/section>\n\t\t\t\t<\/div>\n\t\t","protected":false},"excerpt":{"rendered":"<p>3B Biotech Research, with a comprehensive portfolio of clinical services offers a long lasting experience in driving the Client into the clinical development program.<\/p>\n","protected":false},"author":1,"featured_media":2957,"parent":2991,"menu_order":1,"comment_status":"closed","ping_status":"closed","template":"","meta":{"content-type":"","footnotes":""},"categories":[],"tags":[90],"class_list":{"0":"post-2995","1":"page","2":"type-page","3":"status-publish","4":"has-post-thumbnail","6":"tag-etude-de-marche"},"yoast_head":"<!-- This site is optimized with the Yoast SEO plugin v27.0 - https:\/\/yoast.com\/product\/yoast-seo-wordpress\/ -->\n<title>\u00c9tude de march\u00e9 | 3B Biotech | Bonnes pratiques de vigilance<\/title>\n<meta name=\"description\" content=\"L\u2019\u00e9tude de march\u00e9 couvre un large \u00e9ventail d\u2019investigations visant \u00e0 \u00e9tudier et \u00e0 comprendre les motivations, les d\u00e9sirs...\" \/>\n<meta name=\"robots\" content=\"index, follow, max-snippet:-1, max-image-preview:large, max-video-preview:-1\" \/>\n<link rel=\"canonical\" href=\"https:\/\/3bbiotech.com\/fr\/etude-observationnelle-et-de-phase-tardive\/etude-de-marche\/\" \/>\n<meta property=\"og:locale\" content=\"fr_FR\" \/>\n<meta property=\"og:type\" content=\"article\" \/>\n<meta property=\"og:title\" content=\"\u00c9tude de march\u00e9 | 3B Biotech | Bonnes pratiques de vigilance\" \/>\n<meta property=\"og:description\" content=\"L\u2019\u00e9tude de march\u00e9 couvre un large \u00e9ventail d\u2019investigations visant \u00e0 \u00e9tudier et \u00e0 comprendre les motivations, les d\u00e9sirs...\" \/>\n<meta property=\"og:url\" content=\"https:\/\/3bbiotech.com\/fr\/etude-observationnelle-et-de-phase-tardive\/etude-de-marche\/\" \/>\n<meta property=\"og:site_name\" content=\"3B Biotech\" \/>\n<meta property=\"article:modified_time\" content=\"2025-03-24T10:45:18+00:00\" \/>\n<meta property=\"og:image\" content=\"https:\/\/3bbiotech.com\/wp-content\/uploads\/2022\/05\/clinical-observational-research-def.jpg\" \/>\n\t<meta property=\"og:image:width\" content=\"1920\" \/>\n\t<meta property=\"og:image:height\" content=\"650\" \/>\n\t<meta property=\"og:image:type\" content=\"image\/jpeg\" \/>\n<meta name=\"twitter:card\" content=\"summary_large_image\" \/>\n<meta name=\"twitter:label1\" content=\"Dur\u00e9e de lecture estim\u00e9e\" \/>\n\t<meta name=\"twitter:data1\" content=\"2 minutes\" \/>\n<script type=\"application\/ld+json\" class=\"yoast-schema-graph\">{\"@context\":\"https:\/\/schema.org\",\"@graph\":[{\"@type\":\"WebPage\",\"@id\":\"https:\/\/3bbiotech.com\/fr\/etude-observationnelle-et-de-phase-tardive\/etude-de-marche\/\",\"url\":\"https:\/\/3bbiotech.com\/fr\/etude-observationnelle-et-de-phase-tardive\/etude-de-marche\/\",\"name\":\"\u00c9tude de march\u00e9 | 3B Biotech | Bonnes pratiques de vigilance\",\"isPartOf\":{\"@id\":\"https:\/\/3bbiotech.com\/fr\/#website\"},\"primaryImageOfPage\":{\"@id\":\"https:\/\/3bbiotech.com\/fr\/etude-observationnelle-et-de-phase-tardive\/etude-de-marche\/#primaryimage\"},\"image\":{\"@id\":\"https:\/\/3bbiotech.com\/fr\/etude-observationnelle-et-de-phase-tardive\/etude-de-marche\/#primaryimage\"},\"thumbnailUrl\":\"https:\/\/3bbiotech.com\/wp-content\/uploads\/2022\/05\/clinical-observational-research-def.jpg\",\"datePublished\":\"2022-07-08T08:41:04+00:00\",\"dateModified\":\"2025-03-24T10:45:18+00:00\",\"description\":\"L\u2019\u00e9tude de march\u00e9 couvre un large \u00e9ventail d\u2019investigations visant \u00e0 \u00e9tudier et \u00e0 comprendre les motivations, les d\u00e9sirs...\",\"breadcrumb\":{\"@id\":\"https:\/\/3bbiotech.com\/fr\/etude-observationnelle-et-de-phase-tardive\/etude-de-marche\/#breadcrumb\"},\"inLanguage\":\"fr-FR\",\"potentialAction\":[{\"@type\":\"ReadAction\",\"target\":[\"https:\/\/3bbiotech.com\/fr\/etude-observationnelle-et-de-phase-tardive\/etude-de-marche\/\"]}]},{\"@type\":\"ImageObject\",\"inLanguage\":\"fr-FR\",\"@id\":\"https:\/\/3bbiotech.com\/fr\/etude-observationnelle-et-de-phase-tardive\/etude-de-marche\/#primaryimage\",\"url\":\"https:\/\/3bbiotech.com\/wp-content\/uploads\/2022\/05\/clinical-observational-research-def.jpg\",\"contentUrl\":\"https:\/\/3bbiotech.com\/wp-content\/uploads\/2022\/05\/clinical-observational-research-def.jpg\",\"width\":1920,\"height\":650},{\"@type\":\"BreadcrumbList\",\"@id\":\"https:\/\/3bbiotech.com\/fr\/etude-observationnelle-et-de-phase-tardive\/etude-de-marche\/#breadcrumb\",\"itemListElement\":[{\"@type\":\"ListItem\",\"position\":1,\"name\":\"Home\",\"item\":\"https:\/\/3bbiotech.com\/fr\/\"},{\"@type\":\"ListItem\",\"position\":2,\"name\":\"\u00c9tude observationnelle et de phase tardive\",\"item\":\"https:\/\/3bbiotech.com\/fr\/observational-and-late-phase-research\/\"},{\"@type\":\"ListItem\",\"position\":3,\"name\":\"\u00c9tude de march\u00e9\"}]},{\"@type\":\"WebSite\",\"@id\":\"https:\/\/3bbiotech.com\/fr\/#website\",\"url\":\"https:\/\/3bbiotech.com\/fr\/\",\"name\":\"3B Biotech\",\"description\":\"Biotech Research\",\"publisher\":{\"@id\":\"https:\/\/3bbiotech.com\/fr\/#organization\"},\"potentialAction\":[{\"@type\":\"SearchAction\",\"target\":{\"@type\":\"EntryPoint\",\"urlTemplate\":\"https:\/\/3bbiotech.com\/fr\/?s={search_term_string}\"},\"query-input\":{\"@type\":\"PropertyValueSpecification\",\"valueRequired\":true,\"valueName\":\"search_term_string\"}}],\"inLanguage\":\"fr-FR\"},{\"@type\":\"Organization\",\"@id\":\"https:\/\/3bbiotech.com\/fr\/#organization\",\"name\":\"3B Biotech\",\"url\":\"https:\/\/3bbiotech.com\/fr\/\",\"logo\":{\"@type\":\"ImageObject\",\"inLanguage\":\"fr-FR\",\"@id\":\"https:\/\/3bbiotech.com\/fr\/#\/schema\/logo\/image\/\",\"url\":\"https:\/\/3bbiotech.com\/wp-content\/uploads\/2021\/12\/logo.png\",\"contentUrl\":\"https:\/\/3bbiotech.com\/wp-content\/uploads\/2021\/12\/logo.png\",\"width\":120,\"height\":100,\"caption\":\"3B Biotech\"},\"image\":{\"@id\":\"https:\/\/3bbiotech.com\/fr\/#\/schema\/logo\/image\/\"}}]}<\/script>\n<!-- \/ Yoast SEO plugin. -->","yoast_head_json":{"title":"\u00c9tude de march\u00e9 | 3B Biotech | Bonnes pratiques de vigilance","description":"L\u2019\u00e9tude de march\u00e9 couvre un large \u00e9ventail d\u2019investigations visant \u00e0 \u00e9tudier et \u00e0 comprendre les motivations, les d\u00e9sirs...","robots":{"index":"index","follow":"follow","max-snippet":"max-snippet:-1","max-image-preview":"max-image-preview:large","max-video-preview":"max-video-preview:-1"},"canonical":"https:\/\/3bbiotech.com\/fr\/etude-observationnelle-et-de-phase-tardive\/etude-de-marche\/","og_locale":"fr_FR","og_type":"article","og_title":"\u00c9tude de march\u00e9 | 3B Biotech | Bonnes pratiques de vigilance","og_description":"L\u2019\u00e9tude de march\u00e9 couvre un large \u00e9ventail d\u2019investigations visant \u00e0 \u00e9tudier et \u00e0 comprendre les motivations, les d\u00e9sirs...","og_url":"https:\/\/3bbiotech.com\/fr\/etude-observationnelle-et-de-phase-tardive\/etude-de-marche\/","og_site_name":"3B Biotech","article_modified_time":"2025-03-24T10:45:18+00:00","og_image":[{"width":1920,"height":650,"url":"https:\/\/3bbiotech.com\/wp-content\/uploads\/2022\/05\/clinical-observational-research-def.jpg","type":"image\/jpeg"}],"twitter_card":"summary_large_image","twitter_misc":{"Dur\u00e9e de lecture estim\u00e9e":"2 minutes"},"schema":{"@context":"https:\/\/schema.org","@graph":[{"@type":"WebPage","@id":"https:\/\/3bbiotech.com\/fr\/etude-observationnelle-et-de-phase-tardive\/etude-de-marche\/","url":"https:\/\/3bbiotech.com\/fr\/etude-observationnelle-et-de-phase-tardive\/etude-de-marche\/","name":"\u00c9tude de march\u00e9 | 3B Biotech | Bonnes pratiques de vigilance","isPartOf":{"@id":"https:\/\/3bbiotech.com\/fr\/#website"},"primaryImageOfPage":{"@id":"https:\/\/3bbiotech.com\/fr\/etude-observationnelle-et-de-phase-tardive\/etude-de-marche\/#primaryimage"},"image":{"@id":"https:\/\/3bbiotech.com\/fr\/etude-observationnelle-et-de-phase-tardive\/etude-de-marche\/#primaryimage"},"thumbnailUrl":"https:\/\/3bbiotech.com\/wp-content\/uploads\/2022\/05\/clinical-observational-research-def.jpg","datePublished":"2022-07-08T08:41:04+00:00","dateModified":"2025-03-24T10:45:18+00:00","description":"L\u2019\u00e9tude de march\u00e9 couvre un large \u00e9ventail d\u2019investigations visant \u00e0 \u00e9tudier et \u00e0 comprendre les motivations, les d\u00e9sirs...","breadcrumb":{"@id":"https:\/\/3bbiotech.com\/fr\/etude-observationnelle-et-de-phase-tardive\/etude-de-marche\/#breadcrumb"},"inLanguage":"fr-FR","potentialAction":[{"@type":"ReadAction","target":["https:\/\/3bbiotech.com\/fr\/etude-observationnelle-et-de-phase-tardive\/etude-de-marche\/"]}]},{"@type":"ImageObject","inLanguage":"fr-FR","@id":"https:\/\/3bbiotech.com\/fr\/etude-observationnelle-et-de-phase-tardive\/etude-de-marche\/#primaryimage","url":"https:\/\/3bbiotech.com\/wp-content\/uploads\/2022\/05\/clinical-observational-research-def.jpg","contentUrl":"https:\/\/3bbiotech.com\/wp-content\/uploads\/2022\/05\/clinical-observational-research-def.jpg","width":1920,"height":650},{"@type":"BreadcrumbList","@id":"https:\/\/3bbiotech.com\/fr\/etude-observationnelle-et-de-phase-tardive\/etude-de-marche\/#breadcrumb","itemListElement":[{"@type":"ListItem","position":1,"name":"Home","item":"https:\/\/3bbiotech.com\/fr\/"},{"@type":"ListItem","position":2,"name":"\u00c9tude observationnelle et de phase tardive","item":"https:\/\/3bbiotech.com\/fr\/observational-and-late-phase-research\/"},{"@type":"ListItem","position":3,"name":"\u00c9tude de march\u00e9"}]},{"@type":"WebSite","@id":"https:\/\/3bbiotech.com\/fr\/#website","url":"https:\/\/3bbiotech.com\/fr\/","name":"3B Biotech","description":"Biotech Research","publisher":{"@id":"https:\/\/3bbiotech.com\/fr\/#organization"},"potentialAction":[{"@type":"SearchAction","target":{"@type":"EntryPoint","urlTemplate":"https:\/\/3bbiotech.com\/fr\/?s={search_term_string}"},"query-input":{"@type":"PropertyValueSpecification","valueRequired":true,"valueName":"search_term_string"}}],"inLanguage":"fr-FR"},{"@type":"Organization","@id":"https:\/\/3bbiotech.com\/fr\/#organization","name":"3B Biotech","url":"https:\/\/3bbiotech.com\/fr\/","logo":{"@type":"ImageObject","inLanguage":"fr-FR","@id":"https:\/\/3bbiotech.com\/fr\/#\/schema\/logo\/image\/","url":"https:\/\/3bbiotech.com\/wp-content\/uploads\/2021\/12\/logo.png","contentUrl":"https:\/\/3bbiotech.com\/wp-content\/uploads\/2021\/12\/logo.png","width":120,"height":100,"caption":"3B Biotech"},"image":{"@id":"https:\/\/3bbiotech.com\/fr\/#\/schema\/logo\/image\/"}}]}},"_links":{"self":[{"href":"https:\/\/3bbiotech.com\/fr\/wp-json\/wp\/v2\/pages\/2995","targetHints":{"allow":["GET"]}}],"collection":[{"href":"https:\/\/3bbiotech.com\/fr\/wp-json\/wp\/v2\/pages"}],"about":[{"href":"https:\/\/3bbiotech.com\/fr\/wp-json\/wp\/v2\/types\/page"}],"author":[{"embeddable":true,"href":"https:\/\/3bbiotech.com\/fr\/wp-json\/wp\/v2\/users\/1"}],"replies":[{"embeddable":true,"href":"https:\/\/3bbiotech.com\/fr\/wp-json\/wp\/v2\/comments?post=2995"}],"version-history":[{"count":6,"href":"https:\/\/3bbiotech.com\/fr\/wp-json\/wp\/v2\/pages\/2995\/revisions"}],"predecessor-version":[{"id":4038,"href":"https:\/\/3bbiotech.com\/fr\/wp-json\/wp\/v2\/pages\/2995\/revisions\/4038"}],"up":[{"embeddable":true,"href":"https:\/\/3bbiotech.com\/fr\/wp-json\/wp\/v2\/pages\/2991"}],"wp:featuredmedia":[{"embeddable":true,"href":"https:\/\/3bbiotech.com\/fr\/wp-json\/wp\/v2\/media\/2957"}],"wp:attachment":[{"href":"https:\/\/3bbiotech.com\/fr\/wp-json\/wp\/v2\/media?parent=2995"}],"wp:term":[{"taxonomy":"category","embeddable":true,"href":"https:\/\/3bbiotech.com\/fr\/wp-json\/wp\/v2\/categories?post=2995"},{"taxonomy":"post_tag","embeddable":true,"href":"https:\/\/3bbiotech.com\/fr\/wp-json\/wp\/v2\/tags?post=2995"}],"curies":[{"name":"wp","href":"https:\/\/api.w.org\/{rel}","templated":true}]}}