{"id":2985,"date":"2021-12-06T08:54:49","date_gmt":"2021-12-06T07:54:49","guid":{"rendered":"https:\/\/3bbiotech.com\/privacy-policy\/"},"modified":"2023-11-28T14:26:56","modified_gmt":"2023-11-28T13:26:56","slug":"privacy-policy","status":"publish","type":"page","link":"https:\/\/3bbiotech.com\/fr\/privacy-policy\/","title":{"rendered":"Privacy policy"},"content":{"rendered":"\t\t<div data-elementor-type=\"wp-page\" data-elementor-id=\"2985\" class=\"elementor elementor-2985 elementor-3\">\n\t\t\t\t\t\t<section class=\"elementor-section elementor-top-section elementor-element elementor-element-59d660a2 elementor-section-boxed elementor-section-height-default elementor-section-height-default\" data-id=\"59d660a2\" data-element_type=\"section\" data-e-type=\"section\">\n\t\t\t\t\t\t<div class=\"elementor-container elementor-column-gap-default\">\n\t\t\t\t\t<div class=\"elementor-column elementor-col-100 elementor-top-column elementor-element elementor-element-60e0a897\" data-id=\"60e0a897\" data-element_type=\"column\" data-e-type=\"column\">\n\t\t\t<div class=\"elementor-widget-wrap elementor-element-populated\">\n\t\t\t\t\t\t<div class=\"elementor-element elementor-element-b60e1de elementor-widget elementor-widget-heading\" data-id=\"b60e1de\" data-element_type=\"widget\" data-e-type=\"widget\" data-widget_type=\"heading.default\">\n\t\t\t\t<div class=\"elementor-widget-container\">\n\t\t\t\t\t<h1 class=\"elementor-heading-title elementor-size-default\">Privacy Policy<\/h1>\t\t\t\t<\/div>\n\t\t\t\t<\/div>\n\t\t\t\t<div class=\"elementor-element elementor-element-18740cf1 elementor-widget elementor-widget-text-editor\" data-id=\"18740cf1\" data-element_type=\"widget\" data-e-type=\"widget\" data-widget_type=\"text-editor.default\">\n\t\t\t\t<div class=\"elementor-widget-container\">\n\t\t\t\t\t\t\t\t\t<p>La pr\u00e9sente politique de confidentialit\u00e9 (<strong>\u00ab\u00a0politique<\/strong>\u00ab\u00a0) est conforme aux dispositions de la loi f\u00e9d\u00e9rale sur la protection des donn\u00e9es (<strong>\u00ab\u00a0LPD<\/strong>\u00ab\u00a0). Cette politique fournit des informations de mani\u00e8re appropri\u00e9e et transparente sur le traitement de vos donn\u00e9es par le responsable du traitement des donn\u00e9es (ci-apr\u00e8s d\u00e9nomm\u00e9 \u00ab\u00a0responsable du traitement\u00a0\u00bb) qui, en particulier, communique avec nous par l\u2019interm\u00e9diaire de notre site web ou interagit d\u2019une mani\u00e8re ou d\u2019une autre avec nous.<\/p><h2>D\u00c9FINITIONS :<\/h2><p><u>Personne concern\u00e9e<\/u>: la personne physique dont les donn\u00e9es personnelles sont trait\u00e9es ;<\/p><p><u>Donn\u00e9es \u00e0 caract\u00e8re personnel<\/u>: toutes les informations concernant une personne physique identifi\u00e9e ou identifiable ;<\/p><p><u>Donn\u00e9es \u00e0 caract\u00e8re personnel m\u00e9ritant une protection particuli\u00e8re<\/u>: (i) donn\u00e9es relatives aux opinions ou activit\u00e9s religieuses, philosophiques, politiques ou syndicales ; (ii) donn\u00e9es relatives \u00e0 la sant\u00e9, \u00e0 la vie priv\u00e9e ou \u00e0 l\u2019origine raciale ou ethnique, (iii) donn\u00e9es g\u00e9n\u00e9tiques, (iv) donn\u00e9es biom\u00e9triques permettant d\u2019identifier une personne physique de mani\u00e8re unique, (v) donn\u00e9es relatives aux poursuites et sanctions administratives et p\u00e9nales, (vi) donn\u00e9es relatives aux mesures d\u2019assistance sociale.<\/p><p><u>Traitement<\/u>: toute op\u00e9ration concernant des donn\u00e9es \u00e0 caract\u00e8re personnel, quels que soient les moyens et proc\u00e9dures utilis\u00e9s, notamment la collecte, l\u2019enregistrement, la conservation, l\u2019utilisation, la modification, la communication, le stockage, l\u2019effacement ou la mise \u00e0 disposition ;<\/p><p><u>Communication<\/u>: la transmission de donn\u00e9es \u00e0 caract\u00e8re personnel ou le fait de les rendre accessibles ;<\/p><p>Responsable du\u00a0<u>traitement<\/u>: la personne physique qui, individuellement ou conjointement avec d\u2019autres, d\u00e9termine la finalit\u00e9 et les moyens du traitement ;<\/p><p>Responsable du\u00a0<u>traitement<\/u>: la personne physique qui traite des donn\u00e9es \u00e0 caract\u00e8re personnel pour le compte du responsable du traitement.<\/p><h2>CONTR\u00d4LEUR DES DONN\u00c9ES :<\/h2><p>L\u2019entit\u00e9 qui traite les donn\u00e9es personnelles des utilisateurs est <strong>3B Biotech Research SAGL<\/strong><strong>\u00a0<\/strong>une soci\u00e9t\u00e9 de droit suisse (CHE-306.517.065), dont le si\u00e8ge social est situ\u00e9 \u00a0Balerna Via Sottobisio 30 \u2013 6828 (CH) Switzerland.<\/p><p>Le contr\u00f4leur des donn\u00e9es d\u00e9tient le site https:\/\/3bbiotech.com\/.<\/p><p>Les coordonn\u00e9es du responsable du traitement des donn\u00e9es sont les suivantes :<\/p><p><a href=\"tel:+41 (0) 91 6957542\">+41 (0) 91 6957542<\/a><br \/><a href=\"mailto:privacy@3bbiotech.com\">privacy@3bbiotech.com<\/a><\/p><h2>S\u00c9CURIT\u00c9 DES DONN\u00c9ES \u00c0 CARACT\u00c8RE PERSONNEL<\/h2><p>Le Responsable du traitement s\u2019engage \u00e0 prendre les mesures de s\u00e9curit\u00e9 techniques et organisationnelles appropri\u00e9es, conform\u00e9ment \u00e0 ses obligations l\u00e9gales et contractuelles, pour prot\u00e9ger les donn\u00e9es \u00e0 caract\u00e8re personnel de la personne concern\u00e9e. En tant que Responsable du traitement, nous nous engageons \u00e0 contr\u00f4ler r\u00e9guli\u00e8rement les mesures de s\u00e9curit\u00e9 mises en \u0153uvre afin de les maintenir en ad\u00e9quation avec le temps et l\u2019\u00e9volution de la technologie. La transmission d\u2019informations via un r\u00e9seau ouvert tel qu\u2019Internet ou d\u2019autres moyens de communication \u00e9lectroniques comporte toutefois certains risques de s\u00e9curit\u00e9 ; il n\u2019est donc pas possible de garantir de mani\u00e8re absolue la s\u00e9curit\u00e9 des informations transmises par ce biais, en d\u2019autres termes, il n\u2019est pas possible d\u2019assurer un \u00ab\u00a0risque z\u00e9ro\u00a0\u00bb.<\/p><h2>FINALIT\u00c9 DU TRAITEMENT ET CAT\u00c9GORIES DE DONN\u00c9ES \u00c0 CARACT\u00c8RE PERSONNEL<\/h2><p>Formulaires de contact et correspondance<\/p><p>Les donn\u00e9es personnelles de l\u2019utilisateur, communiqu\u00e9es par ce dernier \u00e0 travers les formulaires du site et les divers moyens de communication courants, sont trait\u00e9es dans le but de donner suite aux demandes d\u2019informations sur les produits et les services formul\u00e9es par la personne concern\u00e9e.<\/p><p>Les donn\u00e9es trait\u00e9es peuvent \u00eatre les suivantes : (i) nom et pr\u00e9nom, (ii) adresse, (iii) adresse \u00e9lectronique, (iv) num\u00e9ro de t\u00e9l\u00e9phone, (v) nationalit\u00e9, \u2026<\/p><p>Le responsable du traitement conserve les donn\u00e9es de l\u2019utilisateur jusqu\u2019\u00e0 ce que la finalit\u00e9 du traitement soit atteinte ou ne puisse plus l\u2019\u00eatre, sous r\u00e9serve des droits de la personne concern\u00e9e mentionn\u00e9s ci-dessous.<\/p><h2>Cookies et donn\u00e9es de navigation<\/h2><p>Ce site utilise des cookies pour am\u00e9liorer votre exp\u00e9rience de navigation. Les cookies sont des fichiers texte de taille minimale qui sont install\u00e9s sur notre site et conserv\u00e9s pour les visites suivantes. Ils nous permettent d\u2019obtenir des informations sur l\u2019activit\u00e9 de l\u2019utilisateur sur une page web donn\u00e9e, le profilage de l\u2019utilisateur, l\u2019analyse du trafic sur le site ; une offre de publicit\u00e9 ou de contenu personnalis\u00e9e en fonction des pr\u00e9f\u00e9rences de l\u2019utilisateur. L\u2019utilisateur peut consentir \u00e0 l\u2019utilisation de tous les cookies install\u00e9s par le biais du bouton \u00ab\u00a0Accepter tous\u00a0\u00bb, mais aussi les refuser par le biais du bouton \u00ab\u00a0Refuser tous\u00a0\u00bb ou choisir les pr\u00e9f\u00e9rences de consentement par le biais du bouton \u00ab\u00a0Personnaliser\u00a0\u00bb ou en utilisant la fen\u00eatre contextuelle qui peut \u00eatre activ\u00e9e par le biais de l\u2019ic\u00f4ne pr\u00e9sente sur toutes les pages du site en bas \u00e0 gauche.<\/p><p><picture class=\"alignnone wp-image-10671 size-full\"><source srcset=\"https:\/\/bluwater.ch\/wp-content\/uploads\/2023\/09\/cookie-yes.png.webp\" type=\"image\/webp\" \/><img decoding=\"async\" src=\"https:\/\/bluwater.ch\/wp-content\/uploads\/2023\/09\/cookie-yes.png\" alt=\"\" width=\"60\" height=\"59\" \/><\/picture><\/p><h2>CAT\u00c9GORIES DE DESTINATAIRES DU TRAITEMENT<\/h2><p>Afin d\u2019atteindre les finalit\u00e9s du traitement mentionn\u00e9es ci-dessus, le responsable du traitement peut transmettre vos donn\u00e9es \u00e0 caract\u00e8re personnel \u00e0 certaines cat\u00e9gories de destinataires du traitement, qui peuvent \u00eatre \u00e9num\u00e9r\u00e9es comme suit :<\/p><ul><li>Partenaires commerciaux ;<\/li><li>Les personnes morales charg\u00e9es du conseil et de la gestion du site ;<\/li><li>Entit\u00e9s engag\u00e9es dans la fourniture de services de t\u00e9l\u00e9communications (y compris les services de courrier \u00e9lectronique) ;<\/li><li>Personnes charg\u00e9es du service d\u2019envoi des lettres d\u2019information ;<\/li><li>Les autorit\u00e9s comp\u00e9tentes auxquelles les donn\u00e9es doivent \u00eatre transmises en raison d\u2019obligations l\u00e9gales et contractuelles.<\/li><\/ul><h2>COMMUNICATION \u00c0 L\u2019\u00c9TRANGER<\/h2><p>En principe, les donn\u00e9es personnelles de la personne concern\u00e9e sont trait\u00e9es par le responsable du traitement et ses auxiliaires, respectivement les destinataires du traitement mentionn\u00e9s ci-dessus.<\/p><p>Les donn\u00e9es de l\u2019utilisateur peuvent toutefois \u00eatre communiqu\u00e9es \u00e0 l\u2019\u00e9tranger, si cela s\u2019av\u00e8re n\u00e9cessaire en fonction de la finalit\u00e9 du traitement, sous r\u00e9serve de la v\u00e9rification par le responsable du traitement de l\u2019existence d\u2019un r\u00e9gime de protection ad\u00e9quat dans le pays de communication (en r\u00e9f\u00e9rence \u00e0 l\u2019annexe 1 de l\u2019Ordonnance f\u00e9d\u00e9rale sur la protection des donn\u00e9es). Le responsable du traitement s\u2019engage \u00e0 v\u00e9rifier r\u00e9guli\u00e8rement le contenu de l\u2019annexe susmentionn\u00e9e.<\/p><h2>DROITS DE LA PERSONNE CONCERN\u00c9E<\/h2><p>La personne concern\u00e9e se voit garantir les droits suivants (liste non exhaustive), qu\u2019elle peut exercer \u00e0 tout moment en adressant une demande \u00e9crite aux coordonn\u00e9es du responsable du traitement indiqu\u00e9es ci-dessus :<\/p><ul><li>Vous pouvez \u00e0 tout moment et gratuitement \u00eatre inform\u00e9 des donn\u00e9es \u00e0 caract\u00e8re personnel que nous traitons et recevoir de notre part, dans un format lisible, les donn\u00e9es \u00e0 caract\u00e8re personnel que vous nous avez fournies.<\/li><li>Si nous traitons vos donn\u00e9es \u00e0 caract\u00e8re personnel incompl\u00e8tes ou inexactes, vous pouvez \u00e0 tout moment les faire rectifier et \u00eatre inform\u00e9 de la proc\u00e9dure de rectification. Si cela n\u2019implique pas un effort disproportionn\u00e9, les destinataires seront \u00e9galement inform\u00e9s de la rectification de leurs donn\u00e9es \u00e0 caract\u00e8re personnel.<\/li><li>Vous avez le droit de demander au responsable du traitement l\u2019effacement des donn\u00e9es \u00e0 caract\u00e8re personnel trait\u00e9es, ainsi que leur limitation \u00e0 ce qui est n\u00e9cessaire au regard de la finalit\u00e9 du traitement.<\/li><\/ul><p>Nous nous engageons \u00e0 r\u00e9pondre \u00e0 toute demande de la personne concern\u00e9e sans d\u00e9lai mais, en tout \u00e9tat de cause, dans un d\u00e9lai de 30 jours \u00e0 compter de la r\u00e9ception de toute documentation n\u00e9cessaire \u00e0 l\u2019accomplissement de cette demande.<\/p><h2>VERSION ACTUELLE, MODIFICATIONS ET MISES \u00c0 JOUR<\/h2><p>Afin de garantir que notre politique soit toujours conforme aux dispositions l\u00e9gales applicables, nous nous r\u00e9servons le droit de la modifier \u00e0 tout moment.<\/p><p><u>Derni\u00e8re mise \u00e0 jour<\/u>: 11 septembre 2023.<\/p>\t\t\t\t\t\t\t\t<\/div>\n\t\t\t\t<\/div>\n\t\t\t\t\t<\/div>\n\t\t<\/div>\n\t\t\t\t\t<\/div>\n\t\t<\/section>\n\t\t\t\t<\/div>\n\t\t","protected":false},"excerpt":{"rendered":"<p>Privacy Policy La pr\u00e9sente politique de confidentialit\u00e9 (\u00ab\u00a0politique\u00ab\u00a0) est conforme aux dispositions de la loi f\u00e9d\u00e9rale sur la protection des donn\u00e9es (\u00ab\u00a0LPD\u00ab\u00a0). Cette politique fournit des informations de mani\u00e8re appropri\u00e9e et transparente sur le traitement de vos donn\u00e9es par le responsable du traitement des donn\u00e9es (ci-apr\u00e8s d\u00e9nomm\u00e9 \u00ab\u00a0responsable du traitement\u00a0\u00bb) qui, en particulier, communique avec &#8230; <a title=\"Privacy policy\" class=\"read-more\" href=\"https:\/\/3bbiotech.com\/fr\/privacy-policy\/\" aria-label=\"Read more about Privacy policy\">Read more<\/a><\/p>\n","protected":false},"author":1,"featured_media":0,"parent":0,"menu_order":0,"comment_status":"closed","ping_status":"open","template":"","meta":{"content-type":"","footnotes":""},"categories":[],"tags":[],"class_list":["post-2985","page","type-page","status-publish"],"yoast_head":"<!-- This site is optimized with the Yoast SEO plugin v27.0 - https:\/\/yoast.com\/product\/yoast-seo-wordpress\/ -->\n<title>Privacy policy - 3B Biotech<\/title>\n<meta name=\"robots\" content=\"index, follow, max-snippet:-1, max-image-preview:large, max-video-preview:-1\" \/>\n<link rel=\"canonical\" href=\"https:\/\/3bbiotech.com\/fr\/privacy-policy\/\" \/>\n<meta property=\"og:locale\" content=\"fr_FR\" \/>\n<meta property=\"og:type\" content=\"article\" \/>\n<meta property=\"og:title\" content=\"Privacy policy - 3B Biotech\" \/>\n<meta property=\"og:description\" content=\"Privacy Policy La pr\u00e9sente politique de confidentialit\u00e9 (\u00ab\u00a0politique\u00ab\u00a0) est conforme aux dispositions de la loi f\u00e9d\u00e9rale sur la protection des donn\u00e9es (\u00ab\u00a0LPD\u00ab\u00a0). Cette politique fournit des informations de mani\u00e8re appropri\u00e9e et transparente sur le traitement de vos donn\u00e9es par le responsable du traitement des donn\u00e9es (ci-apr\u00e8s d\u00e9nomm\u00e9 \u00ab\u00a0responsable du traitement\u00a0\u00bb) qui, en particulier, communique avec ... Read more\" \/>\n<meta property=\"og:url\" content=\"https:\/\/3bbiotech.com\/fr\/privacy-policy\/\" \/>\n<meta property=\"og:site_name\" content=\"3B Biotech\" \/>\n<meta property=\"article:modified_time\" content=\"2023-11-28T13:26:56+00:00\" \/>\n<meta property=\"og:image\" content=\"https:\/\/bluwater.ch\/wp-content\/uploads\/2023\/09\/cookie-yes.png\" \/>\n<meta name=\"twitter:card\" content=\"summary_large_image\" \/>\n<meta name=\"twitter:label1\" content=\"Dur\u00e9e de lecture estim\u00e9e\" \/>\n\t<meta name=\"twitter:data1\" content=\"6 minutes\" \/>\n<script type=\"application\/ld+json\" class=\"yoast-schema-graph\">{\"@context\":\"https:\/\/schema.org\",\"@graph\":[{\"@type\":\"WebPage\",\"@id\":\"https:\/\/3bbiotech.com\/fr\/privacy-policy\/\",\"url\":\"https:\/\/3bbiotech.com\/fr\/privacy-policy\/\",\"name\":\"Privacy policy - 3B Biotech\",\"isPartOf\":{\"@id\":\"https:\/\/3bbiotech.com\/fr\/#website\"},\"primaryImageOfPage\":{\"@id\":\"https:\/\/3bbiotech.com\/fr\/privacy-policy\/#primaryimage\"},\"image\":{\"@id\":\"https:\/\/3bbiotech.com\/fr\/privacy-policy\/#primaryimage\"},\"thumbnailUrl\":\"https:\/\/bluwater.ch\/wp-content\/uploads\/2023\/09\/cookie-yes.png\",\"datePublished\":\"2021-12-06T07:54:49+00:00\",\"dateModified\":\"2023-11-28T13:26:56+00:00\",\"breadcrumb\":{\"@id\":\"https:\/\/3bbiotech.com\/fr\/privacy-policy\/#breadcrumb\"},\"inLanguage\":\"fr-FR\",\"potentialAction\":[{\"@type\":\"ReadAction\",\"target\":[\"https:\/\/3bbiotech.com\/fr\/privacy-policy\/\"]}]},{\"@type\":\"ImageObject\",\"inLanguage\":\"fr-FR\",\"@id\":\"https:\/\/3bbiotech.com\/fr\/privacy-policy\/#primaryimage\",\"url\":\"https:\/\/bluwater.ch\/wp-content\/uploads\/2023\/09\/cookie-yes.png\",\"contentUrl\":\"https:\/\/bluwater.ch\/wp-content\/uploads\/2023\/09\/cookie-yes.png\"},{\"@type\":\"BreadcrumbList\",\"@id\":\"https:\/\/3bbiotech.com\/fr\/privacy-policy\/#breadcrumb\",\"itemListElement\":[{\"@type\":\"ListItem\",\"position\":1,\"name\":\"Home\",\"item\":\"https:\/\/3bbiotech.com\/fr\/\"},{\"@type\":\"ListItem\",\"position\":2,\"name\":\"Privacy policy\"}]},{\"@type\":\"WebSite\",\"@id\":\"https:\/\/3bbiotech.com\/fr\/#website\",\"url\":\"https:\/\/3bbiotech.com\/fr\/\",\"name\":\"3B Biotech\",\"description\":\"Biotech Research\",\"publisher\":{\"@id\":\"https:\/\/3bbiotech.com\/fr\/#organization\"},\"potentialAction\":[{\"@type\":\"SearchAction\",\"target\":{\"@type\":\"EntryPoint\",\"urlTemplate\":\"https:\/\/3bbiotech.com\/fr\/?s={search_term_string}\"},\"query-input\":{\"@type\":\"PropertyValueSpecification\",\"valueRequired\":true,\"valueName\":\"search_term_string\"}}],\"inLanguage\":\"fr-FR\"},{\"@type\":\"Organization\",\"@id\":\"https:\/\/3bbiotech.com\/fr\/#organization\",\"name\":\"3B Biotech\",\"url\":\"https:\/\/3bbiotech.com\/fr\/\",\"logo\":{\"@type\":\"ImageObject\",\"inLanguage\":\"fr-FR\",\"@id\":\"https:\/\/3bbiotech.com\/fr\/#\/schema\/logo\/image\/\",\"url\":\"https:\/\/3bbiotech.com\/wp-content\/uploads\/2021\/12\/logo.png\",\"contentUrl\":\"https:\/\/3bbiotech.com\/wp-content\/uploads\/2021\/12\/logo.png\",\"width\":120,\"height\":100,\"caption\":\"3B Biotech\"},\"image\":{\"@id\":\"https:\/\/3bbiotech.com\/fr\/#\/schema\/logo\/image\/\"}}]}<\/script>\n<!-- \/ Yoast SEO plugin. -->","yoast_head_json":{"title":"Privacy policy - 3B Biotech","robots":{"index":"index","follow":"follow","max-snippet":"max-snippet:-1","max-image-preview":"max-image-preview:large","max-video-preview":"max-video-preview:-1"},"canonical":"https:\/\/3bbiotech.com\/fr\/privacy-policy\/","og_locale":"fr_FR","og_type":"article","og_title":"Privacy policy - 3B Biotech","og_description":"Privacy Policy La pr\u00e9sente politique de confidentialit\u00e9 (\u00ab\u00a0politique\u00ab\u00a0) est conforme aux dispositions de la loi f\u00e9d\u00e9rale sur la protection des donn\u00e9es (\u00ab\u00a0LPD\u00ab\u00a0). Cette politique fournit des informations de mani\u00e8re appropri\u00e9e et transparente sur le traitement de vos donn\u00e9es par le responsable du traitement des donn\u00e9es (ci-apr\u00e8s d\u00e9nomm\u00e9 \u00ab\u00a0responsable du traitement\u00a0\u00bb) qui, en particulier, communique avec ... Read more","og_url":"https:\/\/3bbiotech.com\/fr\/privacy-policy\/","og_site_name":"3B Biotech","article_modified_time":"2023-11-28T13:26:56+00:00","og_image":[{"url":"https:\/\/bluwater.ch\/wp-content\/uploads\/2023\/09\/cookie-yes.png","type":"","width":"","height":""}],"twitter_card":"summary_large_image","twitter_misc":{"Dur\u00e9e de lecture estim\u00e9e":"6 minutes"},"schema":{"@context":"https:\/\/schema.org","@graph":[{"@type":"WebPage","@id":"https:\/\/3bbiotech.com\/fr\/privacy-policy\/","url":"https:\/\/3bbiotech.com\/fr\/privacy-policy\/","name":"Privacy policy - 3B Biotech","isPartOf":{"@id":"https:\/\/3bbiotech.com\/fr\/#website"},"primaryImageOfPage":{"@id":"https:\/\/3bbiotech.com\/fr\/privacy-policy\/#primaryimage"},"image":{"@id":"https:\/\/3bbiotech.com\/fr\/privacy-policy\/#primaryimage"},"thumbnailUrl":"https:\/\/bluwater.ch\/wp-content\/uploads\/2023\/09\/cookie-yes.png","datePublished":"2021-12-06T07:54:49+00:00","dateModified":"2023-11-28T13:26:56+00:00","breadcrumb":{"@id":"https:\/\/3bbiotech.com\/fr\/privacy-policy\/#breadcrumb"},"inLanguage":"fr-FR","potentialAction":[{"@type":"ReadAction","target":["https:\/\/3bbiotech.com\/fr\/privacy-policy\/"]}]},{"@type":"ImageObject","inLanguage":"fr-FR","@id":"https:\/\/3bbiotech.com\/fr\/privacy-policy\/#primaryimage","url":"https:\/\/bluwater.ch\/wp-content\/uploads\/2023\/09\/cookie-yes.png","contentUrl":"https:\/\/bluwater.ch\/wp-content\/uploads\/2023\/09\/cookie-yes.png"},{"@type":"BreadcrumbList","@id":"https:\/\/3bbiotech.com\/fr\/privacy-policy\/#breadcrumb","itemListElement":[{"@type":"ListItem","position":1,"name":"Home","item":"https:\/\/3bbiotech.com\/fr\/"},{"@type":"ListItem","position":2,"name":"Privacy policy"}]},{"@type":"WebSite","@id":"https:\/\/3bbiotech.com\/fr\/#website","url":"https:\/\/3bbiotech.com\/fr\/","name":"3B Biotech","description":"Biotech Research","publisher":{"@id":"https:\/\/3bbiotech.com\/fr\/#organization"},"potentialAction":[{"@type":"SearchAction","target":{"@type":"EntryPoint","urlTemplate":"https:\/\/3bbiotech.com\/fr\/?s={search_term_string}"},"query-input":{"@type":"PropertyValueSpecification","valueRequired":true,"valueName":"search_term_string"}}],"inLanguage":"fr-FR"},{"@type":"Organization","@id":"https:\/\/3bbiotech.com\/fr\/#organization","name":"3B Biotech","url":"https:\/\/3bbiotech.com\/fr\/","logo":{"@type":"ImageObject","inLanguage":"fr-FR","@id":"https:\/\/3bbiotech.com\/fr\/#\/schema\/logo\/image\/","url":"https:\/\/3bbiotech.com\/wp-content\/uploads\/2021\/12\/logo.png","contentUrl":"https:\/\/3bbiotech.com\/wp-content\/uploads\/2021\/12\/logo.png","width":120,"height":100,"caption":"3B Biotech"},"image":{"@id":"https:\/\/3bbiotech.com\/fr\/#\/schema\/logo\/image\/"}}]}},"_links":{"self":[{"href":"https:\/\/3bbiotech.com\/fr\/wp-json\/wp\/v2\/pages\/2985","targetHints":{"allow":["GET"]}}],"collection":[{"href":"https:\/\/3bbiotech.com\/fr\/wp-json\/wp\/v2\/pages"}],"about":[{"href":"https:\/\/3bbiotech.com\/fr\/wp-json\/wp\/v2\/types\/page"}],"author":[{"embeddable":true,"href":"https:\/\/3bbiotech.com\/fr\/wp-json\/wp\/v2\/users\/1"}],"replies":[{"embeddable":true,"href":"https:\/\/3bbiotech.com\/fr\/wp-json\/wp\/v2\/comments?post=2985"}],"version-history":[{"count":4,"href":"https:\/\/3bbiotech.com\/fr\/wp-json\/wp\/v2\/pages\/2985\/revisions"}],"predecessor-version":[{"id":3772,"href":"https:\/\/3bbiotech.com\/fr\/wp-json\/wp\/v2\/pages\/2985\/revisions\/3772"}],"wp:attachment":[{"href":"https:\/\/3bbiotech.com\/fr\/wp-json\/wp\/v2\/media?parent=2985"}],"wp:term":[{"taxonomy":"category","embeddable":true,"href":"https:\/\/3bbiotech.com\/fr\/wp-json\/wp\/v2\/categories?post=2985"},{"taxonomy":"post_tag","embeddable":true,"href":"https:\/\/3bbiotech.com\/fr\/wp-json\/wp\/v2\/tags?post=2985"}],"curies":[{"name":"wp","href":"https:\/\/api.w.org\/{rel}","templated":true}]}}