{"id":2965,"date":"2022-06-02T15:22:32","date_gmt":"2022-06-02T13:22:32","guid":{"rendered":"https:\/\/3bbiotech.com\/clinical-research-services-3\/bioequivalence-studies\/"},"modified":"2025-03-24T11:39:46","modified_gmt":"2025-03-24T10:39:46","slug":"etudes-de-bioequivalence","status":"publish","type":"page","link":"https:\/\/3bbiotech.com\/fr\/clinical-research-services\/etudes-de-bioequivalence\/","title":{"rendered":"\u00c9tudes de bio\u00e9quivalence"},"content":{"rendered":"\t\t<div data-elementor-type=\"wp-page\" data-elementor-id=\"2965\" class=\"elementor elementor-2965 elementor-2226\">\n\t\t\t\t\t\t<section class=\"elementor-section elementor-top-section elementor-element elementor-element-209740f elementor-section-stretched intro-page elementor-section-full_width elementor-section-height-default elementor-section-height-default\" data-id=\"209740f\" data-element_type=\"section\" data-e-type=\"section\" data-settings=\"{&quot;stretch_section&quot;:&quot;section-stretched&quot;}\">\n\t\t\t\t\t\t<div class=\"elementor-container elementor-column-gap-default\">\n\t\t\t\t\t<div class=\"elementor-column elementor-col-100 elementor-top-column elementor-element elementor-element-4a5cff5\" data-id=\"4a5cff5\" data-element_type=\"column\" data-e-type=\"column\">\n\t\t\t<div class=\"elementor-widget-wrap elementor-element-populated\">\n\t\t\t\t\t\t<section class=\"elementor-section elementor-inner-section elementor-element elementor-element-592fd4e elementor-section-full_width elementor-section-height-default elementor-section-height-default\" data-id=\"592fd4e\" data-element_type=\"section\" data-e-type=\"section\">\n\t\t\t\t\t\t<div class=\"elementor-container elementor-column-gap-default\">\n\t\t\t\t\t<div class=\"elementor-column elementor-col-50 elementor-inner-column elementor-element elementor-element-16769fe animated-slow elementor-invisible\" data-id=\"16769fe\" data-element_type=\"column\" data-e-type=\"column\" data-settings=\"{&quot;animation&quot;:&quot;fadeInUp&quot;}\">\n\t\t\t<div class=\"elementor-widget-wrap elementor-element-populated\">\n\t\t\t\t\t\t<div class=\"elementor-element elementor-element-5eea623 elementor-widget elementor-widget-shortcode\" data-id=\"5eea623\" data-element_type=\"widget\" data-e-type=\"widget\" data-widget_type=\"shortcode.default\">\n\t\t\t\t<div class=\"elementor-widget-container\">\n\t\t\t\t\t\t\t<div class=\"elementor-shortcode\"><span><span><a href=\"https:\/\/3bbiotech.com\/fr\/\">Home<\/a><\/span><\/span><\/div>\n\t\t\t\t\t\t<\/div>\n\t\t\t\t<\/div>\n\t\t\t\t\t<\/div>\n\t\t<\/div>\n\t\t\t\t<div class=\"elementor-column elementor-col-50 elementor-inner-column elementor-element elementor-element-25ffdcd animated-slow elementor-invisible\" data-id=\"25ffdcd\" data-element_type=\"column\" data-e-type=\"column\" data-settings=\"{&quot;animation&quot;:&quot;fadeInUp&quot;,&quot;animation_delay&quot;:500}\">\n\t\t\t<div class=\"elementor-widget-wrap elementor-element-populated\">\n\t\t\t\t\t\t<div class=\"elementor-element elementor-element-f49dd49 elementor-widget elementor-widget-heading\" data-id=\"f49dd49\" data-element_type=\"widget\" data-e-type=\"widget\" data-widget_type=\"heading.default\">\n\t\t\t\t<div class=\"elementor-widget-container\">\n\t\t\t\t\t<h1 class=\"elementor-heading-title elementor-size-default\">\u00c9TUDES DE BIO\u00c9QUIVALENCE <\/h1>\t\t\t\t<\/div>\n\t\t\t\t<\/div>\n\t\t\t\t<div class=\"elementor-element elementor-element-ba324c9 elementor-widget elementor-widget-heading\" data-id=\"ba324c9\" data-element_type=\"widget\" data-e-type=\"widget\" data-widget_type=\"heading.default\">\n\t\t\t\t<div class=\"elementor-widget-container\">\n\t\t\t\t\t<h2 class=\"elementor-heading-title elementor-size-default\">Les \u00e9tudes de bio\u00e9quivalence sont d\u2019une grande importance et leur r\u00e9alisation n\u00e9cessite une planification et une exp\u00e9rience ad\u00e9quates<\/h2>\t\t\t\t<\/div>\n\t\t\t\t<\/div>\n\t\t\t\t\t<\/div>\n\t\t<\/div>\n\t\t\t\t\t<\/div>\n\t\t<\/section>\n\t\t\t\t<div class=\"elementor-element elementor-element-0b87740 animated-slow elementor-invisible elementor-widget elementor-widget-image\" data-id=\"0b87740\" data-element_type=\"widget\" data-e-type=\"widget\" data-settings=\"{&quot;_animation&quot;:&quot;fadeIn&quot;,&quot;_animation_delay&quot;:800}\" data-widget_type=\"image.default\">\n\t\t\t\t<div class=\"elementor-widget-container\">\n\t\t\t\t\t\t\t\t\t\t\t\t\t\t\t<img fetchpriority=\"high\" decoding=\"async\" width=\"1920\" height=\"650\" src=\"https:\/\/3bbiotech.com\/wp-content\/uploads\/2022\/06\/bioequivalence-studies-def.jpg\" class=\"attachment-full size-full wp-image-2966\" alt=\"\" srcset=\"https:\/\/3bbiotech.com\/wp-content\/uploads\/2022\/06\/bioequivalence-studies-def.jpg 1920w, https:\/\/3bbiotech.com\/wp-content\/uploads\/2022\/06\/bioequivalence-studies-def-300x102.jpg 300w, https:\/\/3bbiotech.com\/wp-content\/uploads\/2022\/06\/bioequivalence-studies-def-1024x347.jpg 1024w, https:\/\/3bbiotech.com\/wp-content\/uploads\/2022\/06\/bioequivalence-studies-def-768x260.jpg 768w, https:\/\/3bbiotech.com\/wp-content\/uploads\/2022\/06\/bioequivalence-studies-def-1536x520.jpg 1536w\" sizes=\"(max-width: 1920px) 100vw, 1920px\" \/>\t\t\t\t\t\t\t\t\t\t\t\t\t\t\t<\/div>\n\t\t\t\t<\/div>\n\t\t\t\t<section class=\"elementor-section elementor-inner-section elementor-element elementor-element-f9a566b elementor-section-full_width elementor-section-height-default elementor-section-height-default\" data-id=\"f9a566b\" data-element_type=\"section\" data-e-type=\"section\">\n\t\t\t\t\t\t<div class=\"elementor-container elementor-column-gap-default\">\n\t\t\t\t\t<div class=\"elementor-column elementor-col-100 elementor-inner-column elementor-element elementor-element-a8b282c animated-slow elementor-invisible\" data-id=\"a8b282c\" data-element_type=\"column\" data-e-type=\"column\" data-settings=\"{&quot;animation&quot;:&quot;fadeInUp&quot;,&quot;animation_delay&quot;:500}\">\n\t\t\t<div class=\"elementor-widget-wrap elementor-element-populated\">\n\t\t\t\t\t\t<div class=\"elementor-element elementor-element-166bdad elementor-widget elementor-widget-heading\" data-id=\"166bdad\" data-element_type=\"widget\" data-e-type=\"widget\" data-widget_type=\"heading.default\">\n\t\t\t\t<div class=\"elementor-widget-container\">\n\t\t\t\t\t<h2 class=\"elementor-heading-title elementor-size-default\">Gr\u00e2ce \u00e0 nos fournisseurs qualifi\u00e9s, nous diminuons le co\u00fbt des \u00e9tudes de bio\u00e9quivalence et aidons les soci\u00e9t\u00e9s pharmaceutiques \u00e0 commercialiser leurs produits rapidement et dans les limites du budget, en totale conformit\u00e9 avec les exigences r\u00e9glementaires internationales. <\/h2>\t\t\t\t<\/div>\n\t\t\t\t<\/div>\n\t\t\t\t\t<\/div>\n\t\t<\/div>\n\t\t\t\t\t<\/div>\n\t\t<\/section>\n\t\t\t\t<section class=\"elementor-section elementor-inner-section elementor-element elementor-element-fd7a170 elementor-section-full_width elementor-section-content-middle elementor-section-height-default elementor-section-height-default\" data-id=\"fd7a170\" data-element_type=\"section\" data-e-type=\"section\">\n\t\t\t\t\t\t<div class=\"elementor-container elementor-column-gap-default\">\n\t\t\t\t\t<div class=\"elementor-column elementor-col-100 elementor-inner-column elementor-element elementor-element-53e9b5c animated-slow elementor-invisible\" data-id=\"53e9b5c\" data-element_type=\"column\" data-e-type=\"column\" data-settings=\"{&quot;animation&quot;:&quot;fadeInUp&quot;,&quot;animation_delay&quot;:500}\">\n\t\t\t<div class=\"elementor-widget-wrap elementor-element-populated\">\n\t\t\t\t\t\t<div class=\"elementor-element elementor-element-4a65584 elementor-widget elementor-widget-heading\" data-id=\"4a65584\" data-element_type=\"widget\" data-e-type=\"widget\" data-widget_type=\"heading.default\">\n\t\t\t\t<div class=\"elementor-widget-container\">\n\t\t\t\t\t<h3 class=\"elementor-heading-title elementor-size-default\">FACTEURS DE R\u00c9USSITE CRITIQUES : Surveillance ad\u00e9quate <\/h3>\t\t\t\t<\/div>\n\t\t\t\t<\/div>\n\t\t\t\t<div class=\"elementor-element elementor-element-061d9b1 elementor-widget elementor-widget-text-editor\" data-id=\"061d9b1\" data-element_type=\"widget\" data-e-type=\"widget\" data-widget_type=\"text-editor.default\">\n\t\t\t\t<div class=\"elementor-widget-container\">\n\t\t\t\t\t\t\t\t\t<p>L\u2019un des facteurs de r\u00e9ussite essentiels de notre expertise est le monitoring ad\u00e9quat, qui comprend un attach\u00e9 de recherche clinique moniteur qualifi\u00e9, un plan de monitoring, un rapport de monitoring et un suivi.<\/p><p>\u00a0Voici une \u00e9tude de cas sur la fa\u00e7on dont les visites pourraient \u00eatre planifi\u00e9es\u00a0:<\/p>\t\t\t\t\t\t\t\t<\/div>\n\t\t\t\t<\/div>\n\t\t\t\t\t<\/div>\n\t\t<\/div>\n\t\t\t\t\t<\/div>\n\t\t<\/section>\n\t\t\t\t<section class=\"elementor-section elementor-inner-section elementor-element elementor-element-cc1cdd5 elementor-section-full_width elementor-section-content-middle elementor-section-height-default elementor-section-height-default\" data-id=\"cc1cdd5\" data-element_type=\"section\" data-e-type=\"section\">\n\t\t\t\t\t\t<div class=\"elementor-container elementor-column-gap-default\">\n\t\t\t\t\t<div class=\"elementor-column elementor-col-50 elementor-inner-column elementor-element elementor-element-50c10b3 animated-slow elementor-invisible\" data-id=\"50c10b3\" data-element_type=\"column\" data-e-type=\"column\" data-settings=\"{&quot;animation&quot;:&quot;fadeInUp&quot;,&quot;animation_delay&quot;:500}\">\n\t\t\t<div class=\"elementor-widget-wrap elementor-element-populated\">\n\t\t\t\t\t\t<div class=\"elementor-element elementor-element-7848970 elementor-widget elementor-widget-text-editor\" data-id=\"7848970\" data-element_type=\"widget\" data-e-type=\"widget\" data-widget_type=\"text-editor.default\">\n\t\t\t\t<div class=\"elementor-widget-container\">\n\t\t\t\t\t\t\t\t\t<p><strong>\u00c9TAPE 1<\/strong><\/p><ul><li>Visite de mise en place (SIV) apr\u00e8s une demande d\u2019autorisation d\u2019essai clinique (AEC)<\/li><li>1<sup>re<\/sup> visite de monitoring (SMV) apr\u00e8s la fin du d\u00e9pistage<\/li><li>2<sup>e<\/sup> visite de monitoring (SMV) apr\u00e8s la fin du dosage de la P\u00e9riode I<\/li><li>3<sup>e<\/sup> visite de monitoring (SMV) apr\u00e8s la fin de dosage de la P\u00e9riode II<\/li><\/ul>\t\t\t\t\t\t\t\t<\/div>\n\t\t\t\t<\/div>\n\t\t\t\t\t<\/div>\n\t\t<\/div>\n\t\t\t\t<div class=\"elementor-column elementor-col-50 elementor-inner-column elementor-element elementor-element-ab85549 animated-slow elementor-invisible\" data-id=\"ab85549\" data-element_type=\"column\" data-e-type=\"column\" data-settings=\"{&quot;animation&quot;:&quot;fadeInUp&quot;,&quot;animation_delay&quot;:500}\">\n\t\t\t<div class=\"elementor-widget-wrap elementor-element-populated\">\n\t\t\t\t\t\t<div class=\"elementor-element elementor-element-30652e6 elementor-widget elementor-widget-text-editor\" data-id=\"30652e6\" data-element_type=\"widget\" data-e-type=\"widget\" data-widget_type=\"text-editor.default\">\n\t\t\t\t<div class=\"elementor-widget-container\">\n\t\t\t\t\t\t\t\t\t<p><strong>\u00c9TAPE 2 _ le cas \u00e9ch\u00e9ant<\/strong><\/p><ul><li>1<sup>re<\/sup> visite de monitoring (SMV) apr\u00e8s la fin du d\u00e9pistage<\/li><li>2<sup>e<\/sup> visite de monitoring (SMV) apr\u00e8s la fin du dosage de la P\u00e9riode I<\/li><li>3<sup>e<\/sup> visite de monitoring (SMV) apr\u00e8s la fin de dosage de la P\u00e9riode II<\/li><li>4<sup>e<\/sup> visite de monitoring (SMV) pour la r\u00e9solution de toutes les requ\u00eates<\/li><\/ul>\t\t\t\t\t\t\t\t<\/div>\n\t\t\t\t<\/div>\n\t\t\t\t\t<\/div>\n\t\t<\/div>\n\t\t\t\t\t<\/div>\n\t\t<\/section>\n\t\t\t\t<section class=\"elementor-section elementor-inner-section elementor-element elementor-element-9682ed9 elementor-section-full_width elementor-section-content-middle elementor-section-height-default elementor-section-height-default\" data-id=\"9682ed9\" data-element_type=\"section\" data-e-type=\"section\">\n\t\t\t\t\t\t<div class=\"elementor-container elementor-column-gap-default\">\n\t\t\t\t\t<div class=\"elementor-column elementor-col-100 elementor-inner-column elementor-element elementor-element-960a85f animated-slow elementor-invisible\" data-id=\"960a85f\" data-element_type=\"column\" data-e-type=\"column\" data-settings=\"{&quot;animation&quot;:&quot;fadeInUp&quot;,&quot;animation_delay&quot;:500}\">\n\t\t\t<div class=\"elementor-widget-wrap elementor-element-populated\">\n\t\t\t\t\t\t<div class=\"elementor-element elementor-element-8191f90 elementor-widget elementor-widget-text-editor\" data-id=\"8191f90\" data-element_type=\"widget\" data-e-type=\"widget\" data-widget_type=\"text-editor.default\">\n\t\t\t\t<div class=\"elementor-widget-container\">\n\t\t\t\t\t\t\t\t\t<p><strong>Visite de monitoring analytique <\/strong>selon les demandes de l\u2019autorit\u00e9 comp\u00e9tente<\/p><p><strong>Visite de monitoring de cl\u00f4ture\u00a0<\/strong><\/p>\t\t\t\t\t\t\t\t<\/div>\n\t\t\t\t<\/div>\n\t\t\t\t\t<\/div>\n\t\t<\/div>\n\t\t\t\t\t<\/div>\n\t\t<\/section>\n\t\t\t\t\t<\/div>\n\t\t<\/div>\n\t\t\t\t\t<\/div>\n\t\t<\/section>\n\t\t\t\t<\/div>\n\t\t","protected":false},"excerpt":{"rendered":"<p>Bioequivalence studies are of great importance and conducting them needs due planning and experience.<\/p>\n","protected":false},"author":1,"featured_media":2966,"parent":2953,"menu_order":4,"comment_status":"closed","ping_status":"closed","template":"","meta":{"content-type":"","footnotes":""},"categories":[27],"tags":[85],"class_list":{"0":"post-2965","1":"page","2":"type-page","3":"status-publish","4":"has-post-thumbnail","6":"category-clinical-research-services-fr","7":"tag-etudes-de-bioequivalence"},"yoast_head":"<!-- This site is optimized with the Yoast SEO plugin v27.0 - https:\/\/yoast.com\/product\/yoast-seo-wordpress\/ -->\n<title>\u00c9tudes de bio\u00e9quivalence | Soci\u00e9t\u00e9s pharmaceutiques 3B Biotech<\/title>\n<meta name=\"description\" content=\"Les \u00e9tudes de bio\u00e9quivalence sont d\u2019une grande importance et leur r\u00e9alisation n\u00e9cessite une planification et une exp\u00e9rience ad\u00e9quates\" \/>\n<meta name=\"robots\" content=\"index, follow, max-snippet:-1, max-image-preview:large, max-video-preview:-1\" \/>\n<link rel=\"canonical\" href=\"https:\/\/3bbiotech.com\/fr\/clinical-research-services\/etudes-de-bioequivalence\/\" \/>\n<meta property=\"og:locale\" content=\"fr_FR\" \/>\n<meta property=\"og:type\" content=\"article\" \/>\n<meta property=\"og:title\" content=\"\u00c9tudes de bio\u00e9quivalence | Soci\u00e9t\u00e9s pharmaceutiques 3B Biotech\" \/>\n<meta property=\"og:description\" content=\"Les \u00e9tudes de bio\u00e9quivalence sont d\u2019une grande importance et leur r\u00e9alisation n\u00e9cessite une planification et une exp\u00e9rience ad\u00e9quates\" \/>\n<meta property=\"og:url\" content=\"https:\/\/3bbiotech.com\/fr\/clinical-research-services\/etudes-de-bioequivalence\/\" \/>\n<meta property=\"og:site_name\" content=\"3B Biotech\" \/>\n<meta property=\"article:modified_time\" content=\"2025-03-24T10:39:46+00:00\" \/>\n<meta property=\"og:image\" content=\"https:\/\/3bbiotech.com\/wp-content\/uploads\/2022\/06\/bioequivalence-studies-def.jpg\" \/>\n\t<meta property=\"og:image:width\" content=\"1920\" \/>\n\t<meta property=\"og:image:height\" content=\"650\" \/>\n\t<meta property=\"og:image:type\" content=\"image\/jpeg\" \/>\n<meta name=\"twitter:card\" content=\"summary_large_image\" \/>\n<meta name=\"twitter:label1\" content=\"Dur\u00e9e de lecture estim\u00e9e\" \/>\n\t<meta name=\"twitter:data1\" content=\"2 minutes\" \/>\n<script type=\"application\/ld+json\" class=\"yoast-schema-graph\">{\"@context\":\"https:\/\/schema.org\",\"@graph\":[{\"@type\":\"WebPage\",\"@id\":\"https:\/\/3bbiotech.com\/fr\/clinical-research-services\/etudes-de-bioequivalence\/\",\"url\":\"https:\/\/3bbiotech.com\/fr\/clinical-research-services\/etudes-de-bioequivalence\/\",\"name\":\"\u00c9tudes de bio\u00e9quivalence | Soci\u00e9t\u00e9s pharmaceutiques 3B Biotech\",\"isPartOf\":{\"@id\":\"https:\/\/3bbiotech.com\/fr\/#website\"},\"primaryImageOfPage\":{\"@id\":\"https:\/\/3bbiotech.com\/fr\/clinical-research-services\/etudes-de-bioequivalence\/#primaryimage\"},\"image\":{\"@id\":\"https:\/\/3bbiotech.com\/fr\/clinical-research-services\/etudes-de-bioequivalence\/#primaryimage\"},\"thumbnailUrl\":\"https:\/\/3bbiotech.com\/wp-content\/uploads\/2022\/06\/bioequivalence-studies-def.jpg\",\"datePublished\":\"2022-06-02T13:22:32+00:00\",\"dateModified\":\"2025-03-24T10:39:46+00:00\",\"description\":\"Les \u00e9tudes de bio\u00e9quivalence sont d\u2019une grande importance et leur r\u00e9alisation n\u00e9cessite une planification et une exp\u00e9rience ad\u00e9quates\",\"breadcrumb\":{\"@id\":\"https:\/\/3bbiotech.com\/fr\/clinical-research-services\/etudes-de-bioequivalence\/#breadcrumb\"},\"inLanguage\":\"fr-FR\",\"potentialAction\":[{\"@type\":\"ReadAction\",\"target\":[\"https:\/\/3bbiotech.com\/fr\/clinical-research-services\/etudes-de-bioequivalence\/\"]}]},{\"@type\":\"ImageObject\",\"inLanguage\":\"fr-FR\",\"@id\":\"https:\/\/3bbiotech.com\/fr\/clinical-research-services\/etudes-de-bioequivalence\/#primaryimage\",\"url\":\"https:\/\/3bbiotech.com\/wp-content\/uploads\/2022\/06\/bioequivalence-studies-def.jpg\",\"contentUrl\":\"https:\/\/3bbiotech.com\/wp-content\/uploads\/2022\/06\/bioequivalence-studies-def.jpg\",\"width\":1920,\"height\":650},{\"@type\":\"BreadcrumbList\",\"@id\":\"https:\/\/3bbiotech.com\/fr\/clinical-research-services\/etudes-de-bioequivalence\/#breadcrumb\",\"itemListElement\":[{\"@type\":\"ListItem\",\"position\":1,\"name\":\"Home\",\"item\":\"https:\/\/3bbiotech.com\/fr\/\"},{\"@type\":\"ListItem\",\"position\":2,\"name\":\"Clinical Research Services\",\"item\":\"https:\/\/3bbiotech.com\/fr\/clinical-research-services-3\/\"},{\"@type\":\"ListItem\",\"position\":3,\"name\":\"\u00c9tudes de bio\u00e9quivalence\"}]},{\"@type\":\"WebSite\",\"@id\":\"https:\/\/3bbiotech.com\/fr\/#website\",\"url\":\"https:\/\/3bbiotech.com\/fr\/\",\"name\":\"3B Biotech\",\"description\":\"Biotech Research\",\"publisher\":{\"@id\":\"https:\/\/3bbiotech.com\/fr\/#organization\"},\"potentialAction\":[{\"@type\":\"SearchAction\",\"target\":{\"@type\":\"EntryPoint\",\"urlTemplate\":\"https:\/\/3bbiotech.com\/fr\/?s={search_term_string}\"},\"query-input\":{\"@type\":\"PropertyValueSpecification\",\"valueRequired\":true,\"valueName\":\"search_term_string\"}}],\"inLanguage\":\"fr-FR\"},{\"@type\":\"Organization\",\"@id\":\"https:\/\/3bbiotech.com\/fr\/#organization\",\"name\":\"3B Biotech\",\"url\":\"https:\/\/3bbiotech.com\/fr\/\",\"logo\":{\"@type\":\"ImageObject\",\"inLanguage\":\"fr-FR\",\"@id\":\"https:\/\/3bbiotech.com\/fr\/#\/schema\/logo\/image\/\",\"url\":\"https:\/\/3bbiotech.com\/wp-content\/uploads\/2021\/12\/logo.png\",\"contentUrl\":\"https:\/\/3bbiotech.com\/wp-content\/uploads\/2021\/12\/logo.png\",\"width\":120,\"height\":100,\"caption\":\"3B Biotech\"},\"image\":{\"@id\":\"https:\/\/3bbiotech.com\/fr\/#\/schema\/logo\/image\/\"}}]}<\/script>\n<!-- \/ Yoast SEO plugin. -->","yoast_head_json":{"title":"\u00c9tudes de bio\u00e9quivalence | Soci\u00e9t\u00e9s pharmaceutiques 3B Biotech","description":"Les \u00e9tudes de bio\u00e9quivalence sont d\u2019une grande importance et leur r\u00e9alisation n\u00e9cessite une planification et une exp\u00e9rience ad\u00e9quates","robots":{"index":"index","follow":"follow","max-snippet":"max-snippet:-1","max-image-preview":"max-image-preview:large","max-video-preview":"max-video-preview:-1"},"canonical":"https:\/\/3bbiotech.com\/fr\/clinical-research-services\/etudes-de-bioequivalence\/","og_locale":"fr_FR","og_type":"article","og_title":"\u00c9tudes de bio\u00e9quivalence | Soci\u00e9t\u00e9s pharmaceutiques 3B Biotech","og_description":"Les \u00e9tudes de bio\u00e9quivalence sont d\u2019une grande importance et leur r\u00e9alisation n\u00e9cessite une planification et une exp\u00e9rience ad\u00e9quates","og_url":"https:\/\/3bbiotech.com\/fr\/clinical-research-services\/etudes-de-bioequivalence\/","og_site_name":"3B Biotech","article_modified_time":"2025-03-24T10:39:46+00:00","og_image":[{"width":1920,"height":650,"url":"https:\/\/3bbiotech.com\/wp-content\/uploads\/2022\/06\/bioequivalence-studies-def.jpg","type":"image\/jpeg"}],"twitter_card":"summary_large_image","twitter_misc":{"Dur\u00e9e de lecture estim\u00e9e":"2 minutes"},"schema":{"@context":"https:\/\/schema.org","@graph":[{"@type":"WebPage","@id":"https:\/\/3bbiotech.com\/fr\/clinical-research-services\/etudes-de-bioequivalence\/","url":"https:\/\/3bbiotech.com\/fr\/clinical-research-services\/etudes-de-bioequivalence\/","name":"\u00c9tudes de bio\u00e9quivalence | Soci\u00e9t\u00e9s pharmaceutiques 3B Biotech","isPartOf":{"@id":"https:\/\/3bbiotech.com\/fr\/#website"},"primaryImageOfPage":{"@id":"https:\/\/3bbiotech.com\/fr\/clinical-research-services\/etudes-de-bioequivalence\/#primaryimage"},"image":{"@id":"https:\/\/3bbiotech.com\/fr\/clinical-research-services\/etudes-de-bioequivalence\/#primaryimage"},"thumbnailUrl":"https:\/\/3bbiotech.com\/wp-content\/uploads\/2022\/06\/bioequivalence-studies-def.jpg","datePublished":"2022-06-02T13:22:32+00:00","dateModified":"2025-03-24T10:39:46+00:00","description":"Les \u00e9tudes de bio\u00e9quivalence sont d\u2019une grande importance et leur r\u00e9alisation n\u00e9cessite une planification et une exp\u00e9rience ad\u00e9quates","breadcrumb":{"@id":"https:\/\/3bbiotech.com\/fr\/clinical-research-services\/etudes-de-bioequivalence\/#breadcrumb"},"inLanguage":"fr-FR","potentialAction":[{"@type":"ReadAction","target":["https:\/\/3bbiotech.com\/fr\/clinical-research-services\/etudes-de-bioequivalence\/"]}]},{"@type":"ImageObject","inLanguage":"fr-FR","@id":"https:\/\/3bbiotech.com\/fr\/clinical-research-services\/etudes-de-bioequivalence\/#primaryimage","url":"https:\/\/3bbiotech.com\/wp-content\/uploads\/2022\/06\/bioequivalence-studies-def.jpg","contentUrl":"https:\/\/3bbiotech.com\/wp-content\/uploads\/2022\/06\/bioequivalence-studies-def.jpg","width":1920,"height":650},{"@type":"BreadcrumbList","@id":"https:\/\/3bbiotech.com\/fr\/clinical-research-services\/etudes-de-bioequivalence\/#breadcrumb","itemListElement":[{"@type":"ListItem","position":1,"name":"Home","item":"https:\/\/3bbiotech.com\/fr\/"},{"@type":"ListItem","position":2,"name":"Clinical Research Services","item":"https:\/\/3bbiotech.com\/fr\/clinical-research-services-3\/"},{"@type":"ListItem","position":3,"name":"\u00c9tudes de bio\u00e9quivalence"}]},{"@type":"WebSite","@id":"https:\/\/3bbiotech.com\/fr\/#website","url":"https:\/\/3bbiotech.com\/fr\/","name":"3B Biotech","description":"Biotech Research","publisher":{"@id":"https:\/\/3bbiotech.com\/fr\/#organization"},"potentialAction":[{"@type":"SearchAction","target":{"@type":"EntryPoint","urlTemplate":"https:\/\/3bbiotech.com\/fr\/?s={search_term_string}"},"query-input":{"@type":"PropertyValueSpecification","valueRequired":true,"valueName":"search_term_string"}}],"inLanguage":"fr-FR"},{"@type":"Organization","@id":"https:\/\/3bbiotech.com\/fr\/#organization","name":"3B Biotech","url":"https:\/\/3bbiotech.com\/fr\/","logo":{"@type":"ImageObject","inLanguage":"fr-FR","@id":"https:\/\/3bbiotech.com\/fr\/#\/schema\/logo\/image\/","url":"https:\/\/3bbiotech.com\/wp-content\/uploads\/2021\/12\/logo.png","contentUrl":"https:\/\/3bbiotech.com\/wp-content\/uploads\/2021\/12\/logo.png","width":120,"height":100,"caption":"3B Biotech"},"image":{"@id":"https:\/\/3bbiotech.com\/fr\/#\/schema\/logo\/image\/"}}]}},"_links":{"self":[{"href":"https:\/\/3bbiotech.com\/fr\/wp-json\/wp\/v2\/pages\/2965","targetHints":{"allow":["GET"]}}],"collection":[{"href":"https:\/\/3bbiotech.com\/fr\/wp-json\/wp\/v2\/pages"}],"about":[{"href":"https:\/\/3bbiotech.com\/fr\/wp-json\/wp\/v2\/types\/page"}],"author":[{"embeddable":true,"href":"https:\/\/3bbiotech.com\/fr\/wp-json\/wp\/v2\/users\/1"}],"replies":[{"embeddable":true,"href":"https:\/\/3bbiotech.com\/fr\/wp-json\/wp\/v2\/comments?post=2965"}],"version-history":[{"count":5,"href":"https:\/\/3bbiotech.com\/fr\/wp-json\/wp\/v2\/pages\/2965\/revisions"}],"predecessor-version":[{"id":4033,"href":"https:\/\/3bbiotech.com\/fr\/wp-json\/wp\/v2\/pages\/2965\/revisions\/4033"}],"up":[{"embeddable":true,"href":"https:\/\/3bbiotech.com\/fr\/wp-json\/wp\/v2\/pages\/2953"}],"wp:featuredmedia":[{"embeddable":true,"href":"https:\/\/3bbiotech.com\/fr\/wp-json\/wp\/v2\/media\/2966"}],"wp:attachment":[{"href":"https:\/\/3bbiotech.com\/fr\/wp-json\/wp\/v2\/media?parent=2965"}],"wp:term":[{"taxonomy":"category","embeddable":true,"href":"https:\/\/3bbiotech.com\/fr\/wp-json\/wp\/v2\/categories?post=2965"},{"taxonomy":"post_tag","embeddable":true,"href":"https:\/\/3bbiotech.com\/fr\/wp-json\/wp\/v2\/tags?post=2965"}],"curies":[{"name":"wp","href":"https:\/\/api.w.org\/{rel}","templated":true}]}}