{"id":2850,"date":"2022-05-16T15:15:17","date_gmt":"2022-05-16T13:15:17","guid":{"rendered":"https:\/\/3bbiotech.com\/observational-and-late-phase-research\/clinical-observational-research\/"},"modified":"2025-03-17T16:52:57","modified_gmt":"2025-03-17T15:52:57","slug":"patient-support-programme","status":"publish","type":"page","link":"https:\/\/3bbiotech.com\/de\/beobachtungs-und-spaetphasenstudien\/patient-support-programme\/","title":{"rendered":"PATIENT SUPPORT PROGRAMME"},"content":{"rendered":"\t\t<div data-elementor-type=\"wp-page\" data-elementor-id=\"2850\" class=\"elementor elementor-2850 elementor-1868\">\n\t\t\t\t\t\t<section class=\"elementor-section elementor-top-section elementor-element elementor-element-209740f elementor-section-stretched intro-page elementor-section-full_width elementor-section-height-default elementor-section-height-default\" data-id=\"209740f\" data-element_type=\"section\" data-e-type=\"section\" data-settings=\"{&quot;stretch_section&quot;:&quot;section-stretched&quot;}\">\n\t\t\t\t\t\t<div class=\"elementor-container elementor-column-gap-default\">\n\t\t\t\t\t<div class=\"elementor-column elementor-col-100 elementor-top-column elementor-element elementor-element-4a5cff5\" data-id=\"4a5cff5\" data-element_type=\"column\" data-e-type=\"column\">\n\t\t\t<div class=\"elementor-widget-wrap elementor-element-populated\">\n\t\t\t\t\t\t<section class=\"elementor-section elementor-inner-section elementor-element elementor-element-592fd4e elementor-section-full_width elementor-section-height-default elementor-section-height-default\" data-id=\"592fd4e\" data-element_type=\"section\" data-e-type=\"section\">\n\t\t\t\t\t\t<div class=\"elementor-container elementor-column-gap-default\">\n\t\t\t\t\t<div class=\"elementor-column elementor-col-50 elementor-inner-column elementor-element elementor-element-16769fe animated-slow elementor-invisible\" data-id=\"16769fe\" data-element_type=\"column\" data-e-type=\"column\" data-settings=\"{&quot;animation&quot;:&quot;fadeInUp&quot;}\">\n\t\t\t<div class=\"elementor-widget-wrap elementor-element-populated\">\n\t\t\t\t\t\t<div class=\"elementor-element elementor-element-5eea623 elementor-widget elementor-widget-shortcode\" data-id=\"5eea623\" data-element_type=\"widget\" data-e-type=\"widget\" data-widget_type=\"shortcode.default\">\n\t\t\t\t<div class=\"elementor-widget-container\">\n\t\t\t\t\t\t\t<div class=\"elementor-shortcode\"><span><span><a href=\"https:\/\/3bbiotech.com\/de\/\">Home<\/a><\/span><\/span><\/div>\n\t\t\t\t\t\t<\/div>\n\t\t\t\t<\/div>\n\t\t\t\t\t<\/div>\n\t\t<\/div>\n\t\t\t\t<div class=\"elementor-column elementor-col-50 elementor-inner-column elementor-element elementor-element-25ffdcd animated-slow elementor-invisible\" data-id=\"25ffdcd\" data-element_type=\"column\" data-e-type=\"column\" data-settings=\"{&quot;animation&quot;:&quot;fadeInUp&quot;,&quot;animation_delay&quot;:500}\">\n\t\t\t<div class=\"elementor-widget-wrap elementor-element-populated\">\n\t\t\t\t\t\t<div class=\"elementor-element elementor-element-f49dd49 elementor-widget elementor-widget-heading\" data-id=\"f49dd49\" data-element_type=\"widget\" data-e-type=\"widget\" data-widget_type=\"heading.default\">\n\t\t\t\t<div class=\"elementor-widget-container\">\n\t\t\t\t\t<h1 class=\"elementor-heading-title elementor-size-default\">PATIENT SUPPORT PROGRAMS<\/h1>\t\t\t\t<\/div>\n\t\t\t\t<\/div>\n\t\t\t\t<div class=\"elementor-element elementor-element-ba324c9 elementor-widget elementor-widget-heading\" data-id=\"ba324c9\" data-element_type=\"widget\" data-e-type=\"widget\" data-widget_type=\"heading.default\">\n\t\t\t\t<div class=\"elementor-widget-container\">\n\t\t\t\t\t<h2 class=\"elementor-heading-title elementor-size-default\">3B Biotech proposes itself as a partner in the analysis of the needs and design of PSP with an adequate cost- effectiveness ratio.<\/h2>\t\t\t\t<\/div>\n\t\t\t\t<\/div>\n\t\t\t\t<div class=\"elementor-element elementor-element-d9c7da9 elementor-widget elementor-widget-text-editor\" data-id=\"d9c7da9\" data-element_type=\"widget\" data-e-type=\"widget\" data-widget_type=\"text-editor.default\">\n\t\t\t\t<div class=\"elementor-widget-container\">\n\t\t\t\t\t\t\t\t\t<h5><span style=\"font-weight: normal;\">We ensure full compliance with Pharmacovigilance associated with PSPs in accordance with the current legislation.<\/span><\/h5>\t\t\t\t\t\t\t\t<\/div>\n\t\t\t\t<\/div>\n\t\t\t\t\t<\/div>\n\t\t<\/div>\n\t\t\t\t\t<\/div>\n\t\t<\/section>\n\t\t\t\t<div class=\"elementor-element elementor-element-0b87740 animated-slow elementor-invisible elementor-widget elementor-widget-image\" data-id=\"0b87740\" data-element_type=\"widget\" data-e-type=\"widget\" data-settings=\"{&quot;_animation&quot;:&quot;fadeIn&quot;,&quot;_animation_delay&quot;:800}\" data-widget_type=\"image.default\">\n\t\t\t\t<div class=\"elementor-widget-container\">\n\t\t\t\t\t\t\t\t\t\t\t\t\t\t\t<img fetchpriority=\"high\" decoding=\"async\" width=\"1920\" height=\"650\" src=\"https:\/\/3bbiotech.com\/wp-content\/uploads\/2022\/07\/Patient-Support-Programs-head-def.jpg\" class=\"attachment-full size-full wp-image-2806\" alt=\"\" srcset=\"https:\/\/3bbiotech.com\/wp-content\/uploads\/2022\/07\/Patient-Support-Programs-head-def.jpg 1920w, https:\/\/3bbiotech.com\/wp-content\/uploads\/2022\/07\/Patient-Support-Programs-head-def-300x102.jpg 300w, https:\/\/3bbiotech.com\/wp-content\/uploads\/2022\/07\/Patient-Support-Programs-head-def-1024x347.jpg 1024w, https:\/\/3bbiotech.com\/wp-content\/uploads\/2022\/07\/Patient-Support-Programs-head-def-768x260.jpg 768w, https:\/\/3bbiotech.com\/wp-content\/uploads\/2022\/07\/Patient-Support-Programs-head-def-1536x520.jpg 1536w\" sizes=\"(max-width: 1920px) 100vw, 1920px\" \/>\t\t\t\t\t\t\t\t\t\t\t\t\t\t\t<\/div>\n\t\t\t\t<\/div>\n\t\t\t\t<section class=\"elementor-section elementor-inner-section elementor-element elementor-element-f9a566b elementor-section-full_width elementor-section-height-default elementor-section-height-default\" data-id=\"f9a566b\" data-element_type=\"section\" data-e-type=\"section\">\n\t\t\t\t\t\t<div class=\"elementor-container elementor-column-gap-default\">\n\t\t\t\t\t<div class=\"elementor-column elementor-col-100 elementor-inner-column elementor-element elementor-element-a8b282c animated-slow elementor-invisible\" data-id=\"a8b282c\" data-element_type=\"column\" data-e-type=\"column\" data-settings=\"{&quot;animation&quot;:&quot;fadeInUp&quot;,&quot;animation_delay&quot;:500}\">\n\t\t\t<div class=\"elementor-widget-wrap elementor-element-populated\">\n\t\t\t\t\t\t<div class=\"elementor-element elementor-element-aaf0021 elementor-widget elementor-widget-text-editor\" data-id=\"aaf0021\" data-element_type=\"widget\" data-e-type=\"widget\" data-widget_type=\"text-editor.default\">\n\t\t\t\t<div class=\"elementor-widget-container\">\n\t\t\t\t\t\t\t\t\t<p>In a constantly evolving healthcare environment and with patients able to always have more information about their diseases and therapeutic pathways, the Patient Support Programs (PSP) have acquired a fundamental importance in managing the diagnostic\/therapeutic path in the best way, managing the differences between the various patients and their expectations.<\/p>\n<p>Designing and conducting PSPs becomes essential to support the patient to correctly follow a therapy, reduce the movement of the same from his home, to use health resources more correctly.<\/p>\n<p>3B Biotech proposes itself as a partner in the analysis of the needs and design of PSP with an adequate cost \/ effectiveness ratio.<\/p>\n<p>3B Biotech is also able to ensure compliance with Pharmacovigilance associated with PSPs in accordance with the local and European legislation.<\/p>\n<p>Good Vigilance Practices (GVP)-Module VI addresses legal requirements applicable to stakeholders regarding the collection, data management and reporting of suspected adverse reactions associated with medicinal products for human use authorised in the European Union (EU). This module also contains requirements applicable to Marketing Authorisation Holders (MAHs) for the management and reporting of safety data arising in PSPs.<\/p>\n<p>Serious, non-serious cases of suspected adverse reactions originating in those programmes should be reported by MAHs as solicited reports<\/p>\n<p>PSP includes services that involve direct interaction with patients and\/or patient carers for the purpose of<\/p>\n<ul>\n<li>Helping to manage a patient\u2019s medication and\/or disease outcomes (e.g., adherence, awareness, education)<\/li>\n<li>Providing healthcare professionals with support for their patients<\/li>\n<\/ul>\n<p>In the frame of those programmes the safety &nbsp;information relating to the use of its medicinal products are collected.<\/p>\n<p>Patients\/carers may reports events which occurred concomitantly to the use of medicinal product and which could be suspected adverse reactions.<\/p>\t\t\t\t\t\t\t\t<\/div>\n\t\t\t\t<\/div>\n\t\t\t\t\t<\/div>\n\t\t<\/div>\n\t\t\t\t\t<\/div>\n\t\t<\/section>\n\t\t\t\t<section class=\"elementor-section elementor-inner-section elementor-element elementor-element-997516e elementor-section-full_width elementor-section-content-middle elementor-section-height-default elementor-section-height-default\" data-id=\"997516e\" data-element_type=\"section\" data-e-type=\"section\">\n\t\t\t\t\t\t<div class=\"elementor-container elementor-column-gap-default\">\n\t\t\t\t\t<div class=\"elementor-column elementor-col-50 elementor-inner-column elementor-element elementor-element-7d2aaaa animated-slow elementor-invisible\" data-id=\"7d2aaaa\" data-element_type=\"column\" data-e-type=\"column\" data-settings=\"{&quot;animation&quot;:&quot;fadeInUp&quot;,&quot;animation_delay&quot;:500}\">\n\t\t\t<div class=\"elementor-widget-wrap elementor-element-populated\">\n\t\t\t\t\t\t<div class=\"elementor-element elementor-element-d1b9ce2 elementor-widget elementor-widget-heading\" data-id=\"d1b9ce2\" data-element_type=\"widget\" data-e-type=\"widget\" data-widget_type=\"heading.default\">\n\t\t\t\t<div class=\"elementor-widget-container\">\n\t\t\t\t\t<h3 class=\"elementor-heading-title elementor-size-default\">Where information from PSPs is helpful:<\/h3>\t\t\t\t<\/div>\n\t\t\t\t<\/div>\n\t\t\t\t<div class=\"elementor-element elementor-element-819cc31 elementor-widget elementor-widget-text-editor\" data-id=\"819cc31\" data-element_type=\"widget\" data-e-type=\"widget\" data-widget_type=\"text-editor.default\">\n\t\t\t\t<div class=\"elementor-widget-container\">\n\t\t\t\t\t\t\t\t\t<ul><li>Can provide good insights into what is important to patients in relation to their disease or treatment<\/li><li>Generating information on what may impact ability of patients to comply with treatment ( i.e. optimise benefit)<\/li><li>Can help direct where advice and support are needed with respect to seeking medical help or where reassurance is needed to avoid discontinuing treatment inappropriately<\/li><li>Confirms what is already known<\/li><\/ul>\t\t\t\t\t\t\t\t<\/div>\n\t\t\t\t<\/div>\n\t\t\t\t\t<\/div>\n\t\t<\/div>\n\t\t\t\t<div class=\"elementor-column elementor-col-50 elementor-inner-column elementor-element elementor-element-52dbf07 animated-slow img-col elementor-invisible\" data-id=\"52dbf07\" data-element_type=\"column\" data-e-type=\"column\" data-settings=\"{&quot;animation&quot;:&quot;fadeInUp&quot;,&quot;animation_delay&quot;:800,&quot;background_background&quot;:&quot;classic&quot;}\">\n\t\t\t<div class=\"elementor-widget-wrap\">\n\t\t\t\t\t\t\t<\/div>\n\t\t<\/div>\n\t\t\t\t\t<\/div>\n\t\t<\/section>\n\t\t\t\t\t<\/div>\n\t\t<\/div>\n\t\t\t\t\t<\/div>\n\t\t<\/section>\n\t\t\t\t<\/div>\n\t\t","protected":false},"excerpt":{"rendered":"<p>3B Biotech Research, with a comprehensive portfolio of clinical services offers a long lasting experience in driving the Client into the clinical development program.<\/p>\n","protected":false},"author":1,"featured_media":2787,"parent":2844,"menu_order":1,"comment_status":"closed","ping_status":"closed","template":"","meta":{"content-type":"","footnotes":""},"categories":[],"tags":[77],"class_list":{"0":"post-2850","1":"page","2":"type-page","3":"status-publish","4":"has-post-thumbnail","6":"tag-beobachtungs-und-spaetphasenstudien"},"yoast_head":"<!-- This site is optimized with the Yoast SEO plugin v27.0 - https:\/\/yoast.com\/product\/yoast-seo-wordpress\/ -->\n<title>Beobachtungs- und Sp\u00e4tphasenstudien | 3B Biotech<\/title>\n<meta name=\"description\" content=\"Erfahren Sie mehr \u00fcber die Bedeutung und den Nutzen von Patient Support Programs (PSP) bei der Unterst\u00fctzung von Patienten bei der korrekten\" \/>\n<meta name=\"robots\" content=\"index, follow, max-snippet:-1, max-image-preview:large, max-video-preview:-1\" \/>\n<link rel=\"canonical\" href=\"https:\/\/3bbiotech.com\/de\/beobachtungs-und-spaetphasenstudien\/patient-support-programme\/\" \/>\n<meta property=\"og:locale\" content=\"de_DE\" \/>\n<meta property=\"og:type\" content=\"article\" \/>\n<meta property=\"og:title\" content=\"Beobachtungs- und Sp\u00e4tphasenstudien | 3B Biotech\" \/>\n<meta property=\"og:description\" content=\"Erfahren Sie mehr \u00fcber die Bedeutung und den Nutzen von Patient Support Programs (PSP) bei der Unterst\u00fctzung von Patienten bei der korrekten\" \/>\n<meta property=\"og:url\" content=\"https:\/\/3bbiotech.com\/de\/beobachtungs-und-spaetphasenstudien\/patient-support-programme\/\" \/>\n<meta property=\"og:site_name\" content=\"3B Biotech\" \/>\n<meta property=\"article:modified_time\" content=\"2025-03-17T15:52:57+00:00\" \/>\n<meta property=\"og:image\" content=\"https:\/\/3bbiotech.com\/wp-content\/uploads\/2022\/05\/clinical-observational-research-def.jpg\" \/>\n\t<meta property=\"og:image:width\" content=\"1920\" \/>\n\t<meta property=\"og:image:height\" content=\"650\" \/>\n\t<meta property=\"og:image:type\" content=\"image\/jpeg\" \/>\n<meta name=\"twitter:card\" content=\"summary_large_image\" \/>\n<meta name=\"twitter:label1\" content=\"Gesch\u00e4tzte Lesezeit\" \/>\n\t<meta name=\"twitter:data1\" content=\"3\u00a0Minuten\" \/>\n<script type=\"application\/ld+json\" class=\"yoast-schema-graph\">{\"@context\":\"https:\/\/schema.org\",\"@graph\":[{\"@type\":\"WebPage\",\"@id\":\"https:\/\/3bbiotech.com\/de\/beobachtungs-und-spaetphasenstudien\/patient-support-programme\/\",\"url\":\"https:\/\/3bbiotech.com\/de\/beobachtungs-und-spaetphasenstudien\/patient-support-programme\/\",\"name\":\"Beobachtungs- und Sp\u00e4tphasenstudien | 3B Biotech\",\"isPartOf\":{\"@id\":\"https:\/\/3bbiotech.com\/de\/#website\"},\"primaryImageOfPage\":{\"@id\":\"https:\/\/3bbiotech.com\/de\/beobachtungs-und-spaetphasenstudien\/patient-support-programme\/#primaryimage\"},\"image\":{\"@id\":\"https:\/\/3bbiotech.com\/de\/beobachtungs-und-spaetphasenstudien\/patient-support-programme\/#primaryimage\"},\"thumbnailUrl\":\"https:\/\/3bbiotech.com\/wp-content\/uploads\/2022\/05\/clinical-observational-research-def.jpg\",\"datePublished\":\"2022-05-16T13:15:17+00:00\",\"dateModified\":\"2025-03-17T15:52:57+00:00\",\"description\":\"Erfahren Sie mehr \u00fcber die Bedeutung und den Nutzen von Patient Support Programs (PSP) bei der Unterst\u00fctzung von Patienten bei der korrekten\",\"breadcrumb\":{\"@id\":\"https:\/\/3bbiotech.com\/de\/beobachtungs-und-spaetphasenstudien\/patient-support-programme\/#breadcrumb\"},\"inLanguage\":\"de\",\"potentialAction\":[{\"@type\":\"ReadAction\",\"target\":[\"https:\/\/3bbiotech.com\/de\/beobachtungs-und-spaetphasenstudien\/patient-support-programme\/\"]}]},{\"@type\":\"ImageObject\",\"inLanguage\":\"de\",\"@id\":\"https:\/\/3bbiotech.com\/de\/beobachtungs-und-spaetphasenstudien\/patient-support-programme\/#primaryimage\",\"url\":\"https:\/\/3bbiotech.com\/wp-content\/uploads\/2022\/05\/clinical-observational-research-def.jpg\",\"contentUrl\":\"https:\/\/3bbiotech.com\/wp-content\/uploads\/2022\/05\/clinical-observational-research-def.jpg\",\"width\":1920,\"height\":650},{\"@type\":\"BreadcrumbList\",\"@id\":\"https:\/\/3bbiotech.com\/de\/beobachtungs-und-spaetphasenstudien\/patient-support-programme\/#breadcrumb\",\"itemListElement\":[{\"@type\":\"ListItem\",\"position\":1,\"name\":\"Home\",\"item\":\"https:\/\/3bbiotech.com\/de\/\"},{\"@type\":\"ListItem\",\"position\":2,\"name\":\"Beobachtungs- und Sp\u00e4tphasenstudien\",\"item\":\"https:\/\/3bbiotech.com\/de\/observational-and-late-phase-research\/\"},{\"@type\":\"ListItem\",\"position\":3,\"name\":\"PATIENT SUPPORT PROGRAMME\"}]},{\"@type\":\"WebSite\",\"@id\":\"https:\/\/3bbiotech.com\/de\/#website\",\"url\":\"https:\/\/3bbiotech.com\/de\/\",\"name\":\"3B Biotech\",\"description\":\"Biotech Research\",\"publisher\":{\"@id\":\"https:\/\/3bbiotech.com\/de\/#organization\"},\"potentialAction\":[{\"@type\":\"SearchAction\",\"target\":{\"@type\":\"EntryPoint\",\"urlTemplate\":\"https:\/\/3bbiotech.com\/de\/?s={search_term_string}\"},\"query-input\":{\"@type\":\"PropertyValueSpecification\",\"valueRequired\":true,\"valueName\":\"search_term_string\"}}],\"inLanguage\":\"de\"},{\"@type\":\"Organization\",\"@id\":\"https:\/\/3bbiotech.com\/de\/#organization\",\"name\":\"3B Biotech\",\"url\":\"https:\/\/3bbiotech.com\/de\/\",\"logo\":{\"@type\":\"ImageObject\",\"inLanguage\":\"de\",\"@id\":\"https:\/\/3bbiotech.com\/de\/#\/schema\/logo\/image\/\",\"url\":\"https:\/\/3bbiotech.com\/wp-content\/uploads\/2021\/12\/logo.png\",\"contentUrl\":\"https:\/\/3bbiotech.com\/wp-content\/uploads\/2021\/12\/logo.png\",\"width\":120,\"height\":100,\"caption\":\"3B Biotech\"},\"image\":{\"@id\":\"https:\/\/3bbiotech.com\/de\/#\/schema\/logo\/image\/\"}}]}<\/script>\n<!-- \/ Yoast SEO plugin. -->","yoast_head_json":{"title":"Beobachtungs- und Sp\u00e4tphasenstudien | 3B Biotech","description":"Erfahren Sie mehr \u00fcber die Bedeutung und den Nutzen von Patient Support Programs (PSP) bei der Unterst\u00fctzung von Patienten bei der korrekten","robots":{"index":"index","follow":"follow","max-snippet":"max-snippet:-1","max-image-preview":"max-image-preview:large","max-video-preview":"max-video-preview:-1"},"canonical":"https:\/\/3bbiotech.com\/de\/beobachtungs-und-spaetphasenstudien\/patient-support-programme\/","og_locale":"de_DE","og_type":"article","og_title":"Beobachtungs- und Sp\u00e4tphasenstudien | 3B Biotech","og_description":"Erfahren Sie mehr \u00fcber die Bedeutung und den Nutzen von Patient Support Programs (PSP) bei der Unterst\u00fctzung von Patienten bei der korrekten","og_url":"https:\/\/3bbiotech.com\/de\/beobachtungs-und-spaetphasenstudien\/patient-support-programme\/","og_site_name":"3B Biotech","article_modified_time":"2025-03-17T15:52:57+00:00","og_image":[{"width":1920,"height":650,"url":"https:\/\/3bbiotech.com\/wp-content\/uploads\/2022\/05\/clinical-observational-research-def.jpg","type":"image\/jpeg"}],"twitter_card":"summary_large_image","twitter_misc":{"Gesch\u00e4tzte Lesezeit":"3\u00a0Minuten"},"schema":{"@context":"https:\/\/schema.org","@graph":[{"@type":"WebPage","@id":"https:\/\/3bbiotech.com\/de\/beobachtungs-und-spaetphasenstudien\/patient-support-programme\/","url":"https:\/\/3bbiotech.com\/de\/beobachtungs-und-spaetphasenstudien\/patient-support-programme\/","name":"Beobachtungs- und Sp\u00e4tphasenstudien | 3B Biotech","isPartOf":{"@id":"https:\/\/3bbiotech.com\/de\/#website"},"primaryImageOfPage":{"@id":"https:\/\/3bbiotech.com\/de\/beobachtungs-und-spaetphasenstudien\/patient-support-programme\/#primaryimage"},"image":{"@id":"https:\/\/3bbiotech.com\/de\/beobachtungs-und-spaetphasenstudien\/patient-support-programme\/#primaryimage"},"thumbnailUrl":"https:\/\/3bbiotech.com\/wp-content\/uploads\/2022\/05\/clinical-observational-research-def.jpg","datePublished":"2022-05-16T13:15:17+00:00","dateModified":"2025-03-17T15:52:57+00:00","description":"Erfahren Sie mehr \u00fcber die Bedeutung und den Nutzen von Patient Support Programs (PSP) bei der Unterst\u00fctzung von Patienten bei der korrekten","breadcrumb":{"@id":"https:\/\/3bbiotech.com\/de\/beobachtungs-und-spaetphasenstudien\/patient-support-programme\/#breadcrumb"},"inLanguage":"de","potentialAction":[{"@type":"ReadAction","target":["https:\/\/3bbiotech.com\/de\/beobachtungs-und-spaetphasenstudien\/patient-support-programme\/"]}]},{"@type":"ImageObject","inLanguage":"de","@id":"https:\/\/3bbiotech.com\/de\/beobachtungs-und-spaetphasenstudien\/patient-support-programme\/#primaryimage","url":"https:\/\/3bbiotech.com\/wp-content\/uploads\/2022\/05\/clinical-observational-research-def.jpg","contentUrl":"https:\/\/3bbiotech.com\/wp-content\/uploads\/2022\/05\/clinical-observational-research-def.jpg","width":1920,"height":650},{"@type":"BreadcrumbList","@id":"https:\/\/3bbiotech.com\/de\/beobachtungs-und-spaetphasenstudien\/patient-support-programme\/#breadcrumb","itemListElement":[{"@type":"ListItem","position":1,"name":"Home","item":"https:\/\/3bbiotech.com\/de\/"},{"@type":"ListItem","position":2,"name":"Beobachtungs- und Sp\u00e4tphasenstudien","item":"https:\/\/3bbiotech.com\/de\/observational-and-late-phase-research\/"},{"@type":"ListItem","position":3,"name":"PATIENT SUPPORT PROGRAMME"}]},{"@type":"WebSite","@id":"https:\/\/3bbiotech.com\/de\/#website","url":"https:\/\/3bbiotech.com\/de\/","name":"3B Biotech","description":"Biotech Research","publisher":{"@id":"https:\/\/3bbiotech.com\/de\/#organization"},"potentialAction":[{"@type":"SearchAction","target":{"@type":"EntryPoint","urlTemplate":"https:\/\/3bbiotech.com\/de\/?s={search_term_string}"},"query-input":{"@type":"PropertyValueSpecification","valueRequired":true,"valueName":"search_term_string"}}],"inLanguage":"de"},{"@type":"Organization","@id":"https:\/\/3bbiotech.com\/de\/#organization","name":"3B Biotech","url":"https:\/\/3bbiotech.com\/de\/","logo":{"@type":"ImageObject","inLanguage":"de","@id":"https:\/\/3bbiotech.com\/de\/#\/schema\/logo\/image\/","url":"https:\/\/3bbiotech.com\/wp-content\/uploads\/2021\/12\/logo.png","contentUrl":"https:\/\/3bbiotech.com\/wp-content\/uploads\/2021\/12\/logo.png","width":120,"height":100,"caption":"3B Biotech"},"image":{"@id":"https:\/\/3bbiotech.com\/de\/#\/schema\/logo\/image\/"}}]}},"_links":{"self":[{"href":"https:\/\/3bbiotech.com\/de\/wp-json\/wp\/v2\/pages\/2850","targetHints":{"allow":["GET"]}}],"collection":[{"href":"https:\/\/3bbiotech.com\/de\/wp-json\/wp\/v2\/pages"}],"about":[{"href":"https:\/\/3bbiotech.com\/de\/wp-json\/wp\/v2\/types\/page"}],"author":[{"embeddable":true,"href":"https:\/\/3bbiotech.com\/de\/wp-json\/wp\/v2\/users\/1"}],"replies":[{"embeddable":true,"href":"https:\/\/3bbiotech.com\/de\/wp-json\/wp\/v2\/comments?post=2850"}],"version-history":[{"count":2,"href":"https:\/\/3bbiotech.com\/de\/wp-json\/wp\/v2\/pages\/2850\/revisions"}],"predecessor-version":[{"id":3198,"href":"https:\/\/3bbiotech.com\/de\/wp-json\/wp\/v2\/pages\/2850\/revisions\/3198"}],"up":[{"embeddable":true,"href":"https:\/\/3bbiotech.com\/de\/wp-json\/wp\/v2\/pages\/2844"}],"wp:featuredmedia":[{"embeddable":true,"href":"https:\/\/3bbiotech.com\/de\/wp-json\/wp\/v2\/media\/2787"}],"wp:attachment":[{"href":"https:\/\/3bbiotech.com\/de\/wp-json\/wp\/v2\/media?parent=2850"}],"wp:term":[{"taxonomy":"category","embeddable":true,"href":"https:\/\/3bbiotech.com\/de\/wp-json\/wp\/v2\/categories?post=2850"},{"taxonomy":"post_tag","embeddable":true,"href":"https:\/\/3bbiotech.com\/de\/wp-json\/wp\/v2\/tags?post=2850"}],"curies":[{"name":"wp","href":"https:\/\/api.w.org\/{rel}","templated":true}]}}