{"id":2840,"date":"2021-12-06T08:54:49","date_gmt":"2021-12-06T07:54:49","guid":{"rendered":"https:\/\/3bbiotech.com\/privacy-policy\/"},"modified":"2023-11-28T14:24:25","modified_gmt":"2023-11-28T13:24:25","slug":"privacy-policy","status":"publish","type":"page","link":"https:\/\/3bbiotech.com\/de\/privacy-policy\/","title":{"rendered":"Privacy policy"},"content":{"rendered":"\t\t<div data-elementor-type=\"wp-page\" data-elementor-id=\"2840\" class=\"elementor elementor-2840 elementor-3\">\n\t\t\t\t\t\t<section class=\"elementor-section elementor-top-section elementor-element elementor-element-59d660a2 elementor-section-boxed elementor-section-height-default elementor-section-height-default\" data-id=\"59d660a2\" data-element_type=\"section\" data-e-type=\"section\">\n\t\t\t\t\t\t<div class=\"elementor-container elementor-column-gap-default\">\n\t\t\t\t\t<div class=\"elementor-column elementor-col-100 elementor-top-column elementor-element elementor-element-60e0a897\" data-id=\"60e0a897\" data-element_type=\"column\" data-e-type=\"column\">\n\t\t\t<div class=\"elementor-widget-wrap elementor-element-populated\">\n\t\t\t\t\t\t<div class=\"elementor-element elementor-element-b60e1de elementor-widget elementor-widget-heading\" data-id=\"b60e1de\" data-element_type=\"widget\" data-e-type=\"widget\" data-widget_type=\"heading.default\">\n\t\t\t\t<div class=\"elementor-widget-container\">\n\t\t\t\t\t<h1 class=\"elementor-heading-title elementor-size-default\">Privacy Policy<\/h1>\t\t\t\t<\/div>\n\t\t\t\t<\/div>\n\t\t\t\t<div class=\"elementor-element elementor-element-18740cf1 elementor-widget__width-initial elementor-widget elementor-widget-text-editor\" data-id=\"18740cf1\" data-element_type=\"widget\" data-e-type=\"widget\" data-widget_type=\"text-editor.default\">\n\t\t\t\t<div class=\"elementor-widget-container\">\n\t\t\t\t\t\t\t\t\t<p>Diese Datenschutzerkl\u00e4rung (<strong>\u201eDatenschutzerkl\u00e4rung<\/strong>\u201e) entspricht den Bestimmungen des Bundesdatenschutzgesetzes (<strong>\u201eLPD<\/strong>\u201e). Diese Richtlinie informiert in angemessener und transparenter Weise \u00fcber die Verarbeitung Ihrer Daten durch den f\u00fcr die Verarbeitung Verantwortlichen (im Folgenden \u201eVerantwortlicher\u201c), der insbesondere \u00fcber unsere Website mit uns kommuniziert oder in irgendeiner Weise mit uns interagiert.<\/p><h2>DEFINITIONEN:<\/h2><p><u>Betroffene Person<\/u>: die nat\u00fcrliche Person, deren personenbezogene Daten verarbeitet werden;<\/p><p><u>Personenbezogene Daten<\/u>: alle Informationen \u00fcber eine bestimmte oder bestimmbare nat\u00fcrliche Person;<\/p><p><u>Besonders sch\u00fctzenswerte personenbezogene Daten<\/u>: (i) Daten \u00fcber religi\u00f6se, weltanschauliche, politische oder gewerkschaftliche \u00dcberzeugungen oder T\u00e4tigkeiten, (ii) Daten \u00fcber Gesundheit, Intimsph\u00e4re oder rassische oder ethnische Herkunft, (iii) genetische Daten, (iv) biometrische Daten zur eindeutigen Identifizierung einer nat\u00fcrlichen Person, (v) Daten \u00fcber verwaltungsrechtliche und strafrechtliche Verfolgungen und Sanktionen, (vi) Daten \u00fcber Sozialhilfema\u00dfnahmen.<\/p><p><u>Verarbeitung<\/u>: jeder Vorgang, der personenbezogene Daten betrifft, unabh\u00e4ngig von den verwendeten Mitteln und Verfahren, insbesondere das Erheben, das Speichern, die Aufbewahrung, die Nutzung, die Ver\u00e4nderung, die \u00dcbermittlung, die Aufbewahrung, die L\u00f6schung oder die Zug\u00e4nglichmachung;<\/p><p><u>\u00dcbermittlung<\/u>: die \u00dcbermittlung personenbezogener Daten oder die Zug\u00e4nglichmachung dieser Daten;<\/p><p>F\u00fcr die\u00a0<u>Datenverarbeitung<\/u>\u00a0Verantwortlicher: die Privatperson, die allein oder gemeinsam mit anderen \u00fcber den Zweck und die Mittel der Verarbeitung entscheidet;<\/p><p>F\u00fcr die\u00a0<u>Verarbeitung<\/u>\u00a0Verantwortlicher: die Privatperson, die personenbezogene Daten im Auftrag des f\u00fcr die Verarbeitung Verantwortlichen verarbeitet.<\/p><h2>F\u00dcR DIE DATENVERARBEITUNG VERANTWORTLICH:<\/h2><p>Das Unternehmen, das die personenbezogenen Daten der Nutzer verarbeitet, ist <strong>3B Biotech Research SAGL<\/strong><strong>\u00a0<\/strong>eine Gesellschaft schweizerischen Rechts (CHE-306.517.065) mit Sitz in der Balerna Via Sottobisio 30 \u2013 6828 (CH) Switzerland.<\/p><p>Der f\u00fcr die Datenverarbeitung Verantwortliche betreibt die Website https:\/\/3bbiotech.com\/.<\/p><p>Die Kontaktdaten des f\u00fcr die Datenverarbeitung Verantwortlichen lauten wie folgt:<\/p><p><a href=\"tel:+41 (0) 91 6957542\">+41 (0) 91 6957542<\/a><br \/><a href=\"mailto:privacy@3bbiotech.com\">privacy@3bbiotech.com<\/a><\/p><h2>SICHERHEIT DER PERSONENBEZOGENEN DATEN<\/h2><p>Der f\u00fcr die Verarbeitung Verantwortliche verpflichtet sich, im Einklang mit seinen gesetzlichen und vertraglichen Verpflichtungen geeignete technische und organisatorische Sicherheitsma\u00dfnahmen zu treffen, um die personenbezogenen Daten der betroffenen Person zu sch\u00fctzen. Als f\u00fcr die Verarbeitung Verantwortlicher verpflichten wir uns, die getroffenen Sicherheitsma\u00dfnahmen regelm\u00e4\u00dfig zu \u00fcberpr\u00fcfen, um sie an den Lauf der Zeit und die Entwicklung der Technik anzupassen. Die \u00dcbermittlung von Informationen \u00fcber ein offenes Netz wie das Internet oder andere elektronische Kommunikationsmittel birgt jedoch gewisse Sicherheitsrisiken; es ist daher nicht m\u00f6glich, die Sicherheit der auf diese Weise \u00fcbermittelten Informationen absolut zu gew\u00e4hrleisten, mit anderen Worten, es ist nicht m\u00f6glich, ein \u201eNull-Risiko\u201c zu gew\u00e4hrleisten.<\/p><h2>ZWECK DER VERARBEITUNG UND KATEGORIEN VON PERSONENBEZOGENEN DATEN<\/h2><p>Kontaktformulare und Korrespondenz<\/p><p>Die personenbezogenen Daten des Nutzers, die dieser \u00fcber die Formulare der Website und die verschiedenen und \u00fcblichen Kommunikationsmittel mitteilt, werden zu dem Zweck verarbeitet, die Anfragen der betroffenen Person nach Informationen \u00fcber Produkte und Dienstleistungen zu bearbeiten.<\/p><p>Folgende Daten k\u00f6nnen verarbeitet werden: (i) Vor- und Nachname, (ii) Anschrift, (iii) E-Mail-Adresse, (iv) Telefonnummer, (v) Staatsangeh\u00f6rigkeit, \u2026<\/p><p>Der f\u00fcr die Verarbeitung Verantwortliche bewahrt die Daten des Nutzers so lange auf, bis der Zweck der Verarbeitung erreicht ist oder nicht mehr erreicht werden kann, vorbehaltlich der unten erl\u00e4uterten Rechte der betroffenen Person.<\/p><h2>Cookies und Navigationsdaten<\/h2><p>Diese Website verwendet Cookies, um Ihr Surferlebnis zu verbessern. Cookies sind Textdateien von minimaler Gr\u00f6\u00dfe, die auf unserer Website installiert und f\u00fcr sp\u00e4tere Besuche aufbewahrt werden. Sie erm\u00f6glichen es uns, Informationen \u00fcber die Aktivit\u00e4t des Benutzers auf einer bestimmten Webseite zu erhalten, ein Benutzerprofil zu erstellen, den Verkehr auf der Website zu analysieren und dem Benutzer ein personalisiertes Angebot an Werbung oder Inhalten zu machen. Der Nutzer kann der Verwendung aller installierten Cookies \u00fcber die Schaltfl\u00e4che \u201eAlle akzeptieren\u201c zustimmen oder sie \u00fcber die Schaltfl\u00e4che \u201eAlle ablehnen\u201c ablehnen oder \u00fcber die Schaltfl\u00e4che \u201eAnpassen\u201c oder \u00fcber das Popup-Fenster, das \u00fcber das Symbol auf allen Seiten der Website unten links aktiviert werden kann, seine Pr\u00e4ferenzen festlegen.<\/p><p><picture class=\"alignnone size-full wp-image-2495\"><img decoding=\"async\" src=\"https:\/\/www.wgroup.ch\/wp-content\/uploads\/2023\/09\/cookie-yes.png\" alt=\"\" width=\"60\" height=\"59\" \/><\/picture><\/p><h2>KATEGORIEN VON EMPF\u00c4NGERN DER VERARBEITUNG<\/h2><p>Um die oben genannten Zwecke der Verarbeitung zu erreichen, kann der f\u00fcr die Verarbeitung Verantwortliche Ihre personenbezogenen Daten an bestimmte Kategorien von Empf\u00e4ngern der Verarbeitung \u00fcbermitteln, die wie folgt aufgef\u00fchrt werden k\u00f6nnen:<\/p><ul><li>Gesch\u00e4ftspartner;<\/li><li>Juristische Personen, die mit der Beratung und Verwaltung der Website betraut sind;<\/li><li>Einrichtungen, die Telekommunikationsdienste (einschlie\u00dflich E-Mail-Dienste) erbringen;<\/li><li>Verantwortliche f\u00fcr den Newsletter-Versanddienst;<\/li><li>Die zust\u00e4ndigen Beh\u00f6rden, an die die Daten aufgrund gesetzlicher und vertraglicher Verpflichtungen \u00fcbermittelt werden m\u00fcssen.<\/li><\/ul><h2>KOMMUNIKATION IM AUSLAND<\/h2><p>Grunds\u00e4tzlich werden die personenbezogenen Daten der betroffenen Person von dem f\u00fcr die Verarbeitung Verantwortlichen und seinen Hilfspersonen bzw. den oben genannten Empf\u00e4ngern der Verarbeitung verarbeitet.<\/p><p>Die Daten des Nutzers k\u00f6nnen jedoch ins Ausland weitergegeben werden, wenn der Zweck der Verarbeitung dies erfordert und der f\u00fcr die Verarbeitung Verantwortliche sich vergewissert hat, dass in dem Land, in das die Daten weitergegeben werden, ein angemessenes Schutzsystem besteht (siehe Anhang 1 der Bundesdatenschutzverordnung). Der f\u00fcr die Verarbeitung Verantwortliche verpflichtet sich, den Inhalt des genannten Anhangs regelm\u00e4\u00dfig zu \u00fcberpr\u00fcfen.<\/p><h2>RECHTE DER BETROFFENEN PERSON<\/h2><p>Der betroffenen Person werden die folgenden Rechte garantiert (nicht ersch\u00f6pfende Liste), die jederzeit durch einen schriftlichen Antrag an die oben angegebenen Kontaktdaten des f\u00fcr die Datenverarbeitung Verantwortlichen ausge\u00fcbt werden k\u00f6nnen:<\/p><ul><li>Sie k\u00f6nnen sich jederzeit kostenlos \u00fcber die von uns verarbeiteten personenbezogenen Daten informieren und von uns in einem lesbaren Format die \u00fcbermittelten personenbezogenen Daten erhalten.<\/li><li>Wenn wir Ihre unvollst\u00e4ndigen oder unrichtigen personenbezogenen Daten verarbeiten, k\u00f6nnen Sie diese jederzeit berichtigen lassen und \u00fcber das Berichtigungsverfahren informiert werden. Sofern dies nicht mit einem unverh\u00e4ltnism\u00e4\u00dfigen Aufwand verbunden ist, werden auch die Empf\u00e4nger \u00fcber die Berichtigung ihrer personenbezogenen Daten informiert.<\/li><li>Sie haben das Recht, von dem f\u00fcr die Verarbeitung Verantwortlichen die L\u00f6schung der verarbeiteten personenbezogenen Daten zu verlangen sowie deren Beschr\u00e4nkung auf das f\u00fcr den Zweck der Verarbeitung erforderliche Ma\u00df zu verlangen.<\/li><\/ul><p>Wir verpflichten uns, jedem Ersuchen der betreffenden Person unverz\u00fcglich nachzukommen, in jedem Fall aber innerhalb einer Frist von 30 Tagen nach Erhalt der f\u00fcr die Erf\u00fcllung des Ersuchens erforderlichen Unterlagen.<\/p><h2>AKTUELLE VERSION, \u00c4NDERUNGEN UND AKTUALISIERUNGEN<\/h2><p>Um sicherzustellen, dass unsere Politik stets den geltenden gesetzlichen Bestimmungen entspricht, behalten wir uns das Recht vor, jederzeit \u00c4nderungen vorzunehmen.<\/p><p><u>Letzte Aktualisierung<\/u>: 11. September 2023.<\/p>\t\t\t\t\t\t\t\t<\/div>\n\t\t\t\t<\/div>\n\t\t\t\t\t<\/div>\n\t\t<\/div>\n\t\t\t\t\t<\/div>\n\t\t<\/section>\n\t\t\t\t<\/div>\n\t\t","protected":false},"excerpt":{"rendered":"<p>Privacy Policy Diese Datenschutzerkl\u00e4rung (\u201eDatenschutzerkl\u00e4rung\u201e) entspricht den Bestimmungen des Bundesdatenschutzgesetzes (\u201eLPD\u201e). Diese Richtlinie informiert in angemessener und transparenter Weise \u00fcber die Verarbeitung Ihrer Daten durch den f\u00fcr die Verarbeitung Verantwortlichen (im Folgenden \u201eVerantwortlicher\u201c), der insbesondere \u00fcber unsere Website mit uns kommuniziert oder in irgendeiner Weise mit uns interagiert. DEFINITIONEN: Betroffene Person: die nat\u00fcrliche Person, deren &#8230; <a title=\"Privacy policy\" class=\"read-more\" href=\"https:\/\/3bbiotech.com\/de\/privacy-policy\/\" aria-label=\"Read more about Privacy policy\">Weiterlesen<\/a><\/p>\n","protected":false},"author":1,"featured_media":0,"parent":0,"menu_order":0,"comment_status":"closed","ping_status":"open","template":"","meta":{"content-type":"","footnotes":""},"categories":[],"tags":[],"class_list":["post-2840","page","type-page","status-publish"],"yoast_head":"<!-- This site is optimized with the Yoast SEO plugin v27.0 - https:\/\/yoast.com\/product\/yoast-seo-wordpress\/ -->\n<title>Privacy policy - 3B Biotech<\/title>\n<meta name=\"robots\" content=\"index, follow, max-snippet:-1, max-image-preview:large, max-video-preview:-1\" \/>\n<link rel=\"canonical\" href=\"https:\/\/3bbiotech.com\/de\/privacy-policy\/\" \/>\n<meta property=\"og:locale\" content=\"de_DE\" \/>\n<meta property=\"og:type\" content=\"article\" \/>\n<meta property=\"og:title\" content=\"Privacy policy - 3B Biotech\" \/>\n<meta property=\"og:description\" content=\"Privacy Policy Diese Datenschutzerkl\u00e4rung (\u201eDatenschutzerkl\u00e4rung\u201e) entspricht den Bestimmungen des Bundesdatenschutzgesetzes (\u201eLPD\u201e). Diese Richtlinie informiert in angemessener und transparenter Weise \u00fcber die Verarbeitung Ihrer Daten durch den f\u00fcr die Verarbeitung Verantwortlichen (im Folgenden \u201eVerantwortlicher\u201c), der insbesondere \u00fcber unsere Website mit uns kommuniziert oder in irgendeiner Weise mit uns interagiert. DEFINITIONEN: Betroffene Person: die nat\u00fcrliche Person, deren ... Weiterlesen\" \/>\n<meta property=\"og:url\" content=\"https:\/\/3bbiotech.com\/de\/privacy-policy\/\" \/>\n<meta property=\"og:site_name\" content=\"3B Biotech\" \/>\n<meta property=\"article:modified_time\" content=\"2023-11-28T13:24:25+00:00\" \/>\n<meta property=\"og:image\" content=\"https:\/\/www.wgroup.ch\/wp-content\/uploads\/2023\/09\/cookie-yes.png\" \/>\n<meta name=\"twitter:card\" content=\"summary_large_image\" \/>\n<meta name=\"twitter:label1\" content=\"Gesch\u00e4tzte Lesezeit\" \/>\n\t<meta name=\"twitter:data1\" content=\"6\u00a0Minuten\" \/>\n<script type=\"application\/ld+json\" class=\"yoast-schema-graph\">{\"@context\":\"https:\/\/schema.org\",\"@graph\":[{\"@type\":\"WebPage\",\"@id\":\"https:\/\/3bbiotech.com\/de\/privacy-policy\/\",\"url\":\"https:\/\/3bbiotech.com\/de\/privacy-policy\/\",\"name\":\"Privacy policy - 3B Biotech\",\"isPartOf\":{\"@id\":\"https:\/\/3bbiotech.com\/de\/#website\"},\"primaryImageOfPage\":{\"@id\":\"https:\/\/3bbiotech.com\/de\/privacy-policy\/#primaryimage\"},\"image\":{\"@id\":\"https:\/\/3bbiotech.com\/de\/privacy-policy\/#primaryimage\"},\"thumbnailUrl\":\"https:\/\/www.wgroup.ch\/wp-content\/uploads\/2023\/09\/cookie-yes.png\",\"datePublished\":\"2021-12-06T07:54:49+00:00\",\"dateModified\":\"2023-11-28T13:24:25+00:00\",\"breadcrumb\":{\"@id\":\"https:\/\/3bbiotech.com\/de\/privacy-policy\/#breadcrumb\"},\"inLanguage\":\"de\",\"potentialAction\":[{\"@type\":\"ReadAction\",\"target\":[\"https:\/\/3bbiotech.com\/de\/privacy-policy\/\"]}]},{\"@type\":\"ImageObject\",\"inLanguage\":\"de\",\"@id\":\"https:\/\/3bbiotech.com\/de\/privacy-policy\/#primaryimage\",\"url\":\"https:\/\/www.wgroup.ch\/wp-content\/uploads\/2023\/09\/cookie-yes.png\",\"contentUrl\":\"https:\/\/www.wgroup.ch\/wp-content\/uploads\/2023\/09\/cookie-yes.png\"},{\"@type\":\"BreadcrumbList\",\"@id\":\"https:\/\/3bbiotech.com\/de\/privacy-policy\/#breadcrumb\",\"itemListElement\":[{\"@type\":\"ListItem\",\"position\":1,\"name\":\"Home\",\"item\":\"https:\/\/3bbiotech.com\/de\/\"},{\"@type\":\"ListItem\",\"position\":2,\"name\":\"Privacy policy\"}]},{\"@type\":\"WebSite\",\"@id\":\"https:\/\/3bbiotech.com\/de\/#website\",\"url\":\"https:\/\/3bbiotech.com\/de\/\",\"name\":\"3B Biotech\",\"description\":\"Biotech Research\",\"publisher\":{\"@id\":\"https:\/\/3bbiotech.com\/de\/#organization\"},\"potentialAction\":[{\"@type\":\"SearchAction\",\"target\":{\"@type\":\"EntryPoint\",\"urlTemplate\":\"https:\/\/3bbiotech.com\/de\/?s={search_term_string}\"},\"query-input\":{\"@type\":\"PropertyValueSpecification\",\"valueRequired\":true,\"valueName\":\"search_term_string\"}}],\"inLanguage\":\"de\"},{\"@type\":\"Organization\",\"@id\":\"https:\/\/3bbiotech.com\/de\/#organization\",\"name\":\"3B Biotech\",\"url\":\"https:\/\/3bbiotech.com\/de\/\",\"logo\":{\"@type\":\"ImageObject\",\"inLanguage\":\"de\",\"@id\":\"https:\/\/3bbiotech.com\/de\/#\/schema\/logo\/image\/\",\"url\":\"https:\/\/3bbiotech.com\/wp-content\/uploads\/2021\/12\/logo.png\",\"contentUrl\":\"https:\/\/3bbiotech.com\/wp-content\/uploads\/2021\/12\/logo.png\",\"width\":120,\"height\":100,\"caption\":\"3B Biotech\"},\"image\":{\"@id\":\"https:\/\/3bbiotech.com\/de\/#\/schema\/logo\/image\/\"}}]}<\/script>\n<!-- \/ Yoast SEO plugin. -->","yoast_head_json":{"title":"Privacy policy - 3B Biotech","robots":{"index":"index","follow":"follow","max-snippet":"max-snippet:-1","max-image-preview":"max-image-preview:large","max-video-preview":"max-video-preview:-1"},"canonical":"https:\/\/3bbiotech.com\/de\/privacy-policy\/","og_locale":"de_DE","og_type":"article","og_title":"Privacy policy - 3B Biotech","og_description":"Privacy Policy Diese Datenschutzerkl\u00e4rung (\u201eDatenschutzerkl\u00e4rung\u201e) entspricht den Bestimmungen des Bundesdatenschutzgesetzes (\u201eLPD\u201e). Diese Richtlinie informiert in angemessener und transparenter Weise \u00fcber die Verarbeitung Ihrer Daten durch den f\u00fcr die Verarbeitung Verantwortlichen (im Folgenden \u201eVerantwortlicher\u201c), der insbesondere \u00fcber unsere Website mit uns kommuniziert oder in irgendeiner Weise mit uns interagiert. DEFINITIONEN: Betroffene Person: die nat\u00fcrliche Person, deren ... Weiterlesen","og_url":"https:\/\/3bbiotech.com\/de\/privacy-policy\/","og_site_name":"3B Biotech","article_modified_time":"2023-11-28T13:24:25+00:00","og_image":[{"url":"https:\/\/www.wgroup.ch\/wp-content\/uploads\/2023\/09\/cookie-yes.png","type":"","width":"","height":""}],"twitter_card":"summary_large_image","twitter_misc":{"Gesch\u00e4tzte Lesezeit":"6\u00a0Minuten"},"schema":{"@context":"https:\/\/schema.org","@graph":[{"@type":"WebPage","@id":"https:\/\/3bbiotech.com\/de\/privacy-policy\/","url":"https:\/\/3bbiotech.com\/de\/privacy-policy\/","name":"Privacy policy - 3B Biotech","isPartOf":{"@id":"https:\/\/3bbiotech.com\/de\/#website"},"primaryImageOfPage":{"@id":"https:\/\/3bbiotech.com\/de\/privacy-policy\/#primaryimage"},"image":{"@id":"https:\/\/3bbiotech.com\/de\/privacy-policy\/#primaryimage"},"thumbnailUrl":"https:\/\/www.wgroup.ch\/wp-content\/uploads\/2023\/09\/cookie-yes.png","datePublished":"2021-12-06T07:54:49+00:00","dateModified":"2023-11-28T13:24:25+00:00","breadcrumb":{"@id":"https:\/\/3bbiotech.com\/de\/privacy-policy\/#breadcrumb"},"inLanguage":"de","potentialAction":[{"@type":"ReadAction","target":["https:\/\/3bbiotech.com\/de\/privacy-policy\/"]}]},{"@type":"ImageObject","inLanguage":"de","@id":"https:\/\/3bbiotech.com\/de\/privacy-policy\/#primaryimage","url":"https:\/\/www.wgroup.ch\/wp-content\/uploads\/2023\/09\/cookie-yes.png","contentUrl":"https:\/\/www.wgroup.ch\/wp-content\/uploads\/2023\/09\/cookie-yes.png"},{"@type":"BreadcrumbList","@id":"https:\/\/3bbiotech.com\/de\/privacy-policy\/#breadcrumb","itemListElement":[{"@type":"ListItem","position":1,"name":"Home","item":"https:\/\/3bbiotech.com\/de\/"},{"@type":"ListItem","position":2,"name":"Privacy policy"}]},{"@type":"WebSite","@id":"https:\/\/3bbiotech.com\/de\/#website","url":"https:\/\/3bbiotech.com\/de\/","name":"3B Biotech","description":"Biotech Research","publisher":{"@id":"https:\/\/3bbiotech.com\/de\/#organization"},"potentialAction":[{"@type":"SearchAction","target":{"@type":"EntryPoint","urlTemplate":"https:\/\/3bbiotech.com\/de\/?s={search_term_string}"},"query-input":{"@type":"PropertyValueSpecification","valueRequired":true,"valueName":"search_term_string"}}],"inLanguage":"de"},{"@type":"Organization","@id":"https:\/\/3bbiotech.com\/de\/#organization","name":"3B Biotech","url":"https:\/\/3bbiotech.com\/de\/","logo":{"@type":"ImageObject","inLanguage":"de","@id":"https:\/\/3bbiotech.com\/de\/#\/schema\/logo\/image\/","url":"https:\/\/3bbiotech.com\/wp-content\/uploads\/2021\/12\/logo.png","contentUrl":"https:\/\/3bbiotech.com\/wp-content\/uploads\/2021\/12\/logo.png","width":120,"height":100,"caption":"3B Biotech"},"image":{"@id":"https:\/\/3bbiotech.com\/de\/#\/schema\/logo\/image\/"}}]}},"_links":{"self":[{"href":"https:\/\/3bbiotech.com\/de\/wp-json\/wp\/v2\/pages\/2840","targetHints":{"allow":["GET"]}}],"collection":[{"href":"https:\/\/3bbiotech.com\/de\/wp-json\/wp\/v2\/pages"}],"about":[{"href":"https:\/\/3bbiotech.com\/de\/wp-json\/wp\/v2\/types\/page"}],"author":[{"embeddable":true,"href":"https:\/\/3bbiotech.com\/de\/wp-json\/wp\/v2\/users\/1"}],"replies":[{"embeddable":true,"href":"https:\/\/3bbiotech.com\/de\/wp-json\/wp\/v2\/comments?post=2840"}],"version-history":[{"count":10,"href":"https:\/\/3bbiotech.com\/de\/wp-json\/wp\/v2\/pages\/2840\/revisions"}],"predecessor-version":[{"id":3769,"href":"https:\/\/3bbiotech.com\/de\/wp-json\/wp\/v2\/pages\/2840\/revisions\/3769"}],"wp:attachment":[{"href":"https:\/\/3bbiotech.com\/de\/wp-json\/wp\/v2\/media?parent=2840"}],"wp:term":[{"taxonomy":"category","embeddable":true,"href":"https:\/\/3bbiotech.com\/de\/wp-json\/wp\/v2\/categories?post=2840"},{"taxonomy":"post_tag","embeddable":true,"href":"https:\/\/3bbiotech.com\/de\/wp-json\/wp\/v2\/tags?post=2840"}],"curies":[{"name":"wp","href":"https:\/\/api.w.org\/{rel}","templated":true}]}}