{"id":2830,"date":"2022-03-14T11:45:40","date_gmt":"2022-03-14T10:45:40","guid":{"rendered":"https:\/\/3bbiotech.com\/global-cro\/"},"modified":"2025-03-17T16:49:03","modified_gmt":"2025-03-17T15:49:03","slug":"globales-auftragsforschungsinstitut","status":"publish","type":"page","link":"https:\/\/3bbiotech.com\/de\/globales-auftragsforschungsinstitut\/","title":{"rendered":"Globales Auftragsforschungsinstitut (CRO)"},"content":{"rendered":"\t\t<div data-elementor-type=\"wp-page\" data-elementor-id=\"2830\" class=\"elementor elementor-2830 elementor-595\">\n\t\t\t\t\t\t<section class=\"elementor-section elementor-top-section elementor-element elementor-element-209740f elementor-section-stretched intro-page elementor-section-full_width elementor-section-height-default elementor-section-height-default\" data-id=\"209740f\" data-element_type=\"section\" data-e-type=\"section\" data-settings=\"{&quot;stretch_section&quot;:&quot;section-stretched&quot;}\">\n\t\t\t\t\t\t<div class=\"elementor-container elementor-column-gap-default\">\n\t\t\t\t\t<div class=\"elementor-column elementor-col-100 elementor-top-column elementor-element elementor-element-4a5cff5\" data-id=\"4a5cff5\" data-element_type=\"column\" data-e-type=\"column\">\n\t\t\t<div class=\"elementor-widget-wrap elementor-element-populated\">\n\t\t\t\t\t\t<section class=\"elementor-section elementor-inner-section elementor-element elementor-element-592fd4e elementor-section-full_width elementor-section-height-default elementor-section-height-default\" data-id=\"592fd4e\" data-element_type=\"section\" data-e-type=\"section\">\n\t\t\t\t\t\t<div class=\"elementor-container elementor-column-gap-default\">\n\t\t\t\t\t<div class=\"elementor-column elementor-col-50 elementor-inner-column elementor-element elementor-element-16769fe animated-slow elementor-invisible\" data-id=\"16769fe\" data-element_type=\"column\" data-e-type=\"column\" data-settings=\"{&quot;animation&quot;:&quot;fadeInUp&quot;}\">\n\t\t\t<div class=\"elementor-widget-wrap elementor-element-populated\">\n\t\t\t\t\t\t<div class=\"elementor-element elementor-element-5eea623 elementor-widget elementor-widget-shortcode\" data-id=\"5eea623\" data-element_type=\"widget\" data-e-type=\"widget\" data-widget_type=\"shortcode.default\">\n\t\t\t\t<div class=\"elementor-widget-container\">\n\t\t\t\t\t\t\t<div class=\"elementor-shortcode\"><span><span><a href=\"https:\/\/3bbiotech.com\/de\/\">Home<\/a><\/span><\/span><\/div>\n\t\t\t\t\t\t<\/div>\n\t\t\t\t<\/div>\n\t\t\t\t\t<\/div>\n\t\t<\/div>\n\t\t\t\t<div class=\"elementor-column elementor-col-50 elementor-inner-column elementor-element elementor-element-25ffdcd animated-slow elementor-invisible\" data-id=\"25ffdcd\" data-element_type=\"column\" data-e-type=\"column\" data-settings=\"{&quot;animation&quot;:&quot;fadeInUp&quot;,&quot;animation_delay&quot;:500}\">\n\t\t\t<div class=\"elementor-widget-wrap elementor-element-populated\">\n\t\t\t\t\t\t<div class=\"elementor-element elementor-element-f49dd49 elementor-widget elementor-widget-heading\" data-id=\"f49dd49\" data-element_type=\"widget\" data-e-type=\"widget\" data-widget_type=\"heading.default\">\n\t\t\t\t<div class=\"elementor-widget-container\">\n\t\t\t\t\t<h1 class=\"elementor-heading-title elementor-size-default\">DIENSTE DES GLOBALEN AUFTRAGSFORSCHUNGSINSTITUTS (CRO)<\/h1>\t\t\t\t<\/div>\n\t\t\t\t<\/div>\n\t\t\t\t<div class=\"elementor-element elementor-element-ba324c9 elementor-widget elementor-widget-heading\" data-id=\"ba324c9\" data-element_type=\"widget\" data-e-type=\"widget\" data-widget_type=\"heading.default\">\n\t\t\t\t<div class=\"elementor-widget-container\">\n\t\t\t\t\t<h2 class=\"elementor-heading-title elementor-size-default\">3B Biotech ist Ihr einziger Ansprechpartner f\u00fcr alle Aktivit\u00e4ten w\u00e4hrend Ihrer multinationalen klinischen Studie <\/h2>\t\t\t\t<\/div>\n\t\t\t\t<\/div>\n\t\t\t\t\t<\/div>\n\t\t<\/div>\n\t\t\t\t\t<\/div>\n\t\t<\/section>\n\t\t\t\t<div class=\"elementor-element elementor-element-0b87740 animated-slow elementor-invisible elementor-widget elementor-widget-image\" data-id=\"0b87740\" data-element_type=\"widget\" data-e-type=\"widget\" data-settings=\"{&quot;_animation&quot;:&quot;fadeIn&quot;,&quot;_animation_delay&quot;:800}\" data-widget_type=\"image.default\">\n\t\t\t\t<div class=\"elementor-widget-container\">\n\t\t\t\t\t\t\t\t\t\t\t\t\t\t\t<img fetchpriority=\"high\" decoding=\"async\" width=\"1920\" height=\"650\" src=\"https:\/\/3bbiotech.com\/wp-content\/uploads\/2022\/05\/Global-CRO-Services-head-def.jpg\" class=\"attachment-full size-full wp-image-2791\" alt=\"\" srcset=\"https:\/\/3bbiotech.com\/wp-content\/uploads\/2022\/05\/Global-CRO-Services-head-def.jpg 1920w, https:\/\/3bbiotech.com\/wp-content\/uploads\/2022\/05\/Global-CRO-Services-head-def-300x102.jpg 300w, https:\/\/3bbiotech.com\/wp-content\/uploads\/2022\/05\/Global-CRO-Services-head-def-1024x347.jpg 1024w, https:\/\/3bbiotech.com\/wp-content\/uploads\/2022\/05\/Global-CRO-Services-head-def-768x260.jpg 768w, https:\/\/3bbiotech.com\/wp-content\/uploads\/2022\/05\/Global-CRO-Services-head-def-1536x520.jpg 1536w\" sizes=\"(max-width: 1920px) 100vw, 1920px\" \/>\t\t\t\t\t\t\t\t\t\t\t\t\t\t\t<\/div>\n\t\t\t\t<\/div>\n\t\t\t\t<section class=\"elementor-section elementor-inner-section elementor-element elementor-element-f9a566b elementor-section-full_width elementor-section-height-default elementor-section-height-default\" data-id=\"f9a566b\" data-element_type=\"section\" data-e-type=\"section\">\n\t\t\t\t\t\t<div class=\"elementor-container elementor-column-gap-default\">\n\t\t\t\t\t<div class=\"elementor-column elementor-col-100 elementor-inner-column elementor-element elementor-element-a8b282c animated-slow elementor-invisible\" data-id=\"a8b282c\" data-element_type=\"column\" data-e-type=\"column\" data-settings=\"{&quot;animation&quot;:&quot;fadeInUp&quot;,&quot;animation_delay&quot;:500}\">\n\t\t\t<div class=\"elementor-widget-wrap elementor-element-populated\">\n\t\t\t\t\t\t<div class=\"elementor-element elementor-element-166bdad elementor-widget elementor-widget-heading\" data-id=\"166bdad\" data-element_type=\"widget\" data-e-type=\"widget\" data-widget_type=\"heading.default\">\n\t\t\t\t<div class=\"elementor-widget-container\">\n\t\t\t\t\t<h2 class=\"elementor-heading-title elementor-size-default\">Die Verwaltung verschiedener Interessengruppen und die Koordinierung Ihrer internen Fachleute ist keine leichte Aufgabe: Wir sind Ihr einziger Ansprechpartner, um Ihr Entwicklungsprogramm zum wirtschaftlichen Erfolg zu f\u00fchren. Kurze Wege der internen Kommunikation und der enge Kontakt zum Kunden sorgen f\u00fcr effektive und ressourcenschonende Prozesse.<\/h2>\t\t\t\t<\/div>\n\t\t\t\t<\/div>\n\t\t\t\t\t<\/div>\n\t\t<\/div>\n\t\t\t\t\t<\/div>\n\t\t<\/section>\n\t\t\t\t<section class=\"elementor-section elementor-inner-section elementor-element elementor-element-997516e elementor-section-full_width elementor-section-content-middle elementor-section-height-default elementor-section-height-default\" data-id=\"997516e\" data-element_type=\"section\" data-e-type=\"section\">\n\t\t\t\t\t\t<div class=\"elementor-container elementor-column-gap-default\">\n\t\t\t\t\t<div class=\"elementor-column elementor-col-50 elementor-inner-column elementor-element elementor-element-7d2aaaa animated-slow elementor-invisible\" data-id=\"7d2aaaa\" data-element_type=\"column\" data-e-type=\"column\" data-settings=\"{&quot;animation&quot;:&quot;fadeInUp&quot;,&quot;animation_delay&quot;:500}\">\n\t\t\t<div class=\"elementor-widget-wrap elementor-element-populated\">\n\t\t\t\t\t\t<div class=\"elementor-element elementor-element-d1b9ce2 elementor-widget elementor-widget-heading\" data-id=\"d1b9ce2\" data-element_type=\"widget\" data-e-type=\"widget\" data-widget_type=\"heading.default\">\n\t\t\t\t<div class=\"elementor-widget-container\">\n\t\t\t\t\t<h3 class=\"elementor-heading-title elementor-size-default\">Unser Auftragsforschungsinstitut-Netzwerk (CRO-Netzwerk)<\/h3>\t\t\t\t<\/div>\n\t\t\t\t<\/div>\n\t\t\t\t<div class=\"elementor-element elementor-element-819cc31 elementor-widget elementor-widget-text-editor\" data-id=\"819cc31\" data-element_type=\"widget\" data-e-type=\"widget\" data-widget_type=\"text-editor.default\">\n\t\t\t\t<div class=\"elementor-widget-container\">\n\t\t\t\t\t\t\t\t\t<p>In den letzten Jahren haben wir Auftragsforschungsinstitute (CRO) in der ganzen Welt ausgew\u00e4hlt. Alle Auftragsforschungsinstitute (CRO) in unserem Netzwerk haben die gleiche Aufgabe: einen Service mit h\u00f6chster Fachkompetenz auf lokaler Ebene und zu einem wettbewerbsf\u00e4higen Preis anzubieten.<\/p><ul><li>Langfristige Zusammenarbeit zwischen den Partnern der Auftragsforschungsinstitute (CRO)<\/li><li>Kurze und effiziente Kommunikationswege, praxisorientierte Methoden<\/li><li>Muttersprachler mit Kenntnissen in allen massgeblichen Indikationen<\/li><li>Hohe lokale Kompetenz (z. B. klinische Zulassungsfragen)<\/li><li>Hoher Anteil an wiederholten Aufgaben innerhalb des Netzes<\/li><\/ul><p>Ein solches Netz, das sich auf klinische Anwendungen spezialisiert hat, w\u00e4chst schnell. Bislang erstreckt sich unsere globale Abdeckung auf die folgenden L\u00e4nder:\u00a0<\/p><p><strong>Europa, Schweiz, Grossbritannien und andere aussereurop\u00e4ische L\u00e4nder.\u00a0<\/strong><\/p>\t\t\t\t\t\t\t\t<\/div>\n\t\t\t\t<\/div>\n\t\t\t\t\t<\/div>\n\t\t<\/div>\n\t\t\t\t<div class=\"elementor-column elementor-col-50 elementor-inner-column elementor-element elementor-element-52dbf07 animated-slow img-col  elementor-invisible\" data-id=\"52dbf07\" data-element_type=\"column\" data-e-type=\"column\" data-settings=\"{&quot;animation&quot;:&quot;fadeInUp&quot;,&quot;animation_delay&quot;:800,&quot;background_background&quot;:&quot;classic&quot;}\">\n\t\t\t<div class=\"elementor-widget-wrap\">\n\t\t\t\t\t\t\t<\/div>\n\t\t<\/div>\n\t\t\t\t\t<\/div>\n\t\t<\/section>\n\t\t\t\t<section class=\"elementor-section elementor-inner-section elementor-element elementor-element-7498524 elementor-section-full_width bg-color elementor-section-height-default elementor-section-height-default\" data-id=\"7498524\" data-element_type=\"section\" data-e-type=\"section\" data-settings=\"{&quot;background_background&quot;:&quot;classic&quot;}\">\n\t\t\t\t\t\t<div class=\"elementor-container elementor-column-gap-default\">\n\t\t\t\t\t<div class=\"elementor-column elementor-col-50 elementor-inner-column elementor-element elementor-element-0d6ef40 animated-slow elementor-invisible\" data-id=\"0d6ef40\" data-element_type=\"column\" data-e-type=\"column\" data-settings=\"{&quot;animation&quot;:&quot;fadeInUp&quot;,&quot;animation_delay&quot;:500}\">\n\t\t\t<div class=\"elementor-widget-wrap elementor-element-populated\">\n\t\t\t\t\t\t<div class=\"elementor-element elementor-element-6c4fb82 elementor-widget elementor-widget-heading\" data-id=\"6c4fb82\" data-element_type=\"widget\" data-e-type=\"widget\" data-widget_type=\"heading.default\">\n\t\t\t\t<div class=\"elementor-widget-container\">\n\t\t\t\t\t<h5 class=\"elementor-heading-title elementor-size-default\">Innerhalb dieses Netzes ist 3B Biotech<\/h5>\t\t\t\t<\/div>\n\t\t\t\t<\/div>\n\t\t\t\t<div class=\"elementor-element elementor-element-3ff370b elementor-widget elementor-widget-text-editor\" data-id=\"3ff370b\" data-element_type=\"widget\" data-e-type=\"widget\" data-widget_type=\"text-editor.default\">\n\t\t\t\t<div class=\"elementor-widget-container\">\n\t\t\t\t\t\t\t\t\t<ul><li>Vertragsinhaber<\/li><li>Hauptansprechpartner f\u00fcr den Sponsor<\/li><li>f\u00fchrt lokale T\u00e4tigkeiten in der Schweiz und in Italien aus<\/li><li>bietet zentrale Dienstleistungen wie Medical Writing, Pharmakovigilanz, Datenverwaltung, Statistik und\u00a0<\/li><li>ist f\u00fcr die Gesamtleitung und \u00dcberwachung der Studie zust\u00e4ndig.<\/li><\/ul>\t\t\t\t\t\t\t\t<\/div>\n\t\t\t\t<\/div>\n\t\t\t\t\t<\/div>\n\t\t<\/div>\n\t\t\t\t<div class=\"elementor-column elementor-col-50 elementor-inner-column elementor-element elementor-element-b278669 animated-slow elementor-invisible\" data-id=\"b278669\" data-element_type=\"column\" data-e-type=\"column\" data-settings=\"{&quot;animation&quot;:&quot;fadeInUp&quot;,&quot;animation_delay&quot;:500}\">\n\t\t\t<div class=\"elementor-widget-wrap elementor-element-populated\">\n\t\t\t\t\t\t<div class=\"elementor-element elementor-element-995fdec elementor-widget elementor-widget-heading\" data-id=\"995fdec\" data-element_type=\"widget\" data-e-type=\"widget\" data-widget_type=\"heading.default\">\n\t\t\t\t<div class=\"elementor-widget-container\">\n\t\t\t\t\t<h5 class=\"elementor-heading-title elementor-size-default\">Die Partner f\u00fchren alle Dienstleistungen durch, die eine lokale Pr\u00e4senz erfordern<\/h5>\t\t\t\t<\/div>\n\t\t\t\t<\/div>\n\t\t\t\t<div class=\"elementor-element elementor-element-490636c elementor-widget elementor-widget-text-editor\" data-id=\"490636c\" data-element_type=\"widget\" data-e-type=\"widget\" data-widget_type=\"text-editor.default\">\n\t\t\t\t<div class=\"elementor-widget-container\">\n\t\t\t\t\t\t\t\t\t<ul><li>\u00dcberwachung und lokales PM<\/li><li>Standortauswahl und -verwaltung<\/li><li>Einreichungen und Korrespondenz mit lokalen Beh\u00f6rden und ECs\/IRBs,<\/li><li>\u00dcbersetzungen, Erstellung von lokalen Dokumenten<\/li><\/ul>\t\t\t\t\t\t\t\t<\/div>\n\t\t\t\t<\/div>\n\t\t\t\t\t<\/div>\n\t\t<\/div>\n\t\t\t\t\t<\/div>\n\t\t<\/section>\n\t\t\t\t\t<\/div>\n\t\t<\/div>\n\t\t\t\t\t<\/div>\n\t\t<\/section>\n\t\t\t\t<\/div>\n\t\t","protected":false},"excerpt":{"rendered":"<p>DIENSTE DES GLOBALEN AUFTRAGSFORSCHUNGSINSTITUTS (CRO) 3B Biotech ist Ihr einziger Ansprechpartner f\u00fcr alle Aktivit\u00e4ten w\u00e4hrend Ihrer multinationalen klinischen Studie Die Verwaltung verschiedener Interessengruppen und die Koordinierung Ihrer internen Fachleute ist keine leichte Aufgabe: Wir sind Ihr einziger Ansprechpartner, um Ihr Entwicklungsprogramm zum wirtschaftlichen Erfolg zu f\u00fchren. Kurze Wege der internen Kommunikation und der enge Kontakt &#8230; <a title=\"Globales Auftragsforschungsinstitut (CRO)\" class=\"read-more\" href=\"https:\/\/3bbiotech.com\/de\/globales-auftragsforschungsinstitut\/\" aria-label=\"Read more about Globales Auftragsforschungsinstitut (CRO)\">Weiterlesen<\/a><\/p>\n","protected":false},"author":1,"featured_media":0,"parent":0,"menu_order":0,"comment_status":"closed","ping_status":"closed","template":"","meta":{"content-type":"","footnotes":""},"categories":[],"tags":[75],"class_list":{"0":"post-2830","1":"page","2":"type-page","3":"status-publish","5":"tag-globales-auftragsforschungsinstitut-cro"},"yoast_head":"<!-- This site is optimized with the Yoast SEO plugin v27.0 - https:\/\/yoast.com\/product\/yoast-seo-wordpress\/ -->\n<title>Globales Auftragsforschungsinstitut (CRO) | 3B Biotech<\/title>\n<meta name=\"description\" content=\"3B Biotech ist Ihr einziger Ansprechpartner f\u00fcr alle Aktivit\u00e4ten w\u00e4hrend Ihrer multinationalen klinischen Studie\" \/>\n<meta name=\"robots\" content=\"index, follow, max-snippet:-1, max-image-preview:large, max-video-preview:-1\" \/>\n<link rel=\"canonical\" href=\"https:\/\/3bbiotech.com\/de\/globales-auftragsforschungsinstitut\/\" \/>\n<meta property=\"og:locale\" content=\"de_DE\" \/>\n<meta property=\"og:type\" content=\"article\" \/>\n<meta property=\"og:title\" content=\"Globales Auftragsforschungsinstitut (CRO) | 3B Biotech\" \/>\n<meta property=\"og:description\" content=\"3B Biotech ist Ihr einziger Ansprechpartner f\u00fcr alle Aktivit\u00e4ten w\u00e4hrend Ihrer multinationalen klinischen Studie\" \/>\n<meta property=\"og:url\" content=\"https:\/\/3bbiotech.com\/de\/globales-auftragsforschungsinstitut\/\" \/>\n<meta property=\"og:site_name\" content=\"3B Biotech\" \/>\n<meta property=\"article:modified_time\" content=\"2025-03-17T15:49:03+00:00\" \/>\n<meta property=\"og:image\" content=\"https:\/\/3bbiotech.com\/wp-content\/uploads\/2022\/05\/Global-CRO-Services-head-def.jpg\" \/>\n<meta name=\"twitter:card\" content=\"summary_large_image\" \/>\n<meta name=\"twitter:label1\" content=\"Gesch\u00e4tzte Lesezeit\" \/>\n\t<meta name=\"twitter:data1\" content=\"2\u00a0Minuten\" \/>\n<script type=\"application\/ld+json\" class=\"yoast-schema-graph\">{\"@context\":\"https:\/\/schema.org\",\"@graph\":[{\"@type\":\"WebPage\",\"@id\":\"https:\/\/3bbiotech.com\/de\/globales-auftragsforschungsinstitut\/\",\"url\":\"https:\/\/3bbiotech.com\/de\/globales-auftragsforschungsinstitut\/\",\"name\":\"Globales Auftragsforschungsinstitut (CRO) | 3B Biotech\",\"isPartOf\":{\"@id\":\"https:\/\/3bbiotech.com\/de\/#website\"},\"primaryImageOfPage\":{\"@id\":\"https:\/\/3bbiotech.com\/de\/globales-auftragsforschungsinstitut\/#primaryimage\"},\"image\":{\"@id\":\"https:\/\/3bbiotech.com\/de\/globales-auftragsforschungsinstitut\/#primaryimage\"},\"thumbnailUrl\":\"https:\/\/3bbiotech.com\/wp-content\/uploads\/2022\/05\/Global-CRO-Services-head-def.jpg\",\"datePublished\":\"2022-03-14T10:45:40+00:00\",\"dateModified\":\"2025-03-17T15:49:03+00:00\",\"description\":\"3B Biotech ist Ihr einziger Ansprechpartner f\u00fcr alle Aktivit\u00e4ten w\u00e4hrend Ihrer multinationalen klinischen Studie\",\"breadcrumb\":{\"@id\":\"https:\/\/3bbiotech.com\/de\/globales-auftragsforschungsinstitut\/#breadcrumb\"},\"inLanguage\":\"de\",\"potentialAction\":[{\"@type\":\"ReadAction\",\"target\":[\"https:\/\/3bbiotech.com\/de\/globales-auftragsforschungsinstitut\/\"]}]},{\"@type\":\"ImageObject\",\"inLanguage\":\"de\",\"@id\":\"https:\/\/3bbiotech.com\/de\/globales-auftragsforschungsinstitut\/#primaryimage\",\"url\":\"https:\/\/3bbiotech.com\/wp-content\/uploads\/2022\/05\/Global-CRO-Services-head-def.jpg\",\"contentUrl\":\"https:\/\/3bbiotech.com\/wp-content\/uploads\/2022\/05\/Global-CRO-Services-head-def.jpg\"},{\"@type\":\"BreadcrumbList\",\"@id\":\"https:\/\/3bbiotech.com\/de\/globales-auftragsforschungsinstitut\/#breadcrumb\",\"itemListElement\":[{\"@type\":\"ListItem\",\"position\":1,\"name\":\"Home\",\"item\":\"https:\/\/3bbiotech.com\/de\/\"},{\"@type\":\"ListItem\",\"position\":2,\"name\":\"Globales Auftragsforschungsinstitut (CRO)\"}]},{\"@type\":\"WebSite\",\"@id\":\"https:\/\/3bbiotech.com\/de\/#website\",\"url\":\"https:\/\/3bbiotech.com\/de\/\",\"name\":\"3B Biotech\",\"description\":\"Biotech Research\",\"publisher\":{\"@id\":\"https:\/\/3bbiotech.com\/de\/#organization\"},\"potentialAction\":[{\"@type\":\"SearchAction\",\"target\":{\"@type\":\"EntryPoint\",\"urlTemplate\":\"https:\/\/3bbiotech.com\/de\/?s={search_term_string}\"},\"query-input\":{\"@type\":\"PropertyValueSpecification\",\"valueRequired\":true,\"valueName\":\"search_term_string\"}}],\"inLanguage\":\"de\"},{\"@type\":\"Organization\",\"@id\":\"https:\/\/3bbiotech.com\/de\/#organization\",\"name\":\"3B Biotech\",\"url\":\"https:\/\/3bbiotech.com\/de\/\",\"logo\":{\"@type\":\"ImageObject\",\"inLanguage\":\"de\",\"@id\":\"https:\/\/3bbiotech.com\/de\/#\/schema\/logo\/image\/\",\"url\":\"https:\/\/3bbiotech.com\/wp-content\/uploads\/2021\/12\/logo.png\",\"contentUrl\":\"https:\/\/3bbiotech.com\/wp-content\/uploads\/2021\/12\/logo.png\",\"width\":120,\"height\":100,\"caption\":\"3B Biotech\"},\"image\":{\"@id\":\"https:\/\/3bbiotech.com\/de\/#\/schema\/logo\/image\/\"}}]}<\/script>\n<!-- \/ Yoast SEO plugin. -->","yoast_head_json":{"title":"Globales Auftragsforschungsinstitut (CRO) | 3B Biotech","description":"3B Biotech ist Ihr einziger Ansprechpartner f\u00fcr alle Aktivit\u00e4ten w\u00e4hrend Ihrer multinationalen klinischen Studie","robots":{"index":"index","follow":"follow","max-snippet":"max-snippet:-1","max-image-preview":"max-image-preview:large","max-video-preview":"max-video-preview:-1"},"canonical":"https:\/\/3bbiotech.com\/de\/globales-auftragsforschungsinstitut\/","og_locale":"de_DE","og_type":"article","og_title":"Globales Auftragsforschungsinstitut (CRO) | 3B Biotech","og_description":"3B Biotech ist Ihr einziger Ansprechpartner f\u00fcr alle Aktivit\u00e4ten w\u00e4hrend Ihrer multinationalen klinischen Studie","og_url":"https:\/\/3bbiotech.com\/de\/globales-auftragsforschungsinstitut\/","og_site_name":"3B Biotech","article_modified_time":"2025-03-17T15:49:03+00:00","og_image":[{"url":"https:\/\/3bbiotech.com\/wp-content\/uploads\/2022\/05\/Global-CRO-Services-head-def.jpg","type":"","width":"","height":""}],"twitter_card":"summary_large_image","twitter_misc":{"Gesch\u00e4tzte Lesezeit":"2\u00a0Minuten"},"schema":{"@context":"https:\/\/schema.org","@graph":[{"@type":"WebPage","@id":"https:\/\/3bbiotech.com\/de\/globales-auftragsforschungsinstitut\/","url":"https:\/\/3bbiotech.com\/de\/globales-auftragsforschungsinstitut\/","name":"Globales Auftragsforschungsinstitut (CRO) | 3B Biotech","isPartOf":{"@id":"https:\/\/3bbiotech.com\/de\/#website"},"primaryImageOfPage":{"@id":"https:\/\/3bbiotech.com\/de\/globales-auftragsforschungsinstitut\/#primaryimage"},"image":{"@id":"https:\/\/3bbiotech.com\/de\/globales-auftragsforschungsinstitut\/#primaryimage"},"thumbnailUrl":"https:\/\/3bbiotech.com\/wp-content\/uploads\/2022\/05\/Global-CRO-Services-head-def.jpg","datePublished":"2022-03-14T10:45:40+00:00","dateModified":"2025-03-17T15:49:03+00:00","description":"3B Biotech ist Ihr einziger Ansprechpartner f\u00fcr alle Aktivit\u00e4ten w\u00e4hrend Ihrer multinationalen klinischen Studie","breadcrumb":{"@id":"https:\/\/3bbiotech.com\/de\/globales-auftragsforschungsinstitut\/#breadcrumb"},"inLanguage":"de","potentialAction":[{"@type":"ReadAction","target":["https:\/\/3bbiotech.com\/de\/globales-auftragsforschungsinstitut\/"]}]},{"@type":"ImageObject","inLanguage":"de","@id":"https:\/\/3bbiotech.com\/de\/globales-auftragsforschungsinstitut\/#primaryimage","url":"https:\/\/3bbiotech.com\/wp-content\/uploads\/2022\/05\/Global-CRO-Services-head-def.jpg","contentUrl":"https:\/\/3bbiotech.com\/wp-content\/uploads\/2022\/05\/Global-CRO-Services-head-def.jpg"},{"@type":"BreadcrumbList","@id":"https:\/\/3bbiotech.com\/de\/globales-auftragsforschungsinstitut\/#breadcrumb","itemListElement":[{"@type":"ListItem","position":1,"name":"Home","item":"https:\/\/3bbiotech.com\/de\/"},{"@type":"ListItem","position":2,"name":"Globales Auftragsforschungsinstitut (CRO)"}]},{"@type":"WebSite","@id":"https:\/\/3bbiotech.com\/de\/#website","url":"https:\/\/3bbiotech.com\/de\/","name":"3B Biotech","description":"Biotech Research","publisher":{"@id":"https:\/\/3bbiotech.com\/de\/#organization"},"potentialAction":[{"@type":"SearchAction","target":{"@type":"EntryPoint","urlTemplate":"https:\/\/3bbiotech.com\/de\/?s={search_term_string}"},"query-input":{"@type":"PropertyValueSpecification","valueRequired":true,"valueName":"search_term_string"}}],"inLanguage":"de"},{"@type":"Organization","@id":"https:\/\/3bbiotech.com\/de\/#organization","name":"3B Biotech","url":"https:\/\/3bbiotech.com\/de\/","logo":{"@type":"ImageObject","inLanguage":"de","@id":"https:\/\/3bbiotech.com\/de\/#\/schema\/logo\/image\/","url":"https:\/\/3bbiotech.com\/wp-content\/uploads\/2021\/12\/logo.png","contentUrl":"https:\/\/3bbiotech.com\/wp-content\/uploads\/2021\/12\/logo.png","width":120,"height":100,"caption":"3B Biotech"},"image":{"@id":"https:\/\/3bbiotech.com\/de\/#\/schema\/logo\/image\/"}}]}},"_links":{"self":[{"href":"https:\/\/3bbiotech.com\/de\/wp-json\/wp\/v2\/pages\/2830","targetHints":{"allow":["GET"]}}],"collection":[{"href":"https:\/\/3bbiotech.com\/de\/wp-json\/wp\/v2\/pages"}],"about":[{"href":"https:\/\/3bbiotech.com\/de\/wp-json\/wp\/v2\/types\/page"}],"author":[{"embeddable":true,"href":"https:\/\/3bbiotech.com\/de\/wp-json\/wp\/v2\/users\/1"}],"replies":[{"embeddable":true,"href":"https:\/\/3bbiotech.com\/de\/wp-json\/wp\/v2\/comments?post=2830"}],"version-history":[{"count":5,"href":"https:\/\/3bbiotech.com\/de\/wp-json\/wp\/v2\/pages\/2830\/revisions"}],"predecessor-version":[{"id":2902,"href":"https:\/\/3bbiotech.com\/de\/wp-json\/wp\/v2\/pages\/2830\/revisions\/2902"}],"wp:attachment":[{"href":"https:\/\/3bbiotech.com\/de\/wp-json\/wp\/v2\/media?parent=2830"}],"wp:term":[{"taxonomy":"category","embeddable":true,"href":"https:\/\/3bbiotech.com\/de\/wp-json\/wp\/v2\/categories?post=2830"},{"taxonomy":"post_tag","embeddable":true,"href":"https:\/\/3bbiotech.com\/de\/wp-json\/wp\/v2\/tags?post=2830"}],"curies":[{"name":"wp","href":"https:\/\/api.w.org\/{rel}","templated":true}]}}