{"id":2826,"date":"2022-06-02T15:22:32","date_gmt":"2022-06-02T13:22:32","guid":{"rendered":"https:\/\/3bbiotech.com\/clinical-research-services-3\/bioequivalence-studies\/"},"modified":"2025-03-24T11:16:55","modified_gmt":"2025-03-24T10:16:55","slug":"bioaequivalenzstudien","status":"publish","type":"page","link":"https:\/\/3bbiotech.com\/de\/klinische-forschungsdienste\/bioaequivalenzstudien\/","title":{"rendered":"Bio\u00e4quivalenzstudien"},"content":{"rendered":"\t\t<div data-elementor-type=\"wp-page\" data-elementor-id=\"2826\" class=\"elementor elementor-2826 elementor-2226\">\n\t\t\t\t\t\t<section class=\"elementor-section elementor-top-section elementor-element elementor-element-209740f elementor-section-stretched intro-page elementor-section-full_width elementor-section-height-default elementor-section-height-default\" data-id=\"209740f\" data-element_type=\"section\" data-e-type=\"section\" data-settings=\"{&quot;stretch_section&quot;:&quot;section-stretched&quot;}\">\n\t\t\t\t\t\t<div class=\"elementor-container elementor-column-gap-default\">\n\t\t\t\t\t<div class=\"elementor-column elementor-col-100 elementor-top-column elementor-element elementor-element-4a5cff5\" data-id=\"4a5cff5\" data-element_type=\"column\" data-e-type=\"column\">\n\t\t\t<div class=\"elementor-widget-wrap elementor-element-populated\">\n\t\t\t\t\t\t<section class=\"elementor-section elementor-inner-section elementor-element elementor-element-592fd4e elementor-section-full_width elementor-section-height-default elementor-section-height-default\" data-id=\"592fd4e\" data-element_type=\"section\" data-e-type=\"section\">\n\t\t\t\t\t\t<div class=\"elementor-container elementor-column-gap-default\">\n\t\t\t\t\t<div class=\"elementor-column elementor-col-50 elementor-inner-column elementor-element elementor-element-16769fe animated-slow elementor-invisible\" data-id=\"16769fe\" data-element_type=\"column\" data-e-type=\"column\" data-settings=\"{&quot;animation&quot;:&quot;fadeInUp&quot;}\">\n\t\t\t<div class=\"elementor-widget-wrap elementor-element-populated\">\n\t\t\t\t\t\t<div class=\"elementor-element elementor-element-5eea623 elementor-widget elementor-widget-shortcode\" data-id=\"5eea623\" data-element_type=\"widget\" data-e-type=\"widget\" data-widget_type=\"shortcode.default\">\n\t\t\t\t<div class=\"elementor-widget-container\">\n\t\t\t\t\t\t\t<div class=\"elementor-shortcode\"><span><span><a href=\"https:\/\/3bbiotech.com\/de\/\">Home<\/a><\/span><\/span><\/div>\n\t\t\t\t\t\t<\/div>\n\t\t\t\t<\/div>\n\t\t\t\t\t<\/div>\n\t\t<\/div>\n\t\t\t\t<div class=\"elementor-column elementor-col-50 elementor-inner-column elementor-element elementor-element-25ffdcd animated-slow elementor-invisible\" data-id=\"25ffdcd\" data-element_type=\"column\" data-e-type=\"column\" data-settings=\"{&quot;animation&quot;:&quot;fadeInUp&quot;,&quot;animation_delay&quot;:500}\">\n\t\t\t<div class=\"elementor-widget-wrap elementor-element-populated\">\n\t\t\t\t\t\t<div class=\"elementor-element elementor-element-f49dd49 elementor-widget elementor-widget-heading\" data-id=\"f49dd49\" data-element_type=\"widget\" data-e-type=\"widget\" data-widget_type=\"heading.default\">\n\t\t\t\t<div class=\"elementor-widget-container\">\n\t\t\t\t\t<h1 class=\"elementor-heading-title elementor-size-default\">BIO\u00c4QUIVALENZSTUDIEN <\/h1>\t\t\t\t<\/div>\n\t\t\t\t<\/div>\n\t\t\t\t<div class=\"elementor-element elementor-element-ba324c9 elementor-widget elementor-widget-heading\" data-id=\"ba324c9\" data-element_type=\"widget\" data-e-type=\"widget\" data-widget_type=\"heading.default\">\n\t\t\t\t<div class=\"elementor-widget-container\">\n\t\t\t\t\t<h2 class=\"elementor-heading-title elementor-size-default\">Bio\u00e4quivalenzstudien sind von grosser Wichtigkeit und ihre Durchf\u00fchrung erfordert eine angemessene Planung und Erfahrung<\/h2>\t\t\t\t<\/div>\n\t\t\t\t<\/div>\n\t\t\t\t\t<\/div>\n\t\t<\/div>\n\t\t\t\t\t<\/div>\n\t\t<\/section>\n\t\t\t\t<div class=\"elementor-element elementor-element-0b87740 animated-slow elementor-invisible elementor-widget elementor-widget-image\" data-id=\"0b87740\" data-element_type=\"widget\" data-e-type=\"widget\" data-settings=\"{&quot;_animation&quot;:&quot;fadeIn&quot;,&quot;_animation_delay&quot;:800}\" data-widget_type=\"image.default\">\n\t\t\t\t<div class=\"elementor-widget-container\">\n\t\t\t\t\t\t\t\t\t\t\t\t\t\t\t<img fetchpriority=\"high\" decoding=\"async\" width=\"1920\" height=\"650\" src=\"https:\/\/3bbiotech.com\/wp-content\/uploads\/2022\/06\/bioequivalence-studies-def.jpg\" class=\"attachment-full size-full wp-image-2802\" alt=\"\" srcset=\"https:\/\/3bbiotech.com\/wp-content\/uploads\/2022\/06\/bioequivalence-studies-def.jpg 1920w, https:\/\/3bbiotech.com\/wp-content\/uploads\/2022\/06\/bioequivalence-studies-def-300x102.jpg 300w, https:\/\/3bbiotech.com\/wp-content\/uploads\/2022\/06\/bioequivalence-studies-def-1024x347.jpg 1024w, https:\/\/3bbiotech.com\/wp-content\/uploads\/2022\/06\/bioequivalence-studies-def-768x260.jpg 768w, https:\/\/3bbiotech.com\/wp-content\/uploads\/2022\/06\/bioequivalence-studies-def-1536x520.jpg 1536w\" sizes=\"(max-width: 1920px) 100vw, 1920px\" \/>\t\t\t\t\t\t\t\t\t\t\t\t\t\t\t<\/div>\n\t\t\t\t<\/div>\n\t\t\t\t<section class=\"elementor-section elementor-inner-section elementor-element elementor-element-f9a566b elementor-section-full_width elementor-section-height-default elementor-section-height-default\" data-id=\"f9a566b\" data-element_type=\"section\" data-e-type=\"section\">\n\t\t\t\t\t\t<div class=\"elementor-container elementor-column-gap-default\">\n\t\t\t\t\t<div class=\"elementor-column elementor-col-100 elementor-inner-column elementor-element elementor-element-a8b282c animated-slow elementor-invisible\" data-id=\"a8b282c\" data-element_type=\"column\" data-e-type=\"column\" data-settings=\"{&quot;animation&quot;:&quot;fadeInUp&quot;,&quot;animation_delay&quot;:500}\">\n\t\t\t<div class=\"elementor-widget-wrap elementor-element-populated\">\n\t\t\t\t\t\t<div class=\"elementor-element elementor-element-166bdad elementor-widget elementor-widget-heading\" data-id=\"166bdad\" data-element_type=\"widget\" data-e-type=\"widget\" data-widget_type=\"heading.default\">\n\t\t\t\t<div class=\"elementor-widget-container\">\n\t\t\t\t\t<h2 class=\"elementor-heading-title elementor-size-default\">Mit Hilfe unserer qualifizierten Anbieter reduzieren wir die Kosten f\u00fcr Bio\u00e4quivalenzstudien und unterst\u00fctzen Pharmaunternehmen dabei, ihre Produkte schnell und im Rahmen des Budgets in voller \u00dcbereinstimmung mit den internationalen gesetzlichen Anforderungen auf den Markt zu bringen. <\/h2>\t\t\t\t<\/div>\n\t\t\t\t<\/div>\n\t\t\t\t\t<\/div>\n\t\t<\/div>\n\t\t\t\t\t<\/div>\n\t\t<\/section>\n\t\t\t\t<section class=\"elementor-section elementor-inner-section elementor-element elementor-element-fd7a170 elementor-section-full_width elementor-section-content-middle elementor-section-height-default elementor-section-height-default\" data-id=\"fd7a170\" data-element_type=\"section\" data-e-type=\"section\">\n\t\t\t\t\t\t<div class=\"elementor-container elementor-column-gap-default\">\n\t\t\t\t\t<div class=\"elementor-column elementor-col-100 elementor-inner-column elementor-element elementor-element-53e9b5c animated-slow elementor-invisible\" data-id=\"53e9b5c\" data-element_type=\"column\" data-e-type=\"column\" data-settings=\"{&quot;animation&quot;:&quot;fadeInUp&quot;,&quot;animation_delay&quot;:500}\">\n\t\t\t<div class=\"elementor-widget-wrap elementor-element-populated\">\n\t\t\t\t\t\t<div class=\"elementor-element elementor-element-4a65584 elementor-widget elementor-widget-heading\" data-id=\"4a65584\" data-element_type=\"widget\" data-e-type=\"widget\" data-widget_type=\"heading.default\">\n\t\t\t\t<div class=\"elementor-widget-container\">\n\t\t\t\t\t<h3 class=\"elementor-heading-title elementor-size-default\">WESENTLICHE ERFOLGSFAKTOREN: Angemessene \u00dcberwachung <\/h3>\t\t\t\t<\/div>\n\t\t\t\t<\/div>\n\t\t\t\t<div class=\"elementor-element elementor-element-061d9b1 elementor-widget elementor-widget-text-editor\" data-id=\"061d9b1\" data-element_type=\"widget\" data-e-type=\"widget\" data-widget_type=\"text-editor.default\">\n\t\t\t\t<div class=\"elementor-widget-container\">\n\t\t\t\t\t\t\t\t\t<p>Einer der entscheidenden Erfolgsfaktoren unseres Fachwissens ist die angemessene \u00dcberwachung, die ein qualifiziertes \u00dcberwachungsger\u00e4t, einen \u00dcberwachungsplan, einen \u00dcberwachungsbericht und ein Follow-up umfasst.<\/p><p>\u00a0Hier eine Fallstudie, wie die Besuche geplant werden k\u00f6nnten:<\/p>\t\t\t\t\t\t\t\t<\/div>\n\t\t\t\t<\/div>\n\t\t\t\t\t<\/div>\n\t\t<\/div>\n\t\t\t\t\t<\/div>\n\t\t<\/section>\n\t\t\t\t<section class=\"elementor-section elementor-inner-section elementor-element elementor-element-cc1cdd5 elementor-section-full_width elementor-section-content-middle elementor-section-height-default elementor-section-height-default\" data-id=\"cc1cdd5\" data-element_type=\"section\" data-e-type=\"section\">\n\t\t\t\t\t\t<div class=\"elementor-container elementor-column-gap-default\">\n\t\t\t\t\t<div class=\"elementor-column elementor-col-50 elementor-inner-column elementor-element elementor-element-50c10b3 animated-slow elementor-invisible\" data-id=\"50c10b3\" data-element_type=\"column\" data-e-type=\"column\" data-settings=\"{&quot;animation&quot;:&quot;fadeInUp&quot;,&quot;animation_delay&quot;:500}\">\n\t\t\t<div class=\"elementor-widget-wrap elementor-element-populated\">\n\t\t\t\t\t\t<div class=\"elementor-element elementor-element-7848970 elementor-widget elementor-widget-text-editor\" data-id=\"7848970\" data-element_type=\"widget\" data-e-type=\"widget\" data-widget_type=\"text-editor.default\">\n\t\t\t\t<div class=\"elementor-widget-container\">\n\t\t\t\t\t\t\t\t\t<p><strong>STUFE 1<\/strong><\/p><ul><li>Initiierung (SIV) nach klinischer Pr\u00fcfung (CTA)<\/li><li>Standort\u00fcberwachungsbesuch (SMV) nach Ende des Screenings<\/li><li>Standort\u00fcberwachungsbesuch (SMV) nach Ende der Dosierung von Periode I<\/li><li>Standort\u00fcberwachungsbesuch (SMV) nach Ende der Dosierung von Periode II<\/li><\/ul>\t\t\t\t\t\t\t\t<\/div>\n\t\t\t\t<\/div>\n\t\t\t\t\t<\/div>\n\t\t<\/div>\n\t\t\t\t<div class=\"elementor-column elementor-col-50 elementor-inner-column elementor-element elementor-element-ab85549 animated-slow elementor-invisible\" data-id=\"ab85549\" data-element_type=\"column\" data-e-type=\"column\" data-settings=\"{&quot;animation&quot;:&quot;fadeInUp&quot;,&quot;animation_delay&quot;:500}\">\n\t\t\t<div class=\"elementor-widget-wrap elementor-element-populated\">\n\t\t\t\t\t\t<div class=\"elementor-element elementor-element-30652e6 elementor-widget elementor-widget-text-editor\" data-id=\"30652e6\" data-element_type=\"widget\" data-e-type=\"widget\" data-widget_type=\"text-editor.default\">\n\t\t\t\t<div class=\"elementor-widget-container\">\n\t\t\t\t\t\t\t\t\t<p><strong>STUFE 2 _ falls zutreffend<\/strong><\/p><ul><li>Standort\u00fcberwachungsbesuch (SMV) nach Ende des Screenings<\/li><li>Standort\u00fcberwachungsbesuch (SMV) nach Ende der Dosierung von Periode I<\/li><li>Standort\u00fcberwachungsbesuch (SMV) nach Ende der Dosierung von Periode II<\/li><li>4\u00b0 Standort\u00fcberwachungsbesuch (SMV) f\u00fcr die Aufkl\u00e4rung aller Fragen<\/li><\/ul>\t\t\t\t\t\t\t\t<\/div>\n\t\t\t\t<\/div>\n\t\t\t\t\t<\/div>\n\t\t<\/div>\n\t\t\t\t\t<\/div>\n\t\t<\/section>\n\t\t\t\t<section class=\"elementor-section elementor-inner-section elementor-element elementor-element-9682ed9 elementor-section-full_width elementor-section-content-middle elementor-section-height-default elementor-section-height-default\" data-id=\"9682ed9\" data-element_type=\"section\" data-e-type=\"section\">\n\t\t\t\t\t\t<div class=\"elementor-container elementor-column-gap-default\">\n\t\t\t\t\t<div class=\"elementor-column elementor-col-100 elementor-inner-column elementor-element elementor-element-960a85f animated-slow elementor-invisible\" data-id=\"960a85f\" data-element_type=\"column\" data-e-type=\"column\" data-settings=\"{&quot;animation&quot;:&quot;fadeInUp&quot;,&quot;animation_delay&quot;:500}\">\n\t\t\t<div class=\"elementor-widget-wrap elementor-element-populated\">\n\t\t\t\t\t\t<div class=\"elementor-element elementor-element-8191f90 elementor-widget elementor-widget-text-editor\" data-id=\"8191f90\" data-element_type=\"widget\" data-e-type=\"widget\" data-widget_type=\"text-editor.default\">\n\t\t\t\t<div class=\"elementor-widget-container\">\n\t\t\t\t\t\t\t\t\t<p><strong>Analytischer \u00dcberwachungsbesuch <\/strong>gem\u00e4ss den Anforderungen der zust\u00e4ndigen Beh\u00f6rde<\/p><p><strong>Abschlusskontrollbesuch\u00a0<\/strong><\/p>\t\t\t\t\t\t\t\t<\/div>\n\t\t\t\t<\/div>\n\t\t\t\t\t<\/div>\n\t\t<\/div>\n\t\t\t\t\t<\/div>\n\t\t<\/section>\n\t\t\t\t\t<\/div>\n\t\t<\/div>\n\t\t\t\t\t<\/div>\n\t\t<\/section>\n\t\t\t\t<\/div>\n\t\t","protected":false},"excerpt":{"rendered":"<p>Bioequivalence studies are of great importance and conducting them needs due planning and experience.<\/p>\n","protected":false},"author":1,"featured_media":2802,"parent":2818,"menu_order":4,"comment_status":"closed","ping_status":"closed","template":"","meta":{"content-type":"","footnotes":""},"categories":[16],"tags":[73],"class_list":{"0":"post-2826","1":"page","2":"type-page","3":"status-publish","4":"has-post-thumbnail","6":"category-clinical-research-services-de","7":"tag-bioaequivalenzstudien"},"yoast_head":"<!-- This site is optimized with the Yoast SEO plugin v27.0 - https:\/\/yoast.com\/product\/yoast-seo-wordpress\/ -->\n<title>Bio\u00e4quivalenzstudien | Planung und Erfahrung| 3B Biotech<\/title>\n<meta name=\"description\" content=\"Bio\u00e4quivalenzstudien sind von grosser Wichtigkeit und ihre Durchf\u00fchrung erfordert eine angemessene Planung und Erfahrung.\" \/>\n<meta name=\"robots\" content=\"index, follow, max-snippet:-1, max-image-preview:large, max-video-preview:-1\" \/>\n<link rel=\"canonical\" href=\"https:\/\/3bbiotech.com\/de\/klinische-forschungsdienste\/bioaequivalenzstudien\/\" \/>\n<meta property=\"og:locale\" content=\"de_DE\" \/>\n<meta property=\"og:type\" content=\"article\" \/>\n<meta property=\"og:title\" content=\"Bio\u00e4quivalenzstudien | Planung und Erfahrung| 3B Biotech\" \/>\n<meta property=\"og:description\" content=\"Bio\u00e4quivalenzstudien sind von grosser Wichtigkeit und ihre Durchf\u00fchrung erfordert eine angemessene Planung und Erfahrung.\" \/>\n<meta property=\"og:url\" content=\"https:\/\/3bbiotech.com\/de\/klinische-forschungsdienste\/bioaequivalenzstudien\/\" \/>\n<meta property=\"og:site_name\" content=\"3B Biotech\" \/>\n<meta property=\"article:modified_time\" content=\"2025-03-24T10:16:55+00:00\" \/>\n<meta property=\"og:image\" content=\"https:\/\/3bbiotech.com\/wp-content\/uploads\/2022\/06\/bioequivalence-studies-def.jpg\" \/>\n\t<meta property=\"og:image:width\" content=\"1920\" \/>\n\t<meta property=\"og:image:height\" content=\"650\" \/>\n\t<meta property=\"og:image:type\" content=\"image\/jpeg\" \/>\n<meta name=\"twitter:card\" content=\"summary_large_image\" \/>\n<meta name=\"twitter:label1\" content=\"Gesch\u00e4tzte Lesezeit\" \/>\n\t<meta name=\"twitter:data1\" content=\"2\u00a0Minuten\" \/>\n<script type=\"application\/ld+json\" class=\"yoast-schema-graph\">{\"@context\":\"https:\/\/schema.org\",\"@graph\":[{\"@type\":\"WebPage\",\"@id\":\"https:\/\/3bbiotech.com\/de\/klinische-forschungsdienste\/bioaequivalenzstudien\/\",\"url\":\"https:\/\/3bbiotech.com\/de\/klinische-forschungsdienste\/bioaequivalenzstudien\/\",\"name\":\"Bio\u00e4quivalenzstudien | Planung und Erfahrung| 3B Biotech\",\"isPartOf\":{\"@id\":\"https:\/\/3bbiotech.com\/de\/#website\"},\"primaryImageOfPage\":{\"@id\":\"https:\/\/3bbiotech.com\/de\/klinische-forschungsdienste\/bioaequivalenzstudien\/#primaryimage\"},\"image\":{\"@id\":\"https:\/\/3bbiotech.com\/de\/klinische-forschungsdienste\/bioaequivalenzstudien\/#primaryimage\"},\"thumbnailUrl\":\"https:\/\/3bbiotech.com\/wp-content\/uploads\/2022\/06\/bioequivalence-studies-def.jpg\",\"datePublished\":\"2022-06-02T13:22:32+00:00\",\"dateModified\":\"2025-03-24T10:16:55+00:00\",\"description\":\"Bio\u00e4quivalenzstudien sind von grosser Wichtigkeit und ihre Durchf\u00fchrung erfordert eine angemessene Planung und Erfahrung.\",\"breadcrumb\":{\"@id\":\"https:\/\/3bbiotech.com\/de\/klinische-forschungsdienste\/bioaequivalenzstudien\/#breadcrumb\"},\"inLanguage\":\"de\",\"potentialAction\":[{\"@type\":\"ReadAction\",\"target\":[\"https:\/\/3bbiotech.com\/de\/klinische-forschungsdienste\/bioaequivalenzstudien\/\"]}]},{\"@type\":\"ImageObject\",\"inLanguage\":\"de\",\"@id\":\"https:\/\/3bbiotech.com\/de\/klinische-forschungsdienste\/bioaequivalenzstudien\/#primaryimage\",\"url\":\"https:\/\/3bbiotech.com\/wp-content\/uploads\/2022\/06\/bioequivalence-studies-def.jpg\",\"contentUrl\":\"https:\/\/3bbiotech.com\/wp-content\/uploads\/2022\/06\/bioequivalence-studies-def.jpg\",\"width\":1920,\"height\":650},{\"@type\":\"BreadcrumbList\",\"@id\":\"https:\/\/3bbiotech.com\/de\/klinische-forschungsdienste\/bioaequivalenzstudien\/#breadcrumb\",\"itemListElement\":[{\"@type\":\"ListItem\",\"position\":1,\"name\":\"Home\",\"item\":\"https:\/\/3bbiotech.com\/de\/\"},{\"@type\":\"ListItem\",\"position\":2,\"name\":\"Klinische Forschungsdienste\",\"item\":\"https:\/\/3bbiotech.com\/de\/clinical-research-services-3\/\"},{\"@type\":\"ListItem\",\"position\":3,\"name\":\"Bio\u00e4quivalenzstudien\"}]},{\"@type\":\"WebSite\",\"@id\":\"https:\/\/3bbiotech.com\/de\/#website\",\"url\":\"https:\/\/3bbiotech.com\/de\/\",\"name\":\"3B Biotech\",\"description\":\"Biotech Research\",\"publisher\":{\"@id\":\"https:\/\/3bbiotech.com\/de\/#organization\"},\"potentialAction\":[{\"@type\":\"SearchAction\",\"target\":{\"@type\":\"EntryPoint\",\"urlTemplate\":\"https:\/\/3bbiotech.com\/de\/?s={search_term_string}\"},\"query-input\":{\"@type\":\"PropertyValueSpecification\",\"valueRequired\":true,\"valueName\":\"search_term_string\"}}],\"inLanguage\":\"de\"},{\"@type\":\"Organization\",\"@id\":\"https:\/\/3bbiotech.com\/de\/#organization\",\"name\":\"3B Biotech\",\"url\":\"https:\/\/3bbiotech.com\/de\/\",\"logo\":{\"@type\":\"ImageObject\",\"inLanguage\":\"de\",\"@id\":\"https:\/\/3bbiotech.com\/de\/#\/schema\/logo\/image\/\",\"url\":\"https:\/\/3bbiotech.com\/wp-content\/uploads\/2021\/12\/logo.png\",\"contentUrl\":\"https:\/\/3bbiotech.com\/wp-content\/uploads\/2021\/12\/logo.png\",\"width\":120,\"height\":100,\"caption\":\"3B Biotech\"},\"image\":{\"@id\":\"https:\/\/3bbiotech.com\/de\/#\/schema\/logo\/image\/\"}}]}<\/script>\n<!-- \/ Yoast SEO plugin. -->","yoast_head_json":{"title":"Bio\u00e4quivalenzstudien | Planung und Erfahrung| 3B Biotech","description":"Bio\u00e4quivalenzstudien sind von grosser Wichtigkeit und ihre Durchf\u00fchrung erfordert eine angemessene Planung und Erfahrung.","robots":{"index":"index","follow":"follow","max-snippet":"max-snippet:-1","max-image-preview":"max-image-preview:large","max-video-preview":"max-video-preview:-1"},"canonical":"https:\/\/3bbiotech.com\/de\/klinische-forschungsdienste\/bioaequivalenzstudien\/","og_locale":"de_DE","og_type":"article","og_title":"Bio\u00e4quivalenzstudien | Planung und Erfahrung| 3B Biotech","og_description":"Bio\u00e4quivalenzstudien sind von grosser Wichtigkeit und ihre Durchf\u00fchrung erfordert eine angemessene Planung und Erfahrung.","og_url":"https:\/\/3bbiotech.com\/de\/klinische-forschungsdienste\/bioaequivalenzstudien\/","og_site_name":"3B Biotech","article_modified_time":"2025-03-24T10:16:55+00:00","og_image":[{"width":1920,"height":650,"url":"https:\/\/3bbiotech.com\/wp-content\/uploads\/2022\/06\/bioequivalence-studies-def.jpg","type":"image\/jpeg"}],"twitter_card":"summary_large_image","twitter_misc":{"Gesch\u00e4tzte Lesezeit":"2\u00a0Minuten"},"schema":{"@context":"https:\/\/schema.org","@graph":[{"@type":"WebPage","@id":"https:\/\/3bbiotech.com\/de\/klinische-forschungsdienste\/bioaequivalenzstudien\/","url":"https:\/\/3bbiotech.com\/de\/klinische-forschungsdienste\/bioaequivalenzstudien\/","name":"Bio\u00e4quivalenzstudien | Planung und Erfahrung| 3B Biotech","isPartOf":{"@id":"https:\/\/3bbiotech.com\/de\/#website"},"primaryImageOfPage":{"@id":"https:\/\/3bbiotech.com\/de\/klinische-forschungsdienste\/bioaequivalenzstudien\/#primaryimage"},"image":{"@id":"https:\/\/3bbiotech.com\/de\/klinische-forschungsdienste\/bioaequivalenzstudien\/#primaryimage"},"thumbnailUrl":"https:\/\/3bbiotech.com\/wp-content\/uploads\/2022\/06\/bioequivalence-studies-def.jpg","datePublished":"2022-06-02T13:22:32+00:00","dateModified":"2025-03-24T10:16:55+00:00","description":"Bio\u00e4quivalenzstudien sind von grosser Wichtigkeit und ihre Durchf\u00fchrung erfordert eine angemessene Planung und Erfahrung.","breadcrumb":{"@id":"https:\/\/3bbiotech.com\/de\/klinische-forschungsdienste\/bioaequivalenzstudien\/#breadcrumb"},"inLanguage":"de","potentialAction":[{"@type":"ReadAction","target":["https:\/\/3bbiotech.com\/de\/klinische-forschungsdienste\/bioaequivalenzstudien\/"]}]},{"@type":"ImageObject","inLanguage":"de","@id":"https:\/\/3bbiotech.com\/de\/klinische-forschungsdienste\/bioaequivalenzstudien\/#primaryimage","url":"https:\/\/3bbiotech.com\/wp-content\/uploads\/2022\/06\/bioequivalence-studies-def.jpg","contentUrl":"https:\/\/3bbiotech.com\/wp-content\/uploads\/2022\/06\/bioequivalence-studies-def.jpg","width":1920,"height":650},{"@type":"BreadcrumbList","@id":"https:\/\/3bbiotech.com\/de\/klinische-forschungsdienste\/bioaequivalenzstudien\/#breadcrumb","itemListElement":[{"@type":"ListItem","position":1,"name":"Home","item":"https:\/\/3bbiotech.com\/de\/"},{"@type":"ListItem","position":2,"name":"Klinische Forschungsdienste","item":"https:\/\/3bbiotech.com\/de\/clinical-research-services-3\/"},{"@type":"ListItem","position":3,"name":"Bio\u00e4quivalenzstudien"}]},{"@type":"WebSite","@id":"https:\/\/3bbiotech.com\/de\/#website","url":"https:\/\/3bbiotech.com\/de\/","name":"3B Biotech","description":"Biotech Research","publisher":{"@id":"https:\/\/3bbiotech.com\/de\/#organization"},"potentialAction":[{"@type":"SearchAction","target":{"@type":"EntryPoint","urlTemplate":"https:\/\/3bbiotech.com\/de\/?s={search_term_string}"},"query-input":{"@type":"PropertyValueSpecification","valueRequired":true,"valueName":"search_term_string"}}],"inLanguage":"de"},{"@type":"Organization","@id":"https:\/\/3bbiotech.com\/de\/#organization","name":"3B Biotech","url":"https:\/\/3bbiotech.com\/de\/","logo":{"@type":"ImageObject","inLanguage":"de","@id":"https:\/\/3bbiotech.com\/de\/#\/schema\/logo\/image\/","url":"https:\/\/3bbiotech.com\/wp-content\/uploads\/2021\/12\/logo.png","contentUrl":"https:\/\/3bbiotech.com\/wp-content\/uploads\/2021\/12\/logo.png","width":120,"height":100,"caption":"3B Biotech"},"image":{"@id":"https:\/\/3bbiotech.com\/de\/#\/schema\/logo\/image\/"}}]}},"_links":{"self":[{"href":"https:\/\/3bbiotech.com\/de\/wp-json\/wp\/v2\/pages\/2826","targetHints":{"allow":["GET"]}}],"collection":[{"href":"https:\/\/3bbiotech.com\/de\/wp-json\/wp\/v2\/pages"}],"about":[{"href":"https:\/\/3bbiotech.com\/de\/wp-json\/wp\/v2\/types\/page"}],"author":[{"embeddable":true,"href":"https:\/\/3bbiotech.com\/de\/wp-json\/wp\/v2\/users\/1"}],"replies":[{"embeddable":true,"href":"https:\/\/3bbiotech.com\/de\/wp-json\/wp\/v2\/comments?post=2826"}],"version-history":[{"count":5,"href":"https:\/\/3bbiotech.com\/de\/wp-json\/wp\/v2\/pages\/2826\/revisions"}],"predecessor-version":[{"id":2893,"href":"https:\/\/3bbiotech.com\/de\/wp-json\/wp\/v2\/pages\/2826\/revisions\/2893"}],"up":[{"embeddable":true,"href":"https:\/\/3bbiotech.com\/de\/wp-json\/wp\/v2\/pages\/2818"}],"wp:featuredmedia":[{"embeddable":true,"href":"https:\/\/3bbiotech.com\/de\/wp-json\/wp\/v2\/media\/2802"}],"wp:attachment":[{"href":"https:\/\/3bbiotech.com\/de\/wp-json\/wp\/v2\/media?parent=2826"}],"wp:term":[{"taxonomy":"category","embeddable":true,"href":"https:\/\/3bbiotech.com\/de\/wp-json\/wp\/v2\/categories?post=2826"},{"taxonomy":"post_tag","embeddable":true,"href":"https:\/\/3bbiotech.com\/de\/wp-json\/wp\/v2\/tags?post=2826"}],"curies":[{"name":"wp","href":"https:\/\/api.w.org\/{rel}","templated":true}]}}