{"id":2816,"date":"2022-07-07T09:49:19","date_gmt":"2022-07-07T07:49:19","guid":{"rendered":"https:\/\/3bbiotech.com\/artificial-intelligence\/"},"modified":"2025-03-24T11:20:39","modified_gmt":"2025-03-24T10:20:39","slug":"kuenstliche-intelligenz","status":"publish","type":"page","link":"https:\/\/3bbiotech.com\/de\/kuenstliche-intelligenz\/","title":{"rendered":"K\u00dcNSTLICHE INTELLIGENZ"},"content":{"rendered":"\t\t<div data-elementor-type=\"wp-page\" data-elementor-id=\"2816\" class=\"elementor elementor-2816 elementor-2415\">\n\t\t\t\t\t\t<section class=\"elementor-section elementor-top-section elementor-element elementor-element-209740f elementor-section-stretched intro-page elementor-section-full_width elementor-section-height-default elementor-section-height-default\" data-id=\"209740f\" data-element_type=\"section\" data-e-type=\"section\" data-settings=\"{&quot;stretch_section&quot;:&quot;section-stretched&quot;}\">\n\t\t\t\t\t\t<div class=\"elementor-container elementor-column-gap-default\">\n\t\t\t\t\t<div class=\"elementor-column elementor-col-100 elementor-top-column elementor-element elementor-element-4a5cff5\" data-id=\"4a5cff5\" data-element_type=\"column\" data-e-type=\"column\">\n\t\t\t<div class=\"elementor-widget-wrap elementor-element-populated\">\n\t\t\t\t\t\t<section class=\"elementor-section elementor-inner-section elementor-element elementor-element-592fd4e elementor-section-full_width elementor-section-height-default elementor-section-height-default\" data-id=\"592fd4e\" data-element_type=\"section\" data-e-type=\"section\">\n\t\t\t\t\t\t<div class=\"elementor-container elementor-column-gap-default\">\n\t\t\t\t\t<div class=\"elementor-column elementor-col-50 elementor-inner-column elementor-element elementor-element-16769fe animated-slow elementor-invisible\" data-id=\"16769fe\" data-element_type=\"column\" data-e-type=\"column\" data-settings=\"{&quot;animation&quot;:&quot;fadeInUp&quot;}\">\n\t\t\t<div class=\"elementor-widget-wrap elementor-element-populated\">\n\t\t\t\t\t\t<div class=\"elementor-element elementor-element-5eea623 elementor-widget elementor-widget-shortcode\" data-id=\"5eea623\" data-element_type=\"widget\" data-e-type=\"widget\" data-widget_type=\"shortcode.default\">\n\t\t\t\t<div class=\"elementor-widget-container\">\n\t\t\t\t\t\t\t<div class=\"elementor-shortcode\"><span><span><a href=\"https:\/\/3bbiotech.com\/de\/\">Home<\/a><\/span><\/span><\/div>\n\t\t\t\t\t\t<\/div>\n\t\t\t\t<\/div>\n\t\t\t\t\t<\/div>\n\t\t<\/div>\n\t\t\t\t<div class=\"elementor-column elementor-col-50 elementor-inner-column elementor-element elementor-element-25ffdcd animated-slow elementor-invisible\" data-id=\"25ffdcd\" data-element_type=\"column\" data-e-type=\"column\" data-settings=\"{&quot;animation&quot;:&quot;fadeInUp&quot;,&quot;animation_delay&quot;:500}\">\n\t\t\t<div class=\"elementor-widget-wrap elementor-element-populated\">\n\t\t\t\t\t\t<div class=\"elementor-element elementor-element-f49dd49 elementor-widget elementor-widget-heading\" data-id=\"f49dd49\" data-element_type=\"widget\" data-e-type=\"widget\" data-widget_type=\"heading.default\">\n\t\t\t\t<div class=\"elementor-widget-container\">\n\t\t\t\t\t<h1 class=\"elementor-heading-title elementor-size-default\">K\u00dcNSTLICHE INTELLIGENZ<\/h1>\t\t\t\t<\/div>\n\t\t\t\t<\/div>\n\t\t\t\t<div class=\"elementor-element elementor-element-ba324c9 elementor-widget elementor-widget-heading\" data-id=\"ba324c9\" data-element_type=\"widget\" data-e-type=\"widget\" data-widget_type=\"heading.default\">\n\t\t\t\t<div class=\"elementor-widget-container\">\n\t\t\t\t\t<h2 class=\"elementor-heading-title elementor-size-default\">3B Biotech Research arbeitet mit qualifizierten Partnern zusammen, die Technologie- und Softwarel\u00f6sungen f\u00fcr die Anwendung von K\u00fcnstlicher Intelligenz beherrschen<\/h2>\t\t\t\t<\/div>\n\t\t\t\t<\/div>\n\t\t\t\t\t<\/div>\n\t\t<\/div>\n\t\t\t\t\t<\/div>\n\t\t<\/section>\n\t\t\t\t<div class=\"elementor-element elementor-element-0b87740 animated-slow elementor-invisible elementor-widget elementor-widget-image\" data-id=\"0b87740\" data-element_type=\"widget\" data-e-type=\"widget\" data-settings=\"{&quot;_animation&quot;:&quot;fadeIn&quot;,&quot;_animation_delay&quot;:800}\" data-widget_type=\"image.default\">\n\t\t\t\t<div class=\"elementor-widget-container\">\n\t\t\t\t\t\t\t\t\t\t\t\t\t\t\t<img fetchpriority=\"high\" decoding=\"async\" width=\"1920\" height=\"650\" src=\"https:\/\/3bbiotech.com\/wp-content\/uploads\/2022\/07\/artificial-intelligence-def.jpg\" class=\"attachment-full size-full wp-image-2808\" alt=\"\" srcset=\"https:\/\/3bbiotech.com\/wp-content\/uploads\/2022\/07\/artificial-intelligence-def.jpg 1920w, https:\/\/3bbiotech.com\/wp-content\/uploads\/2022\/07\/artificial-intelligence-def-300x102.jpg 300w, https:\/\/3bbiotech.com\/wp-content\/uploads\/2022\/07\/artificial-intelligence-def-1024x347.jpg 1024w, https:\/\/3bbiotech.com\/wp-content\/uploads\/2022\/07\/artificial-intelligence-def-768x260.jpg 768w, https:\/\/3bbiotech.com\/wp-content\/uploads\/2022\/07\/artificial-intelligence-def-1536x520.jpg 1536w\" sizes=\"(max-width: 1920px) 100vw, 1920px\" \/>\t\t\t\t\t\t\t\t\t\t\t\t\t\t\t<\/div>\n\t\t\t\t<\/div>\n\t\t\t\t<section class=\"elementor-section elementor-inner-section elementor-element elementor-element-f9a566b elementor-section-full_width elementor-section-height-default elementor-section-height-default\" data-id=\"f9a566b\" data-element_type=\"section\" data-e-type=\"section\">\n\t\t\t\t\t\t<div class=\"elementor-container elementor-column-gap-default\">\n\t\t\t\t\t<div class=\"elementor-column elementor-col-100 elementor-inner-column elementor-element elementor-element-a8b282c animated-slow elementor-invisible\" data-id=\"a8b282c\" data-element_type=\"column\" data-e-type=\"column\" data-settings=\"{&quot;animation&quot;:&quot;fadeInUp&quot;,&quot;animation_delay&quot;:500}\">\n\t\t\t<div class=\"elementor-widget-wrap elementor-element-populated\">\n\t\t\t\t\t\t<div class=\"elementor-element elementor-element-166bdad elementor-widget elementor-widget-heading\" data-id=\"166bdad\" data-element_type=\"widget\" data-e-type=\"widget\" data-widget_type=\"heading.default\">\n\t\t\t\t<div class=\"elementor-widget-container\">\n\t\t\t\t\t<h2 class=\"elementor-heading-title elementor-size-default\">K\u00fcnstliche Intelligenz (KI) kann derzeit beschrieben werden als \u00abeine Reihe verschiedener Technologien, die zusammenwirken, um Maschinen das Wahrnehmen, Verstehen, Handeln und Erlernen mit einer dem Menschen \u00e4hnlichen Intelligenz zu erm\u00f6glichen\u00bb<\/h2>\t\t\t\t<\/div>\n\t\t\t\t<\/div>\n\t\t\t\t\t<\/div>\n\t\t<\/div>\n\t\t\t\t\t<\/div>\n\t\t<\/section>\n\t\t\t\t<section class=\"elementor-section elementor-inner-section elementor-element elementor-element-997516e elementor-section-full_width elementor-section-content-middle elementor-section-height-default elementor-section-height-default\" data-id=\"997516e\" data-element_type=\"section\" data-e-type=\"section\">\n\t\t\t\t\t\t<div class=\"elementor-container elementor-column-gap-default\">\n\t\t\t\t\t<div class=\"elementor-column elementor-col-50 elementor-inner-column elementor-element elementor-element-7d2aaaa animated-slow elementor-invisible\" data-id=\"7d2aaaa\" data-element_type=\"column\" data-e-type=\"column\" data-settings=\"{&quot;animation&quot;:&quot;fadeInUp&quot;,&quot;animation_delay&quot;:500}\">\n\t\t\t<div class=\"elementor-widget-wrap elementor-element-populated\">\n\t\t\t\t\t\t<div class=\"elementor-element elementor-element-819cc31 elementor-widget elementor-widget-text-editor\" data-id=\"819cc31\" data-element_type=\"widget\" data-e-type=\"widget\" data-widget_type=\"text-editor.default\">\n\t\t\t\t<div class=\"elementor-widget-container\">\n\t\t\t\t\t\t\t\t\t<p>Es lassen sich zwei Arten von k\u00fcnstlicher Intelligenz unterscheiden:<\/p><ul><li>SCHWACHE KI: Sie wird speziell entwickelt, um sich auf eine begrenzte Aufgabe in einem bestimmten Bereich zu konzentrieren, bezogen auf einzelne Aufgaben, die sich oft durch besoders logische Abl\u00e4ufe auszeichnen.\u00a0Das Hauptziel bei dieser Art von Anwendungen ist die Steigerung der Effizienz aller Prozesse;\u00a0<\/li><li>STARKE KI: eine bestimmte Denkweise bei der Entwicklung k\u00fcnstlicher Intelligenz. Ziel der starken KI ist es, die k\u00fcnstliche Intelligenz so weit zu entwickeln, dass die intellektuellen F\u00e4higkeiten einer Maschine funktional denen eines Menschen entsprechen; Systeme, die in der Lage sind, strategisch, abstrakt und kreativ zu \u00abdenken\u00bb, mit der F\u00e4higkeit, eine Reihe komplexer Aufgaben zu bew\u00e4ltigen<\/li><\/ul><p>Die Anwendungen der KI im Gesundheitssektor involvieren beide Seiten.\u00a0<\/p>\t\t\t\t\t\t\t\t<\/div>\n\t\t\t\t<\/div>\n\t\t\t\t\t<\/div>\n\t\t<\/div>\n\t\t\t\t<div class=\"elementor-column elementor-col-50 elementor-inner-column elementor-element elementor-element-52dbf07 animated-slow img-col elementor-invisible\" data-id=\"52dbf07\" data-element_type=\"column\" data-e-type=\"column\" data-settings=\"{&quot;animation&quot;:&quot;fadeInUp&quot;,&quot;animation_delay&quot;:800,&quot;background_background&quot;:&quot;classic&quot;}\">\n\t\t\t<div class=\"elementor-widget-wrap\">\n\t\t\t\t\t\t\t<\/div>\n\t\t<\/div>\n\t\t\t\t\t<\/div>\n\t\t<\/section>\n\t\t\t\t<section class=\"elementor-section elementor-inner-section elementor-element elementor-element-cc6ea26 elementor-section-full_width bg-color elementor-section-height-default elementor-section-height-default\" data-id=\"cc6ea26\" data-element_type=\"section\" data-e-type=\"section\" data-settings=\"{&quot;background_background&quot;:&quot;classic&quot;}\">\n\t\t\t\t\t\t<div class=\"elementor-container elementor-column-gap-default\">\n\t\t\t\t\t<div class=\"elementor-column elementor-col-50 elementor-inner-column elementor-element elementor-element-773dbea animated-slow elementor-invisible\" data-id=\"773dbea\" data-element_type=\"column\" data-e-type=\"column\" data-settings=\"{&quot;animation&quot;:&quot;fadeInUp&quot;,&quot;animation_delay&quot;:500}\">\n\t\t\t<div class=\"elementor-widget-wrap elementor-element-populated\">\n\t\t\t\t\t\t<div class=\"elementor-element elementor-element-1f1c3c5 elementor-widget elementor-widget-text-editor\" data-id=\"1f1c3c5\" data-element_type=\"widget\" data-e-type=\"widget\" data-widget_type=\"text-editor.default\">\n\t\t\t\t<div class=\"elementor-widget-container\">\n\t\t\t\t\t\t\t\t\t<p>K\u00fcnstliche Intelligenz erm\u00f6glicht zum Beispiel die Konsolidierung von Datenbest\u00e4nden aus klinischen Studien und dar\u00fcber hinaus und hilft\u00a0 Forschern, Modelle zu identifizieren und Schlussfolgerungen zu ziehen. Ausserdem bietet sie die M\u00f6glichkeit zur Zusammenarbeit, zur Analyse von Informationen und zur Konzentration auf Erkenntnisse, die lebensrettende Entdeckungen erm\u00f6glichen.<\/p><p>Insbesondere k\u00f6nnen neue Methoden der Datenanalyse die F\u00e4higkeit von \u00c4rzten verbessern, komplexe und grosse Datens\u00e4tze zu interpretieren und zu bearbeiten.<\/p><p>Die Technologie spielt heute eine wichtige Rolle bei der Verbesserung der Ergebnisse, der Erh\u00f6hung der Sicherheit und der Senkung der Kosten im Gesundheitswesen.<\/p>\t\t\t\t\t\t\t\t<\/div>\n\t\t\t\t<\/div>\n\t\t\t\t\t<\/div>\n\t\t<\/div>\n\t\t\t\t<div class=\"elementor-column elementor-col-50 elementor-inner-column elementor-element elementor-element-add39de animated-slow elementor-invisible\" data-id=\"add39de\" data-element_type=\"column\" data-e-type=\"column\" data-settings=\"{&quot;animation&quot;:&quot;fadeInUp&quot;,&quot;animation_delay&quot;:500}\">\n\t\t\t<div class=\"elementor-widget-wrap elementor-element-populated\">\n\t\t\t\t\t\t<div class=\"elementor-element elementor-element-833a1d6 elementor-widget elementor-widget-text-editor\" data-id=\"833a1d6\" data-element_type=\"widget\" data-e-type=\"widget\" data-widget_type=\"text-editor.default\">\n\t\t\t\t<div class=\"elementor-widget-container\">\n\t\t\t\t\t\t\t\t\t<p>Die Technologie spielt heute eine wichtige Rolle bei der Verbesserung der Ergebnisse, der Erh\u00f6hung der Sicherheit und der Senkung der Kosten im Gesundheitswesen.<\/p><p>Unterst\u00fctzende Hilfsmittel wie Erinnerungshilfen, Warnhinweise und klinische Daten, die direkt aus elektronischen Gesundheitsakten abgeleitet werden, werden den Arzt bei seiner Entscheidungsfindung unterst\u00fctzen. In diesem klinischen Szenario sollten \u00c4rzte und Manager in der Praxis Technologien anwenden, die von KI Software-Anbietern validiert wurden, um \u00c4rzte bei der Diagnose von Krankheiten und bei Behandlungsalgorithmen zu unterst\u00fctzen.<\/p><p>Es ist wichtig, den bedeutenden Beitrag hervorzuheben, den k\u00fcnstliche Intelligenz f\u00fcr die pharmakologische und biomedizinische Forschung leistet, indem sie Analysen und Prognosen erm\u00f6glicht, die bis zum letzten Jahrzehnt unvorstellbar waren.<\/p>\t\t\t\t\t\t\t\t<\/div>\n\t\t\t\t<\/div>\n\t\t\t\t\t<\/div>\n\t\t<\/div>\n\t\t\t\t\t<\/div>\n\t\t<\/section>\n\t\t\t\t\t<\/div>\n\t\t<\/div>\n\t\t\t\t\t<\/div>\n\t\t<\/section>\n\t\t\t\t<\/div>\n\t\t","protected":false},"excerpt":{"rendered":"<p>K\u00dcNSTLICHE INTELLIGENZ 3B Biotech Research arbeitet mit qualifizierten Partnern zusammen, die Technologie- und Softwarel\u00f6sungen f\u00fcr die Anwendung von K\u00fcnstlicher Intelligenz beherrschen K\u00fcnstliche Intelligenz (KI) kann derzeit beschrieben werden als \u00abeine Reihe verschiedener Technologien, die zusammenwirken, um Maschinen das Wahrnehmen, Verstehen, Handeln und Erlernen mit einer dem Menschen \u00e4hnlichen Intelligenz zu erm\u00f6glichen\u00bb Es lassen sich zwei &#8230; <a title=\"K\u00dcNSTLICHE INTELLIGENZ\" class=\"read-more\" href=\"https:\/\/3bbiotech.com\/de\/kuenstliche-intelligenz\/\" aria-label=\"Read more about K\u00dcNSTLICHE INTELLIGENZ\">Weiterlesen<\/a><\/p>\n","protected":false},"author":1,"featured_media":0,"parent":0,"menu_order":0,"comment_status":"closed","ping_status":"closed","template":"","meta":{"content-type":"","footnotes":""},"categories":[],"tags":[82],"class_list":{"0":"post-2816","1":"page","2":"type-page","3":"status-publish","5":"tag-kuenstliche-intelligenz"},"yoast_head":"<!-- This site is optimized with the Yoast SEO plugin v27.0 - https:\/\/yoast.com\/product\/yoast-seo-wordpress\/ -->\n<title>K\u00dcNSTLICHE INTELLIGENZ | 3 B Biotech Pharmakovigilanz<\/title>\n<meta name=\"description\" content=\"3B Biotech Research arbeitet mit qualifizierten Partnern zusammen, die Technologie- und Softwarel\u00f6sungen f\u00fcr die ...\" \/>\n<meta name=\"robots\" content=\"index, follow, max-snippet:-1, max-image-preview:large, max-video-preview:-1\" \/>\n<link rel=\"canonical\" href=\"https:\/\/3bbiotech.com\/de\/kuenstliche-intelligenz\/\" \/>\n<meta property=\"og:locale\" content=\"de_DE\" \/>\n<meta property=\"og:type\" content=\"article\" \/>\n<meta property=\"og:title\" content=\"K\u00dcNSTLICHE INTELLIGENZ | 3 B Biotech Pharmakovigilanz\" \/>\n<meta property=\"og:description\" content=\"3B Biotech Research arbeitet mit qualifizierten Partnern zusammen, die Technologie- und Softwarel\u00f6sungen f\u00fcr die ...\" \/>\n<meta property=\"og:url\" content=\"https:\/\/3bbiotech.com\/de\/kuenstliche-intelligenz\/\" \/>\n<meta property=\"og:site_name\" content=\"3B Biotech\" \/>\n<meta property=\"article:modified_time\" content=\"2025-03-24T10:20:39+00:00\" \/>\n<meta property=\"og:image\" content=\"https:\/\/3bbiotech.com\/wp-content\/uploads\/2022\/07\/artificial-intelligence-def.jpg\" \/>\n<meta name=\"twitter:card\" content=\"summary_large_image\" \/>\n<meta name=\"twitter:label1\" content=\"Gesch\u00e4tzte Lesezeit\" \/>\n\t<meta name=\"twitter:data1\" content=\"2\u00a0Minuten\" \/>\n<script type=\"application\/ld+json\" class=\"yoast-schema-graph\">{\"@context\":\"https:\/\/schema.org\",\"@graph\":[{\"@type\":\"WebPage\",\"@id\":\"https:\/\/3bbiotech.com\/de\/kuenstliche-intelligenz\/\",\"url\":\"https:\/\/3bbiotech.com\/de\/kuenstliche-intelligenz\/\",\"name\":\"K\u00dcNSTLICHE INTELLIGENZ | 3 B Biotech Pharmakovigilanz\",\"isPartOf\":{\"@id\":\"https:\/\/3bbiotech.com\/de\/#website\"},\"primaryImageOfPage\":{\"@id\":\"https:\/\/3bbiotech.com\/de\/kuenstliche-intelligenz\/#primaryimage\"},\"image\":{\"@id\":\"https:\/\/3bbiotech.com\/de\/kuenstliche-intelligenz\/#primaryimage\"},\"thumbnailUrl\":\"https:\/\/3bbiotech.com\/wp-content\/uploads\/2022\/07\/artificial-intelligence-def.jpg\",\"datePublished\":\"2022-07-07T07:49:19+00:00\",\"dateModified\":\"2025-03-24T10:20:39+00:00\",\"description\":\"3B Biotech Research arbeitet mit qualifizierten Partnern zusammen, die Technologie- und Softwarel\u00f6sungen f\u00fcr die ...\",\"breadcrumb\":{\"@id\":\"https:\/\/3bbiotech.com\/de\/kuenstliche-intelligenz\/#breadcrumb\"},\"inLanguage\":\"de\",\"potentialAction\":[{\"@type\":\"ReadAction\",\"target\":[\"https:\/\/3bbiotech.com\/de\/kuenstliche-intelligenz\/\"]}]},{\"@type\":\"ImageObject\",\"inLanguage\":\"de\",\"@id\":\"https:\/\/3bbiotech.com\/de\/kuenstliche-intelligenz\/#primaryimage\",\"url\":\"https:\/\/3bbiotech.com\/wp-content\/uploads\/2022\/07\/artificial-intelligence-def.jpg\",\"contentUrl\":\"https:\/\/3bbiotech.com\/wp-content\/uploads\/2022\/07\/artificial-intelligence-def.jpg\"},{\"@type\":\"BreadcrumbList\",\"@id\":\"https:\/\/3bbiotech.com\/de\/kuenstliche-intelligenz\/#breadcrumb\",\"itemListElement\":[{\"@type\":\"ListItem\",\"position\":1,\"name\":\"Home\",\"item\":\"https:\/\/3bbiotech.com\/de\/\"},{\"@type\":\"ListItem\",\"position\":2,\"name\":\"K\u00dcNSTLICHE INTELLIGENZ\"}]},{\"@type\":\"WebSite\",\"@id\":\"https:\/\/3bbiotech.com\/de\/#website\",\"url\":\"https:\/\/3bbiotech.com\/de\/\",\"name\":\"3B Biotech\",\"description\":\"Biotech Research\",\"publisher\":{\"@id\":\"https:\/\/3bbiotech.com\/de\/#organization\"},\"potentialAction\":[{\"@type\":\"SearchAction\",\"target\":{\"@type\":\"EntryPoint\",\"urlTemplate\":\"https:\/\/3bbiotech.com\/de\/?s={search_term_string}\"},\"query-input\":{\"@type\":\"PropertyValueSpecification\",\"valueRequired\":true,\"valueName\":\"search_term_string\"}}],\"inLanguage\":\"de\"},{\"@type\":\"Organization\",\"@id\":\"https:\/\/3bbiotech.com\/de\/#organization\",\"name\":\"3B Biotech\",\"url\":\"https:\/\/3bbiotech.com\/de\/\",\"logo\":{\"@type\":\"ImageObject\",\"inLanguage\":\"de\",\"@id\":\"https:\/\/3bbiotech.com\/de\/#\/schema\/logo\/image\/\",\"url\":\"https:\/\/3bbiotech.com\/wp-content\/uploads\/2021\/12\/logo.png\",\"contentUrl\":\"https:\/\/3bbiotech.com\/wp-content\/uploads\/2021\/12\/logo.png\",\"width\":120,\"height\":100,\"caption\":\"3B Biotech\"},\"image\":{\"@id\":\"https:\/\/3bbiotech.com\/de\/#\/schema\/logo\/image\/\"}}]}<\/script>\n<!-- \/ Yoast SEO plugin. -->","yoast_head_json":{"title":"K\u00dcNSTLICHE INTELLIGENZ | 3 B Biotech Pharmakovigilanz","description":"3B Biotech Research arbeitet mit qualifizierten Partnern zusammen, die Technologie- und Softwarel\u00f6sungen f\u00fcr die ...","robots":{"index":"index","follow":"follow","max-snippet":"max-snippet:-1","max-image-preview":"max-image-preview:large","max-video-preview":"max-video-preview:-1"},"canonical":"https:\/\/3bbiotech.com\/de\/kuenstliche-intelligenz\/","og_locale":"de_DE","og_type":"article","og_title":"K\u00dcNSTLICHE INTELLIGENZ | 3 B Biotech Pharmakovigilanz","og_description":"3B Biotech Research arbeitet mit qualifizierten Partnern zusammen, die Technologie- und Softwarel\u00f6sungen f\u00fcr die ...","og_url":"https:\/\/3bbiotech.com\/de\/kuenstliche-intelligenz\/","og_site_name":"3B Biotech","article_modified_time":"2025-03-24T10:20:39+00:00","og_image":[{"url":"https:\/\/3bbiotech.com\/wp-content\/uploads\/2022\/07\/artificial-intelligence-def.jpg","type":"","width":"","height":""}],"twitter_card":"summary_large_image","twitter_misc":{"Gesch\u00e4tzte Lesezeit":"2\u00a0Minuten"},"schema":{"@context":"https:\/\/schema.org","@graph":[{"@type":"WebPage","@id":"https:\/\/3bbiotech.com\/de\/kuenstliche-intelligenz\/","url":"https:\/\/3bbiotech.com\/de\/kuenstliche-intelligenz\/","name":"K\u00dcNSTLICHE INTELLIGENZ | 3 B Biotech Pharmakovigilanz","isPartOf":{"@id":"https:\/\/3bbiotech.com\/de\/#website"},"primaryImageOfPage":{"@id":"https:\/\/3bbiotech.com\/de\/kuenstliche-intelligenz\/#primaryimage"},"image":{"@id":"https:\/\/3bbiotech.com\/de\/kuenstliche-intelligenz\/#primaryimage"},"thumbnailUrl":"https:\/\/3bbiotech.com\/wp-content\/uploads\/2022\/07\/artificial-intelligence-def.jpg","datePublished":"2022-07-07T07:49:19+00:00","dateModified":"2025-03-24T10:20:39+00:00","description":"3B Biotech Research arbeitet mit qualifizierten Partnern zusammen, die Technologie- und Softwarel\u00f6sungen f\u00fcr die ...","breadcrumb":{"@id":"https:\/\/3bbiotech.com\/de\/kuenstliche-intelligenz\/#breadcrumb"},"inLanguage":"de","potentialAction":[{"@type":"ReadAction","target":["https:\/\/3bbiotech.com\/de\/kuenstliche-intelligenz\/"]}]},{"@type":"ImageObject","inLanguage":"de","@id":"https:\/\/3bbiotech.com\/de\/kuenstliche-intelligenz\/#primaryimage","url":"https:\/\/3bbiotech.com\/wp-content\/uploads\/2022\/07\/artificial-intelligence-def.jpg","contentUrl":"https:\/\/3bbiotech.com\/wp-content\/uploads\/2022\/07\/artificial-intelligence-def.jpg"},{"@type":"BreadcrumbList","@id":"https:\/\/3bbiotech.com\/de\/kuenstliche-intelligenz\/#breadcrumb","itemListElement":[{"@type":"ListItem","position":1,"name":"Home","item":"https:\/\/3bbiotech.com\/de\/"},{"@type":"ListItem","position":2,"name":"K\u00dcNSTLICHE INTELLIGENZ"}]},{"@type":"WebSite","@id":"https:\/\/3bbiotech.com\/de\/#website","url":"https:\/\/3bbiotech.com\/de\/","name":"3B Biotech","description":"Biotech Research","publisher":{"@id":"https:\/\/3bbiotech.com\/de\/#organization"},"potentialAction":[{"@type":"SearchAction","target":{"@type":"EntryPoint","urlTemplate":"https:\/\/3bbiotech.com\/de\/?s={search_term_string}"},"query-input":{"@type":"PropertyValueSpecification","valueRequired":true,"valueName":"search_term_string"}}],"inLanguage":"de"},{"@type":"Organization","@id":"https:\/\/3bbiotech.com\/de\/#organization","name":"3B Biotech","url":"https:\/\/3bbiotech.com\/de\/","logo":{"@type":"ImageObject","inLanguage":"de","@id":"https:\/\/3bbiotech.com\/de\/#\/schema\/logo\/image\/","url":"https:\/\/3bbiotech.com\/wp-content\/uploads\/2021\/12\/logo.png","contentUrl":"https:\/\/3bbiotech.com\/wp-content\/uploads\/2021\/12\/logo.png","width":120,"height":100,"caption":"3B Biotech"},"image":{"@id":"https:\/\/3bbiotech.com\/de\/#\/schema\/logo\/image\/"}}]}},"_links":{"self":[{"href":"https:\/\/3bbiotech.com\/de\/wp-json\/wp\/v2\/pages\/2816","targetHints":{"allow":["GET"]}}],"collection":[{"href":"https:\/\/3bbiotech.com\/de\/wp-json\/wp\/v2\/pages"}],"about":[{"href":"https:\/\/3bbiotech.com\/de\/wp-json\/wp\/v2\/types\/page"}],"author":[{"embeddable":true,"href":"https:\/\/3bbiotech.com\/de\/wp-json\/wp\/v2\/users\/1"}],"replies":[{"embeddable":true,"href":"https:\/\/3bbiotech.com\/de\/wp-json\/wp\/v2\/comments?post=2816"}],"version-history":[{"count":6,"href":"https:\/\/3bbiotech.com\/de\/wp-json\/wp\/v2\/pages\/2816\/revisions"}],"predecessor-version":[{"id":2879,"href":"https:\/\/3bbiotech.com\/de\/wp-json\/wp\/v2\/pages\/2816\/revisions\/2879"}],"wp:attachment":[{"href":"https:\/\/3bbiotech.com\/de\/wp-json\/wp\/v2\/media?parent=2816"}],"wp:term":[{"taxonomy":"category","embeddable":true,"href":"https:\/\/3bbiotech.com\/de\/wp-json\/wp\/v2\/categories?post=2816"},{"taxonomy":"post_tag","embeddable":true,"href":"https:\/\/3bbiotech.com\/de\/wp-json\/wp\/v2\/tags?post=2816"}],"curies":[{"name":"wp","href":"https:\/\/api.w.org\/{rel}","templated":true}]}}