{"id":2814,"date":"2022-04-04T09:29:55","date_gmt":"2022-04-04T07:29:55","guid":{"rendered":"https:\/\/3bbiotech.com\/about-us\/"},"modified":"2025-03-17T16:42:27","modified_gmt":"2025-03-17T15:42:27","slug":"ueber-uns","status":"publish","type":"page","link":"https:\/\/3bbiotech.com\/de\/ueber-uns\/","title":{"rendered":"\u00dcber uns"},"content":{"rendered":"\t\t<div data-elementor-type=\"wp-page\" data-elementor-id=\"2814\" class=\"elementor elementor-2814 elementor-1066\">\n\t\t\t\t\t\t<section class=\"elementor-section elementor-top-section elementor-element elementor-element-209740f elementor-section-stretched intro-page elementor-section-full_width elementor-section-height-default elementor-section-height-default\" data-id=\"209740f\" data-element_type=\"section\" data-e-type=\"section\" data-settings=\"{&quot;stretch_section&quot;:&quot;section-stretched&quot;}\">\n\t\t\t\t\t\t<div class=\"elementor-container elementor-column-gap-default\">\n\t\t\t\t\t<div class=\"elementor-column elementor-col-100 elementor-top-column elementor-element elementor-element-4a5cff5\" data-id=\"4a5cff5\" data-element_type=\"column\" data-e-type=\"column\">\n\t\t\t<div class=\"elementor-widget-wrap elementor-element-populated\">\n\t\t\t\t\t\t<section class=\"elementor-section elementor-inner-section elementor-element elementor-element-592fd4e elementor-section-full_width elementor-section-height-default elementor-section-height-default\" data-id=\"592fd4e\" data-element_type=\"section\" data-e-type=\"section\">\n\t\t\t\t\t\t<div class=\"elementor-container elementor-column-gap-default\">\n\t\t\t\t\t<div class=\"elementor-column elementor-col-50 elementor-inner-column elementor-element elementor-element-16769fe animated-slow elementor-invisible\" data-id=\"16769fe\" data-element_type=\"column\" data-e-type=\"column\" data-settings=\"{&quot;animation&quot;:&quot;fadeInUp&quot;}\">\n\t\t\t<div class=\"elementor-widget-wrap elementor-element-populated\">\n\t\t\t\t\t\t<div class=\"elementor-element elementor-element-5eea623 elementor-widget elementor-widget-shortcode\" data-id=\"5eea623\" data-element_type=\"widget\" data-e-type=\"widget\" data-widget_type=\"shortcode.default\">\n\t\t\t\t<div class=\"elementor-widget-container\">\n\t\t\t\t\t\t\t<div class=\"elementor-shortcode\"><span><span><a href=\"https:\/\/3bbiotech.com\/de\/\">Home<\/a><\/span><\/span><\/div>\n\t\t\t\t\t\t<\/div>\n\t\t\t\t<\/div>\n\t\t\t\t\t<\/div>\n\t\t<\/div>\n\t\t\t\t<div class=\"elementor-column elementor-col-50 elementor-inner-column elementor-element elementor-element-25ffdcd animated-slow elementor-invisible\" data-id=\"25ffdcd\" data-element_type=\"column\" data-e-type=\"column\" data-settings=\"{&quot;animation&quot;:&quot;fadeInUp&quot;,&quot;animation_delay&quot;:500}\">\n\t\t\t<div class=\"elementor-widget-wrap elementor-element-populated\">\n\t\t\t\t\t\t<div class=\"elementor-element elementor-element-f49dd49 elementor-widget elementor-widget-heading\" data-id=\"f49dd49\" data-element_type=\"widget\" data-e-type=\"widget\" data-widget_type=\"heading.default\">\n\t\t\t\t<div class=\"elementor-widget-container\">\n\t\t\t\t\t<h1 class=\"elementor-heading-title elementor-size-default\">\u00dcBER UNS<\/h1>\t\t\t\t<\/div>\n\t\t\t\t<\/div>\n\t\t\t\t<div class=\"elementor-element elementor-element-ba324c9 elementor-widget elementor-widget-heading\" data-id=\"ba324c9\" data-element_type=\"widget\" data-e-type=\"widget\" data-widget_type=\"heading.default\">\n\t\t\t\t<div class=\"elementor-widget-container\">\n\t\t\t\t\t<h2 class=\"elementor-heading-title elementor-size-default\">3B Biotech Research ist ein weltweit t\u00e4tiges Auftragsforschungsinstitut (CRO) mit Sitz in der Schweiz<\/h2>\t\t\t\t<\/div>\n\t\t\t\t<\/div>\n\t\t\t\t\t<\/div>\n\t\t<\/div>\n\t\t\t\t\t<\/div>\n\t\t<\/section>\n\t\t\t\t<div class=\"elementor-element elementor-element-0b87740 animated-slow elementor-invisible elementor-widget elementor-widget-image\" data-id=\"0b87740\" data-element_type=\"widget\" data-e-type=\"widget\" data-settings=\"{&quot;_animation&quot;:&quot;fadeIn&quot;,&quot;_animation_delay&quot;:800}\" data-widget_type=\"image.default\">\n\t\t\t\t<div class=\"elementor-widget-container\">\n\t\t\t\t\t\t\t\t\t\t\t\t\t\t\t<img fetchpriority=\"high\" decoding=\"async\" width=\"1920\" height=\"650\" src=\"https:\/\/3bbiotech.com\/wp-content\/uploads\/2022\/04\/3b-about-head-def.jpg\" class=\"attachment-full size-full wp-image-2777\" alt=\"\" srcset=\"https:\/\/3bbiotech.com\/wp-content\/uploads\/2022\/04\/3b-about-head-def.jpg 1920w, https:\/\/3bbiotech.com\/wp-content\/uploads\/2022\/04\/3b-about-head-def-300x102.jpg 300w, https:\/\/3bbiotech.com\/wp-content\/uploads\/2022\/04\/3b-about-head-def-1024x347.jpg 1024w, https:\/\/3bbiotech.com\/wp-content\/uploads\/2022\/04\/3b-about-head-def-768x260.jpg 768w, https:\/\/3bbiotech.com\/wp-content\/uploads\/2022\/04\/3b-about-head-def-1536x520.jpg 1536w\" sizes=\"(max-width: 1920px) 100vw, 1920px\" \/>\t\t\t\t\t\t\t\t\t\t\t\t\t\t\t<\/div>\n\t\t\t\t<\/div>\n\t\t\t\t<section class=\"elementor-section elementor-inner-section elementor-element elementor-element-f9a566b elementor-section-full_width elementor-section-height-default elementor-section-height-default\" data-id=\"f9a566b\" data-element_type=\"section\" data-e-type=\"section\">\n\t\t\t\t\t\t<div class=\"elementor-container elementor-column-gap-default\">\n\t\t\t\t\t<div class=\"elementor-column elementor-col-100 elementor-inner-column elementor-element elementor-element-a8b282c animated-slow elementor-invisible\" data-id=\"a8b282c\" data-element_type=\"column\" data-e-type=\"column\" data-settings=\"{&quot;animation&quot;:&quot;fadeInUp&quot;,&quot;animation_delay&quot;:500}\">\n\t\t\t<div class=\"elementor-widget-wrap elementor-element-populated\">\n\t\t\t\t\t\t<div class=\"elementor-element elementor-element-65357f2 elementor-widget elementor-widget-heading\" data-id=\"65357f2\" data-element_type=\"widget\" data-e-type=\"widget\" data-widget_type=\"heading.default\">\n\t\t\t\t<div class=\"elementor-widget-container\">\n\t\t\t\t\t<h4 class=\"elementor-heading-title elementor-size-default\">Wir bieten massgeschneiderte Dienstleistungen und flexible L\u00f6sungen, um unsere Kunden in den Bereichen Pharma, Biotech, Medizin und Ern\u00e4hrung bei ihren Entwicklungs-, Forschungs- und Marketingprogrammen zu unterst\u00fctzen.<\/h4>\t\t\t\t<\/div>\n\t\t\t\t<\/div>\n\t\t\t\t<div class=\"elementor-element elementor-element-cac9920 elementor-widget elementor-widget-text-editor\" data-id=\"cac9920\" data-element_type=\"widget\" data-e-type=\"widget\" data-widget_type=\"text-editor.default\">\n\t\t\t\t<div class=\"elementor-widget-container\">\n\t\t\t\t\t\t\t\t\t<p>Ganz gleich, ob Sie ein globales Unternehmen, eine Tochtergesellschaft oder ein kleines Start-up-Unternehmen sind, 3B Biotech wird sich Ihren individuellen Bed\u00fcrfnissen mit dem gleichen Engagement und der gleichen Aufmerksamkeit widmen.<\/p><p>Fachwissen kommt nicht von ungef\u00e4hr, sondern ist das Ergebnis jahrzehntelanger Erfahrung und des Bestrebens, immer besser zu werden.<\/p><p>Wir haben das gleiche Ziel: Ihr Produkt zum Erfolg zu f\u00fchren und dabei Budget und Zeitpl\u00e4ne einzuhalten.<\/p>\t\t\t\t\t\t\t\t<\/div>\n\t\t\t\t<\/div>\n\t\t\t\t\t<\/div>\n\t\t<\/div>\n\t\t\t\t\t<\/div>\n\t\t<\/section>\n\t\t\t\t\t<\/div>\n\t\t<\/div>\n\t\t\t\t\t<\/div>\n\t\t<\/section>\n\t\t\t\t<\/div>\n\t\t","protected":false},"excerpt":{"rendered":"<p>\u00dcBER UNS 3B Biotech Research ist ein weltweit t\u00e4tiges Auftragsforschungsinstitut (CRO) mit Sitz in der Schweiz Wir bieten massgeschneiderte Dienstleistungen und flexible L\u00f6sungen, um unsere Kunden in den Bereichen Pharma, Biotech, Medizin und Ern\u00e4hrung bei ihren Entwicklungs-, Forschungs- und Marketingprogrammen zu unterst\u00fctzen. Ganz gleich, ob Sie ein globales Unternehmen, eine Tochtergesellschaft oder ein kleines Start-up-Unternehmen &#8230; <a title=\"\u00dcber uns\" class=\"read-more\" href=\"https:\/\/3bbiotech.com\/de\/ueber-uns\/\" aria-label=\"Read more about \u00dcber uns\">Weiterlesen<\/a><\/p>\n","protected":false},"author":1,"featured_media":0,"parent":0,"menu_order":0,"comment_status":"closed","ping_status":"closed","template":"","meta":{"content-type":"","footnotes":""},"categories":[],"tags":[71],"class_list":{"0":"post-2814","1":"page","2":"type-page","3":"status-publish","5":"tag-ihr-weltweites-auftragsforschungsinstitut"},"yoast_head":"<!-- This site is optimized with the Yoast SEO plugin v27.0 - https:\/\/yoast.com\/product\/yoast-seo-wordpress\/ -->\n<title>3B Biotech Research | Ihr weltweites Auftragsforschungsinstitut<\/title>\n<meta name=\"description\" content=\"3B Biotech Research ist ein weltweit t\u00e4tiges Auftragsforschungsinstitut (CRO) mit Sitz in der Schweiz......\" \/>\n<meta name=\"robots\" content=\"index, follow, max-snippet:-1, max-image-preview:large, max-video-preview:-1\" \/>\n<link rel=\"canonical\" href=\"https:\/\/3bbiotech.com\/de\/ueber-uns\/\" \/>\n<meta property=\"og:locale\" content=\"de_DE\" \/>\n<meta property=\"og:type\" content=\"article\" \/>\n<meta property=\"og:title\" content=\"3B Biotech Research | Ihr weltweites Auftragsforschungsinstitut\" \/>\n<meta property=\"og:description\" content=\"3B Biotech Research ist ein weltweit t\u00e4tiges Auftragsforschungsinstitut (CRO) mit Sitz in der Schweiz......\" \/>\n<meta property=\"og:url\" content=\"https:\/\/3bbiotech.com\/de\/ueber-uns\/\" \/>\n<meta property=\"og:site_name\" content=\"3B Biotech\" \/>\n<meta property=\"article:modified_time\" content=\"2025-03-17T15:42:27+00:00\" \/>\n<meta property=\"og:image\" content=\"https:\/\/3bbiotech.com\/wp-content\/uploads\/2022\/04\/3b-about-head-def.jpg\" \/>\n<meta name=\"twitter:card\" content=\"summary_large_image\" \/>\n<meta name=\"twitter:label1\" content=\"Gesch\u00e4tzte Lesezeit\" \/>\n\t<meta name=\"twitter:data1\" content=\"1\u00a0Minute\" \/>\n<script type=\"application\/ld+json\" class=\"yoast-schema-graph\">{\"@context\":\"https:\/\/schema.org\",\"@graph\":[{\"@type\":\"WebPage\",\"@id\":\"https:\/\/3bbiotech.com\/de\/ueber-uns\/\",\"url\":\"https:\/\/3bbiotech.com\/de\/ueber-uns\/\",\"name\":\"3B Biotech Research | Ihr weltweites Auftragsforschungsinstitut\",\"isPartOf\":{\"@id\":\"https:\/\/3bbiotech.com\/de\/#website\"},\"primaryImageOfPage\":{\"@id\":\"https:\/\/3bbiotech.com\/de\/ueber-uns\/#primaryimage\"},\"image\":{\"@id\":\"https:\/\/3bbiotech.com\/de\/ueber-uns\/#primaryimage\"},\"thumbnailUrl\":\"https:\/\/3bbiotech.com\/wp-content\/uploads\/2022\/04\/3b-about-head-def.jpg\",\"datePublished\":\"2022-04-04T07:29:55+00:00\",\"dateModified\":\"2025-03-17T15:42:27+00:00\",\"description\":\"3B Biotech Research ist ein weltweit t\u00e4tiges Auftragsforschungsinstitut (CRO) mit Sitz in der Schweiz......\",\"breadcrumb\":{\"@id\":\"https:\/\/3bbiotech.com\/de\/ueber-uns\/#breadcrumb\"},\"inLanguage\":\"de\",\"potentialAction\":[{\"@type\":\"ReadAction\",\"target\":[\"https:\/\/3bbiotech.com\/de\/ueber-uns\/\"]}]},{\"@type\":\"ImageObject\",\"inLanguage\":\"de\",\"@id\":\"https:\/\/3bbiotech.com\/de\/ueber-uns\/#primaryimage\",\"url\":\"https:\/\/3bbiotech.com\/wp-content\/uploads\/2022\/04\/3b-about-head-def.jpg\",\"contentUrl\":\"https:\/\/3bbiotech.com\/wp-content\/uploads\/2022\/04\/3b-about-head-def.jpg\"},{\"@type\":\"BreadcrumbList\",\"@id\":\"https:\/\/3bbiotech.com\/de\/ueber-uns\/#breadcrumb\",\"itemListElement\":[{\"@type\":\"ListItem\",\"position\":1,\"name\":\"Home\",\"item\":\"https:\/\/3bbiotech.com\/de\/\"},{\"@type\":\"ListItem\",\"position\":2,\"name\":\"\u00dcber uns\"}]},{\"@type\":\"WebSite\",\"@id\":\"https:\/\/3bbiotech.com\/de\/#website\",\"url\":\"https:\/\/3bbiotech.com\/de\/\",\"name\":\"3B Biotech\",\"description\":\"Biotech Research\",\"publisher\":{\"@id\":\"https:\/\/3bbiotech.com\/de\/#organization\"},\"potentialAction\":[{\"@type\":\"SearchAction\",\"target\":{\"@type\":\"EntryPoint\",\"urlTemplate\":\"https:\/\/3bbiotech.com\/de\/?s={search_term_string}\"},\"query-input\":{\"@type\":\"PropertyValueSpecification\",\"valueRequired\":true,\"valueName\":\"search_term_string\"}}],\"inLanguage\":\"de\"},{\"@type\":\"Organization\",\"@id\":\"https:\/\/3bbiotech.com\/de\/#organization\",\"name\":\"3B Biotech\",\"url\":\"https:\/\/3bbiotech.com\/de\/\",\"logo\":{\"@type\":\"ImageObject\",\"inLanguage\":\"de\",\"@id\":\"https:\/\/3bbiotech.com\/de\/#\/schema\/logo\/image\/\",\"url\":\"https:\/\/3bbiotech.com\/wp-content\/uploads\/2021\/12\/logo.png\",\"contentUrl\":\"https:\/\/3bbiotech.com\/wp-content\/uploads\/2021\/12\/logo.png\",\"width\":120,\"height\":100,\"caption\":\"3B Biotech\"},\"image\":{\"@id\":\"https:\/\/3bbiotech.com\/de\/#\/schema\/logo\/image\/\"}}]}<\/script>\n<!-- \/ Yoast SEO plugin. -->","yoast_head_json":{"title":"3B Biotech Research | Ihr weltweites Auftragsforschungsinstitut","description":"3B Biotech Research ist ein weltweit t\u00e4tiges Auftragsforschungsinstitut (CRO) mit Sitz in der Schweiz......","robots":{"index":"index","follow":"follow","max-snippet":"max-snippet:-1","max-image-preview":"max-image-preview:large","max-video-preview":"max-video-preview:-1"},"canonical":"https:\/\/3bbiotech.com\/de\/ueber-uns\/","og_locale":"de_DE","og_type":"article","og_title":"3B Biotech Research | Ihr weltweites Auftragsforschungsinstitut","og_description":"3B Biotech Research ist ein weltweit t\u00e4tiges Auftragsforschungsinstitut (CRO) mit Sitz in der Schweiz......","og_url":"https:\/\/3bbiotech.com\/de\/ueber-uns\/","og_site_name":"3B Biotech","article_modified_time":"2025-03-17T15:42:27+00:00","og_image":[{"url":"https:\/\/3bbiotech.com\/wp-content\/uploads\/2022\/04\/3b-about-head-def.jpg","type":"","width":"","height":""}],"twitter_card":"summary_large_image","twitter_misc":{"Gesch\u00e4tzte Lesezeit":"1\u00a0Minute"},"schema":{"@context":"https:\/\/schema.org","@graph":[{"@type":"WebPage","@id":"https:\/\/3bbiotech.com\/de\/ueber-uns\/","url":"https:\/\/3bbiotech.com\/de\/ueber-uns\/","name":"3B Biotech Research | Ihr weltweites Auftragsforschungsinstitut","isPartOf":{"@id":"https:\/\/3bbiotech.com\/de\/#website"},"primaryImageOfPage":{"@id":"https:\/\/3bbiotech.com\/de\/ueber-uns\/#primaryimage"},"image":{"@id":"https:\/\/3bbiotech.com\/de\/ueber-uns\/#primaryimage"},"thumbnailUrl":"https:\/\/3bbiotech.com\/wp-content\/uploads\/2022\/04\/3b-about-head-def.jpg","datePublished":"2022-04-04T07:29:55+00:00","dateModified":"2025-03-17T15:42:27+00:00","description":"3B Biotech Research ist ein weltweit t\u00e4tiges Auftragsforschungsinstitut (CRO) mit Sitz in der Schweiz......","breadcrumb":{"@id":"https:\/\/3bbiotech.com\/de\/ueber-uns\/#breadcrumb"},"inLanguage":"de","potentialAction":[{"@type":"ReadAction","target":["https:\/\/3bbiotech.com\/de\/ueber-uns\/"]}]},{"@type":"ImageObject","inLanguage":"de","@id":"https:\/\/3bbiotech.com\/de\/ueber-uns\/#primaryimage","url":"https:\/\/3bbiotech.com\/wp-content\/uploads\/2022\/04\/3b-about-head-def.jpg","contentUrl":"https:\/\/3bbiotech.com\/wp-content\/uploads\/2022\/04\/3b-about-head-def.jpg"},{"@type":"BreadcrumbList","@id":"https:\/\/3bbiotech.com\/de\/ueber-uns\/#breadcrumb","itemListElement":[{"@type":"ListItem","position":1,"name":"Home","item":"https:\/\/3bbiotech.com\/de\/"},{"@type":"ListItem","position":2,"name":"\u00dcber uns"}]},{"@type":"WebSite","@id":"https:\/\/3bbiotech.com\/de\/#website","url":"https:\/\/3bbiotech.com\/de\/","name":"3B Biotech","description":"Biotech Research","publisher":{"@id":"https:\/\/3bbiotech.com\/de\/#organization"},"potentialAction":[{"@type":"SearchAction","target":{"@type":"EntryPoint","urlTemplate":"https:\/\/3bbiotech.com\/de\/?s={search_term_string}"},"query-input":{"@type":"PropertyValueSpecification","valueRequired":true,"valueName":"search_term_string"}}],"inLanguage":"de"},{"@type":"Organization","@id":"https:\/\/3bbiotech.com\/de\/#organization","name":"3B Biotech","url":"https:\/\/3bbiotech.com\/de\/","logo":{"@type":"ImageObject","inLanguage":"de","@id":"https:\/\/3bbiotech.com\/de\/#\/schema\/logo\/image\/","url":"https:\/\/3bbiotech.com\/wp-content\/uploads\/2021\/12\/logo.png","contentUrl":"https:\/\/3bbiotech.com\/wp-content\/uploads\/2021\/12\/logo.png","width":120,"height":100,"caption":"3B Biotech"},"image":{"@id":"https:\/\/3bbiotech.com\/de\/#\/schema\/logo\/image\/"}}]}},"_links":{"self":[{"href":"https:\/\/3bbiotech.com\/de\/wp-json\/wp\/v2\/pages\/2814","targetHints":{"allow":["GET"]}}],"collection":[{"href":"https:\/\/3bbiotech.com\/de\/wp-json\/wp\/v2\/pages"}],"about":[{"href":"https:\/\/3bbiotech.com\/de\/wp-json\/wp\/v2\/types\/page"}],"author":[{"embeddable":true,"href":"https:\/\/3bbiotech.com\/de\/wp-json\/wp\/v2\/users\/1"}],"replies":[{"embeddable":true,"href":"https:\/\/3bbiotech.com\/de\/wp-json\/wp\/v2\/comments?post=2814"}],"version-history":[{"count":5,"href":"https:\/\/3bbiotech.com\/de\/wp-json\/wp\/v2\/pages\/2814\/revisions"}],"predecessor-version":[{"id":2872,"href":"https:\/\/3bbiotech.com\/de\/wp-json\/wp\/v2\/pages\/2814\/revisions\/2872"}],"wp:attachment":[{"href":"https:\/\/3bbiotech.com\/de\/wp-json\/wp\/v2\/media?parent=2814"}],"wp:term":[{"taxonomy":"category","embeddable":true,"href":"https:\/\/3bbiotech.com\/de\/wp-json\/wp\/v2\/categories?post=2814"},{"taxonomy":"post_tag","embeddable":true,"href":"https:\/\/3bbiotech.com\/de\/wp-json\/wp\/v2\/tags?post=2814"}],"curies":[{"name":"wp","href":"https:\/\/api.w.org\/{rel}","templated":true}]}}